{"id":8747,"date":"2016-09-21T23:04:11","date_gmt":"2016-09-21T23:04:11","guid":{"rendered":"http:\/\/cosmeticdentistcostarica.com\/es\/?page_id=8747"},"modified":"2021-04-22T21:57:56","modified_gmt":"2021-04-22T21:57:56","slug":"testimonios-de-pacientes","status":"publish","type":"page","link":"https:\/\/www.advancedentalcostarica.com\/es\/testimonios-de-pacientes\/","title":{"rendered":"Testimonios de Pacientes"},"content":{"rendered":"<div class=\"blockquote-list\"><blockquote class='clearfix small simple'><div class='quote-text'><div class=\"quote-content\"><div id=\"jeff-lawrence\">\r\n<h2>Si Usted elige Advance Dental Costa Rica para su trabajo dental, estoy seguro de que estar\u00e1 tan complacido como yo. Recomiendo al Dr. Brenes sin reservas.<\/h2>\r\n<em>\"Mis dientes siempre han sido d\u00e9biles y varios a\u00f1os de problemas dentales, me dejaron con una boca que siempre me molest\u00f3. Los dientes y las coronas agrietadas me provocaban infecciones recurrentes y grandes gastos dentales cada a\u00f1o. En 2018, al necesitar cuatro coronas nuevas y dos implantes nuevos, decid\u00ed probar Advance Dental Costa Rica, basado en la residencia del Dr. Brenes en restauraci\u00f3n oral en California y \u00e9l me impresion\u00f3 desde el principio. Fue informado, amable y paciente al responder todas mis preguntas. Se\u00f1al\u00f3 que los problemas que estaba teniendo con mis dientes restantes podr\u00edan abordarse con una restauraci\u00f3n de boca completa. Como me inspiraba confianza, eleg\u00ed esa opci\u00f3n. Estoy escribiendo este relato para cualquiera que est\u00e9 considerando al Dr. Brenes para tal procedimiento.<br><br>\r\n\r\nUna restauraci\u00f3n de boca completa es innegablemente cara, pero cuesta mucho menos en Costa Rica que en los EE. UU. En mi caso, los honorarios dentales, los gastos de viaje y el alojamiento ascendieron a menos de la mitad de lo que habr\u00eda pagado en casa. Adem\u00e1s, Costa Rica es un gran lugar para visitar, con su esplendor natural, su fascinante historia y su gente amable. Ojal\u00e1 el Dr. Brenes hubiera puesto su oficina m\u00e1s cerca de la playa, pero los d\u00edas de laboratorio mientras esperaba que se hicieran las coronas me permitieron intentar surfear en mi primera visita y estudiar espa\u00f1ol en la segunda.<br><br>\r\n\r\nAdem\u00e1s, una restauraci\u00f3n de boca completa implica muchas horas inc\u00f3modas de preparar dientes viejos para coronas, pero el Dr. Brenes y su personal lo hicieron lo m\u00e1s c\u00f3modo posible. Para m\u00ed, la parte m\u00e1s dif\u00edcil fue acostumbrarme a sentir los dientes nuevos despu\u00e9s. El Dr. Brenes me aconsej\u00f3 correctamente que le diera tiempo y las molestias desaparecieron despu\u00e9s de un par de meses cuando me acostumbr\u00e9 a tener dientes funcionales.<br><br>\r\n\r\nAhora, m\u00e1s de un a\u00f1o despu\u00e9s, estoy completamente encantado. Despu\u00e9s de d\u00e9cadas de constantes problemas dentales, mis nuevos dientes se sienten s\u00f3lidos, funcionan perfectamente y se ven muy bien. Ahora solo pienso en ellos cuando los veo en un espejo, \u00a1y sonr\u00edo!\"<\/em>\r\n<div class=\"only-title\"><strong class='quote-title'><span class='the-title'>Jeff Lawrence<\/span><\/strong><\/div><\/div><\/div><\/blockquote><blockquote class='clearfix small simple'><div class='quote-text'><div class=\"quote-content\"><div id=\"ben-gregg\">\r\n<h2>\u00a1Una experiencia asombrosa! Realmente agradecido e impresionado por la excelente atenci\u00f3n de alta calidad que recib\u00ed en Advance Dental.<\/h2>\r\n<em>\"El Dr. Eugenio Brenes es un verdadero profesional: altamente capacitado, talentoso, paciente y un ser humano genuinamente solidario. Realmente se tom\u00f3 el tiempo para asegurarse de que entendiera nuestras opciones en cada paso del camino (incluso yendo tan lejos como para dibujar de qu\u00e9 estaba hablando en un papel solo para asegurarse de que entendiera lo que estaba diciendo, aunque habla ingl\u00e9s fluido). Sin embargo, tambi\u00e9n me sent\u00ed respetado y libre de elegir el camino que quer\u00eda seguir en funci\u00f3n de las diversas opciones que present\u00f3.<br><br>\r\n\r\nA modo de antecedentes: soy de Boston, Massachusetts en los EE. UU., y el Periodoncista al que me hab\u00eda referido mi dentista local me recomend\u00f3 extraer 3 de mis dientes frontales y reemplazarlos con implantes. Estaba inclinado a seguirlo, pero despu\u00e9s de escuchar sobre Advance Dental Costa Rica y contactarlos, respondieron que, seg\u00fan mis radiograf\u00edas, estaban seguros de que realmente podr\u00edan salvarme los dientes, \u00a1y lo hicieron! Estoy muy agradecido de haber dado el salto de f\u00e9 y haber hecho el viaje, vali\u00f3 la pena.<br><br>\r\n\r\nAdem\u00e1s del Dr. Brenes, todos los dem\u00e1s con los que interactu\u00e9 en Advance Dental, desde Andrea Acosta (con quien mantuve correspondencia antes, durante y despu\u00e9s de mi visita y quien tambi\u00e9n program\u00f3 todos mis procedimientos) hasta la Dra. M\u00f3nica Fabi\u00e1n (Odont\u00f3loga que estaba all\u00ed para recibirme todos los d\u00edas), el Dr. Samir Tiapa (el incre\u00edble Endodoncista que me hizo los tratamientos de conducto) y la Dra. Rossie Brender (la Periodoncista que me ayud\u00f3 a abrir y luego coser el paladar y las enc\u00edas, con suturas tan finas que apenas pod\u00eda sentirlas), as\u00ed como sus asistentes, todos fueron genuinamente c\u00e1lidos y profesionales (y eso fue a pesar de que todos llevaban trajes y m\u00e1scaras debido a COVID). Realmente sent\u00ed que estaba recibiendo la mejor atenci\u00f3n posible y ten\u00eda la mayor confianza en que todo lo que hicieron fue completamente pensado para producir los mejores resultados posibles. Recomiendo encarecidamente a este equipo y, de hecho, planeo volver para trabajar a\u00fan m\u00e1s el pr\u00f3ximo oto\u00f1o (algunas coronas), \u00a1ya que no puedo imaginar un equipo mejor y m\u00e1s calificado!<br><br>\r\n\r\nSu oficina, equipo y procedimientos son de clase mundial (adem\u00e1s, tienen todo lo que necesitan en el lugar). Tambi\u00e9n vale la pena mencionar que todos hablan ingl\u00e9s con fluidez y su oficina est\u00e1 en el exclusivo barrio de Escaz\u00fa en San Jos\u00e9, rodeado de tiendas, restaurantes y hoteles de alta gama (sin mencionar el Starbucks al que iba todos los d\u00edas), por lo que incluso viniendo de Estados Unidos, me sent\u00ed como en casa todo el tiempo.\"<\/em>\r\n<div class=\"only-title\"><strong class='quote-title'><span class='the-title'>Ben Gregg<\/span><\/strong><\/div><\/div><\/div><\/blockquote><blockquote class='clearfix small simple'><div class='quote-text'><div class=\"quote-content\"><em>Estoy escribiendo esta carta en agradecimiento al Dr. Brenes. He sido una de sus pacientes desde el 2005, en el tiempo que he sido su paciente, he sido tratada con amabilidad, profesionalismo y cortes\u00eda.<\/em>\r\n\r\n<em>El es una persona cuidadosa, se asegura que uno no sienta dolor y que uno se encuentre satisfecho, lo cual es muy importante para m\u00ed. Mis dientes eran un desastre antes que el Dr. Brenes empezara a trabajar en ellos, ha sido un largo proceso pero ha valido la pena, estoy muy orgullosa de c\u00f3mo se ven ahora mis dientes gracias al Dr. Brenes.<\/em>\r\n\r\n<em>Le agradezco todos los servicios que me ha brindado.<\/em>\r\n\r\n<em>A todas las personas que me preguntan sobre mis dientes, lo he recomendado altamente debito a que su trabajo es excelente. El Dr. Brenes es una de las personas m\u00e1s agradables que uno quisiera conocer, tuve mucha suerte de haberlo encontrado para que trabajara en mis dientes, tiene mis m\u00e1s grandes agradecimientos, en mi opini\u00f3n es \u00fanico. No puedo terminar de decir cosas buenas de \u00e9l, le deseo lo mejor porque es el mejor.<\/em>\r\n\r\n<em>Muchas Gracias,<\/em><div class=\"only-title\"><strong class='quote-title'><span class='the-title'>Trudy Furtado<\/span><\/strong><\/div><\/div><\/div><\/blockquote><blockquote class='clearfix small simple'><div class='quote-text'><div class=\"quote-content\"><em>Muy agradecida con usted Dr. Brenes. Espero que siempre sepa lo que usted significa para todos aquellas personas a las cuales a lo largo del camino ha tocado sus vidas.<\/em>\r\n\r\n<em>Que usted sepa que las sonrisas felices que ve y las risas que escucha\u2026<\/em>\r\n<em>\u2026 Son las gracias que las palabras solas nunca pueden decir.<\/em>\r\n\r\n<em>Dr. Brenes, solamente le quiero decir cuanto agradezco su duro trabajo, y su cuidadoso trato. He visitado tantos dentistas en mi vida, pero ninguno tan considerado como usted. Le deseo todo el \u00e9xito del mundo!<\/em><div class=\"only-title\"><strong class='quote-title'><span class='the-title'>Oleta<\/span><\/strong><\/div><\/div><\/div><\/blockquote><blockquote class='clearfix small simple'><div class='quote-text'><div class=\"quote-content\"><em>Durante los \u00faltimos dieciocho meses he sido tratada en L.L.U.S.D. por el Dr. Brenes. Desde el inicio del tratamiento, supe que habido sido muy afortunada por haber sido asignada a un hombre cuidadoso, considerado y compasivo.<br \/><br \/>\r\n\r\nSiempre me ha mantenido al d\u00eda y me ha dado todas las debidas explicaciones para asegurarse que entiendo completamente y estoy de acuerdo con el plan de tratamiento. Inicialmente pens\u00e9 que al ser tratada en la escuela dental iba a tener un trato general e impersonal, pero el Dr. Brenes hizo de esta experiencia totalmente lo contrario. \u00c9l es una persona  de la cual hay que aprovechar toda su experiencia ya que siempre esta en disposici\u00f3n de aclarar cualquier pregunta o duda por m\u00e1s peque\u00f1a que sea, siempre manteniendo un alto grado de profesionalismo.<br \/><br \/>\r\n\r\nSiempre les he tenido fobia a los dentistas, pero el Dr. Brenes hizo que esta situaci\u00f3n cambiara. \u00c9l es una persona paciente y se asegura que todos los procedimientos que realiza sean indoloros. Sus conocimientos, entusiasmo, paciencia y la manera segura en que atiende a sus pacientes hacen que uno disfrute de las citas. \u00c9l es una persona muy especial y tiene una manera \u00fanica de tratarme, sabiendo que \u00e9l siempre asegurar\u00e1 los mejores resultados para m\u00ed. \u00c9l ha cumplido con m\u00e1s de lo que yo he podido esperar  y me siento privilegiada de que el Dr. Brenes haya trabajado en mi caso. Le deseo los mejores de los \u00e9xitos a lo largo de su vida profesional.<br \/><br \/>\r\n\r\nMuy agradecida con usted ... <\/em>\r\n\r\n <div class=\"only-title\"><strong class='quote-title'><span class='the-title'>Julia Smeirat<\/span><\/strong><\/div><\/div><\/div><\/blockquote><blockquote class='clearfix small simple'><div class='quote-text'><div class=\"quote-content\"><em>\r\n\"Querido Eugenio, <\/em>\r\n\r\n<em>Gracias por sus tratamientos y cuidados como Prostodoncista y por su amistad. Usted es una especial y maravillosa persona.\"<\/em><div class=\"only-title\"><strong class='quote-title'><span class='the-title'>Nancy Zyback<\/span><\/strong><\/div><\/div><\/div><\/blockquote><blockquote class='clearfix small simple'><div class='quote-text'><div class=\"quote-content\"><em>\"Hola! Me realizaron extracci\u00f3n de dos cordales y estoy muy contenta con el resultado de este procedimiento. El trato y profesionalismo del personal es excelente. Estuvieron pendientes de mi avance en todo momento. Los recomiendo!\"<\/em><div class=\"only-title\"><strong class='quote-title'><span class='the-title'>Margarita A.<\/span><\/strong><\/div><\/div><\/div><\/blockquote><blockquote class='clearfix small simple'><div class='quote-text'><div class=\"quote-content\"><em>\"No puedo comenzar a decir lo feliz que estoy y el excelente dentista que es el Dr. Brenes. \u00c9l se sienta con uno y le explica cada detalle involucrado en su plan de tratamiento. El Dr. Brenes y su personal brindan servicios de clase mundial y con la m\u00e1s alta tecnolog\u00eda.\"<\/em><div class=\"only-title\"><strong class='quote-title'><span class='the-title'>Daniel K.<\/span><\/strong><\/div><\/div><\/div><\/blockquote><blockquote class='clearfix small simple'><div class='quote-text'><div class=\"quote-content\"><em>\"El Dr. Brenes es sobresaliente. Pero debo agregar que el Dr. Tiapa y los dem\u00e1s asociados con la cl\u00ednica son igualmente profesionales, calificados e iguales o mejores de lo que he experimentado en los Estados Unidos. Tambi\u00e9n me sorprendi\u00f3 gratamente lo agradable que era la ubicaci\u00f3n. Encontramos a todos muy amables y serviciales.\"<\/em><div class=\"only-title\"><strong class='quote-title'><span class='the-title'>Jim B.<\/span><\/strong><\/div><\/div><\/div><\/blockquote><blockquote class='clearfix small simple'><div class='quote-text'><div class=\"quote-content\"><em>\"Me impresion\u00f3 el Dr. Brenes desde nuestra primera conversaci\u00f3n. El enfoque siempre estuvo en mi cuidado dental. Se tom\u00f3 m\u00e1s tiempo conmigo que cualquier dentista (que he conocido) para analizar mi situaci\u00f3n. M\u00e1s que simplemente ser amable y enfocado en el paciente, est\u00e1 extremadamente bien calificado. Cuando revisan la p\u00e1gina web de Advance Dental, ver\u00e1n que todo el personal est\u00e1 muy bien calificado y enfocado en el paciente.\"<\/em><div class=\"only-title\"><strong class='quote-title'><span class='the-title'>Michael P.<\/span><\/strong><\/div><\/div><\/div><\/blockquote><blockquote class='clearfix small simple'><div class='quote-text'><div class=\"quote-content\"><em>\"Dr. Brenes es por mucho el mejor dentista que me ha atendido.\"<\/em><div class=\"only-title\"><strong class='quote-title'><span class='the-title'>Ronnie B.<\/span><\/strong><\/div><\/div><\/div><\/blockquote><blockquote class='clearfix small simple'><div class='quote-text'><div class=\"quote-content\"><em>\"El servicio es excelente, las instalaciones son muy agradables y los profesionales son de primera calidad. El precio esta acorde al servicio, me gusto mucho la puntualidad de mis citas y las de toda mi familia.\"<\/em><div class=\"only-title\"><strong class='quote-title'><span class='the-title'>Susana J.<\/span><\/strong><\/div><\/div><\/div><\/blockquote><\/div>\n","protected":false},"excerpt":{"rendered":"<p>&#8220;El servicio es excelente, las instalaciones son muy agradables y los profesionales son de primera calidad. El precio esta acorde al servicio, me gusto mucho la puntualidad de mis citas y las de toda mi familia.&#8221;<\/p>\n","protected":false},"author":1,"featured_media":0,"parent":0,"menu_order":0,"comment_status":"closed","ping_status":"open","template":"","meta":{"footnotes":""},"class_list":["post-8747","page","type-page","status-publish"],"yoast_head":"<!-- This site is optimized with the Yoast SEO plugin v27.4 - https:\/\/yoast.com\/product\/yoast-seo-wordpress\/ -->\n<title>Testimonios de Pacientes - Advance Dental Costa Rica<\/title>\n<meta name=\"robots\" content=\"index, follow, max-snippet:-1, max-image-preview:large, max-video-preview:-1\" \/>\n<link rel=\"canonical\" href=\"https:\/\/www.advancedentalcostarica.com\/es\/testimonios-de-pacientes\/\" \/>\n<meta property=\"og:locale\" content=\"es_ES\" \/>\n<meta property=\"og:type\" content=\"article\" \/>\n<meta property=\"og:title\" content=\"Testimonios de Pacientes - Advance Dental Costa Rica\" \/>\n<meta property=\"og:description\" content=\"&#8220;El servicio es excelente, las instalaciones son muy agradables y los profesionales son de primera calidad. El precio esta acorde al servicio, me gusto mucho la puntualidad de mis citas y las de toda mi familia.&#8221;\" \/>\n<meta property=\"og:url\" content=\"https:\/\/www.advancedentalcostarica.com\/es\/testimonios-de-pacientes\/\" \/>\n<meta property=\"og:site_name\" content=\"Advance Dental Costa Rica\" \/>\n<meta property=\"article:modified_time\" content=\"2021-04-22T21:57:56+00:00\" \/>\n<meta name=\"twitter:label1\" content=\"Est. reading time\" \/>\n\t<meta name=\"twitter:data1\" content=\"1 minuto\" \/>\n<script type=\"application\/ld+json\" class=\"yoast-schema-graph\">{\"@context\":\"https:\\\/\\\/schema.org\",\"@graph\":[{\"@type\":\"WebPage\",\"@id\":\"https:\\\/\\\/www.advancedentalcostarica.com\\\/es\\\/testimonios-de-pacientes\\\/\",\"url\":\"https:\\\/\\\/www.advancedentalcostarica.com\\\/es\\\/testimonios-de-pacientes\\\/\",\"name\":\"Testimonios de Pacientes - Advance Dental Costa Rica\",\"isPartOf\":{\"@id\":\"https:\\\/\\\/advancedentalcostarica.com\\\/#website\"},\"datePublished\":\"2016-09-21T23:04:11+00:00\",\"dateModified\":\"2021-04-22T21:57:56+00:00\",\"breadcrumb\":{\"@id\":\"https:\\\/\\\/www.advancedentalcostarica.com\\\/es\\\/testimonios-de-pacientes\\\/#breadcrumb\"},\"inLanguage\":\"es-CR\",\"potentialAction\":[{\"@type\":\"ReadAction\",\"target\":[\"https:\\\/\\\/www.advancedentalcostarica.com\\\/es\\\/testimonios-de-pacientes\\\/\"]}]},{\"@type\":\"BreadcrumbList\",\"@id\":\"https:\\\/\\\/www.advancedentalcostarica.com\\\/es\\\/testimonios-de-pacientes\\\/#breadcrumb\",\"itemListElement\":[{\"@type\":\"ListItem\",\"position\":1,\"name\":\"Home\",\"item\":\"https:\\\/\\\/www.advancedentalcostarica.com\\\/es\\\/\"},{\"@type\":\"ListItem\",\"position\":2,\"name\":\"Testimonios de Pacientes\"}]},{\"@type\":\"WebSite\",\"@id\":\"https:\\\/\\\/advancedentalcostarica.com\\\/#website\",\"url\":\"https:\\\/\\\/advancedentalcostarica.com\\\/\",\"name\":\"Advance Dental Costa Rica\",\"description\":\"Dental Costs in Costa Rica - Procedures Prices\",\"potentialAction\":[{\"@type\":\"SearchAction\",\"target\":{\"@type\":\"EntryPoint\",\"urlTemplate\":\"https:\\\/\\\/advancedentalcostarica.com\\\/?s={search_term_string}\"},\"query-input\":{\"@type\":\"PropertyValueSpecification\",\"valueRequired\":true,\"valueName\":\"search_term_string\"}}],\"inLanguage\":\"es-CR\"}]}<\/script>\n<!-- \/ Yoast SEO plugin. -->","yoast_head_json":{"title":"Testimonios de Pacientes - Advance Dental Costa Rica","robots":{"index":"index","follow":"follow","max-snippet":"max-snippet:-1","max-image-preview":"max-image-preview:large","max-video-preview":"max-video-preview:-1"},"canonical":"https:\/\/www.advancedentalcostarica.com\/es\/testimonios-de-pacientes\/","og_locale":"es_ES","og_type":"article","og_title":"Testimonios de Pacientes - Advance Dental Costa Rica","og_description":"&#8220;El servicio es excelente, las instalaciones son muy agradables y los profesionales son de primera calidad. El precio esta acorde al servicio, me gusto mucho la puntualidad de mis citas y las de toda mi familia.&#8221;","og_url":"https:\/\/www.advancedentalcostarica.com\/es\/testimonios-de-pacientes\/","og_site_name":"Advance Dental Costa Rica","article_modified_time":"2021-04-22T21:57:56+00:00","twitter_misc":{"Est. reading time":"1 minuto"},"schema":{"@context":"https:\/\/schema.org","@graph":[{"@type":"WebPage","@id":"https:\/\/www.advancedentalcostarica.com\/es\/testimonios-de-pacientes\/","url":"https:\/\/www.advancedentalcostarica.com\/es\/testimonios-de-pacientes\/","name":"Testimonios de Pacientes - Advance Dental Costa Rica","isPartOf":{"@id":"https:\/\/advancedentalcostarica.com\/#website"},"datePublished":"2016-09-21T23:04:11+00:00","dateModified":"2021-04-22T21:57:56+00:00","breadcrumb":{"@id":"https:\/\/www.advancedentalcostarica.com\/es\/testimonios-de-pacientes\/#breadcrumb"},"inLanguage":"es-CR","potentialAction":[{"@type":"ReadAction","target":["https:\/\/www.advancedentalcostarica.com\/es\/testimonios-de-pacientes\/"]}]},{"@type":"BreadcrumbList","@id":"https:\/\/www.advancedentalcostarica.com\/es\/testimonios-de-pacientes\/#breadcrumb","itemListElement":[{"@type":"ListItem","position":1,"name":"Home","item":"https:\/\/www.advancedentalcostarica.com\/es\/"},{"@type":"ListItem","position":2,"name":"Testimonios de Pacientes"}]},{"@type":"WebSite","@id":"https:\/\/advancedentalcostarica.com\/#website","url":"https:\/\/advancedentalcostarica.com\/","name":"Advance Dental Costa Rica","description":"Dental Costs in Costa Rica - Procedures Prices","potentialAction":[{"@type":"SearchAction","target":{"@type":"EntryPoint","urlTemplate":"https:\/\/advancedentalcostarica.com\/?s={search_term_string}"},"query-input":{"@type":"PropertyValueSpecification","valueRequired":true,"valueName":"search_term_string"}}],"inLanguage":"es-CR"}]}},"_links":{"self":[{"href":"https:\/\/www.advancedentalcostarica.com\/es\/wp-json\/wp\/v2\/pages\/8747","targetHints":{"allow":["GET"]}}],"collection":[{"href":"https:\/\/www.advancedentalcostarica.com\/es\/wp-json\/wp\/v2\/pages"}],"about":[{"href":"https:\/\/www.advancedentalcostarica.com\/es\/wp-json\/wp\/v2\/types\/page"}],"author":[{"embeddable":true,"href":"https:\/\/www.advancedentalcostarica.com\/es\/wp-json\/wp\/v2\/users\/1"}],"replies":[{"embeddable":true,"href":"https:\/\/www.advancedentalcostarica.com\/es\/wp-json\/wp\/v2\/comments?post=8747"}],"version-history":[{"count":9,"href":"https:\/\/www.advancedentalcostarica.com\/es\/wp-json\/wp\/v2\/pages\/8747\/revisions"}],"predecessor-version":[{"id":11671,"href":"https:\/\/www.advancedentalcostarica.com\/es\/wp-json\/wp\/v2\/pages\/8747\/revisions\/11671"}],"wp:attachment":[{"href":"https:\/\/www.advancedentalcostarica.com\/es\/wp-json\/wp\/v2\/media?parent=8747"}],"curies":[{"name":"wp","href":"https:\/\/api.w.org\/{rel}","templated":true}]}}