{"id":8729,"date":"2016-09-21T02:28:04","date_gmt":"2016-09-21T02:28:04","guid":{"rendered":"http:\/\/cosmeticdentistcostarica.com\/es\/?page_id=8729"},"modified":"2022-03-04T16:31:04","modified_gmt":"2022-03-04T16:31:04","slug":"evaluaciones-y-limpiezas","status":"publish","type":"page","link":"https:\/\/www.advancedentalcostarica.com\/es\/evaluaciones-y-limpiezas\/","title":{"rendered":"Evaluaciones y Limpiezas Dentales"},"content":{"rendered":"<div class=\"wpb-content-wrapper\"><p>[vc_row][vc_column][vc_column_text]<\/p>\n<h2>Evaluaciones Dentales<\/h2>\n<p>La evaluaci\u00f3n dental es la primera cita y una de las m\u00e1s importantes, ya que es donde se confirma tu plan de tratamiento. Inicia con el Paciente sent\u00e1ndose a conversar con nuestros Doctores, para que los mismos puedan conocer sus expectativas y necesidades. Aseg\u00farese de decirles lo que est\u00e1 buscando, ya que, en esta etapa preliminar, entre m\u00e1s informaci\u00f3n tengan nuestros m\u00e9dicos sobre Usted, mejor.<\/p>\n<p><img loading=\"lazy\" decoding=\"async\" class=\"aligncenter size-full wp-image-11319\" src=\"https:\/\/advancedentalcostarica.com\/wp-content\/uploads\/2021\/01\/evaluaciones-y-limpiezas-dentales-costa-rica-420x315-1.jpg\" alt=\"Evaluaciones y Limpiezas Dentales en Costa Rica\" width=\"420\" height=\"315\" srcset=\"https:\/\/www.advancedentalcostarica.com\/wp-content\/uploads\/2021\/01\/evaluaciones-y-limpiezas-dentales-costa-rica-420x315-1.jpg 420w, https:\/\/www.advancedentalcostarica.com\/wp-content\/uploads\/2021\/01\/evaluaciones-y-limpiezas-dentales-costa-rica-420x315-1-300x225.jpg 300w, https:\/\/www.advancedentalcostarica.com\/wp-content\/uploads\/2021\/01\/evaluaciones-y-limpiezas-dentales-costa-rica-420x315-1-360x270.jpg 360w, https:\/\/www.advancedentalcostarica.com\/wp-content\/uploads\/2021\/01\/evaluaciones-y-limpiezas-dentales-costa-rica-420x315-1-262x197.jpg 262w\" sizes=\"auto, (max-width: 420px) 100vw, 420px\" \/><\/p>\n<p>Adem\u00e1s de un examen oral completo, durante esta cita se toman radiograf\u00edas digitales y fotograf\u00edas, y tanto el Paciente como nuestro Especialista trabajan juntos en el dise\u00f1o de una sonrisa.<\/p>\n<p>Queremos que se sienta c\u00f3modo y que comprenda todos los pasos que ser\u00e1n necesarios para lograr la sonrisa de sus sue\u00f1os.<\/p>\n<p>Una fuerte creencia aqu\u00ed en Advance Dental Costa Rica es que la mejor odontolog\u00eda es la no odontolog\u00eda. Por tanto, ver\u00e1 que nuestros Doctores le recomendar\u00e1n exactamente lo que necesita: nada m\u00e1s y nada menos. Si hay diferentes opciones para abordar una inquietud dental, se las presentar\u00e1n y le explicar\u00e1n las ventajas y limitaciones de cada una. Para que, juntos, tanto el Paciente como el Doctor puedan tomar la mejor decisi\u00f3n.<\/p>\n<p>Podr\u00e1 saber desde el d\u00eda 1, en la evaluaci\u00f3n, cu\u00e1n comprometido est\u00e1 todo nuestro personal para ayudarlo a tener una comprensi\u00f3n clara de los procedimientos, cu\u00e1ntas citas ser\u00e1n necesarias y qu\u00e9 esperar del proceso completo.<\/p>\n<p>Si est\u00e1 buscando hacerse un trabajo dental, le recomendamos comenzar programando su evaluaci\u00f3n primero.<\/p>\n<h2>Limpieza Dental<\/h2>\n<p>&nbsp;<\/p>\n<div class=\"wpv-video-frame\"><iframe loading=\"lazy\" title=\"Limpieza Dental - Advance Dental Costa Rica\" width=\"1260\" height=\"709\" src=\"https:\/\/www.youtube.com\/embed\/71ByrijNliE?feature=oembed\" frameborder=\"0\" allow=\"accelerometer; autoplay; clipboard-write; encrypted-media; gyroscope; picture-in-picture\" allowfullscreen><\/iframe><\/div>\n<p>&nbsp;<\/p>\n<p>En Advance Dental Costa Rica, las limpiezas dentales, o como nos gusta llamarlas &#8220;Profilaxis Avanzada&#8221;, son un procedimiento indoloro que se puede completar en 1 hora o menos.<\/p>\n<p>Utilizamos un mini piez\u00f3n, lo \u00faltimo en tecnolog\u00eda, que desprende toda la placa del diente, por lo que se eliminan todas las bacterias del esmalte. Este procedimiento va seguido de un proceso de pulido para garantizar que el esmalte dental se aclare.<\/p>\n<p>Este procedimiento es ideal si lo que buscases eliminar las manchas provocadas por alimentos y bebidas. Se recomienda que se realice un procedimiento de limpieza dental completo cada 6 meses.<\/p>\n<h2>Beneficios de las Limpiezas Dentales<\/h2>\n<p>&nbsp;<\/p>\n<div class=\"wpv-video-frame\"><iframe loading=\"lazy\" title=\"Beneficios de las Limpiezas Dentales - Advance Dental Costa Rica\" width=\"1260\" height=\"709\" src=\"https:\/\/www.youtube.com\/embed\/61kvXGGT5-M?feature=oembed\" frameborder=\"0\" allow=\"accelerometer; autoplay; clipboard-write; encrypted-media; gyroscope; picture-in-picture\" allowfullscreen><\/iframe><\/div>\n<p>&nbsp;<\/p>\n<h2>Importancia de las Limpiezas Dentales<\/h2>\n<p>&nbsp;<\/p>\n<div class=\"wpv-video-frame\"><iframe loading=\"lazy\" title=\"Importancia de las Limpiezas Dentales - Advance Dental Costa Rica\" width=\"1260\" height=\"709\" src=\"https:\/\/www.youtube.com\/embed\/OAHa9h8BCYU?feature=oembed\" frameborder=\"0\" allow=\"accelerometer; autoplay; clipboard-write; encrypted-media; gyroscope; picture-in-picture\" allowfullscreen><\/iframe><\/div>\n<p>&nbsp;<\/p>\n<p>Si tiene alguna pregunta sobre nuestros procedimientos de limpieza de dientes en Costa Rica y \/ o nuestras evaluaciones dentales, no dude en contactarnos &#8211; <a href=\"https:\/\/advancedentalcostarica.com\/es\/contacto\/\">Aqu\u00ed<\/a> &#8211;<\/p>\n\t\t<h2 class=\"text-divider-double\">\t\t\t\nFotos Antes y Despu\u00e9s\t\t<\/h2>\t\t<div class=\"sep\"><\/div>\t\n<p><img loading=\"lazy\" decoding=\"async\" class=\"aligncenter size-full wp-image-12455\" src=\"https:\/\/advancedentalcostarica.com\/wp-content\/uploads\/2022\/03\/limpieza-dental-antes-despues-2-820x190-1.jpg\" alt=\"Limpieza Dental Antes y Despu\u00e9s\" width=\"820\" height=\"190\" srcset=\"https:\/\/www.advancedentalcostarica.com\/wp-content\/uploads\/2022\/03\/limpieza-dental-antes-despues-2-820x190-1.jpg 820w, https:\/\/www.advancedentalcostarica.com\/wp-content\/uploads\/2022\/03\/limpieza-dental-antes-despues-2-820x190-1-300x70.jpg 300w, https:\/\/www.advancedentalcostarica.com\/wp-content\/uploads\/2022\/03\/limpieza-dental-antes-despues-2-820x190-1-600x139.jpg 600w, https:\/\/www.advancedentalcostarica.com\/wp-content\/uploads\/2022\/03\/limpieza-dental-antes-despues-2-820x190-1-555x129.jpg 555w, https:\/\/www.advancedentalcostarica.com\/wp-content\/uploads\/2022\/03\/limpieza-dental-antes-despues-2-820x190-1-360x83.jpg 360w, https:\/\/www.advancedentalcostarica.com\/wp-content\/uploads\/2022\/03\/limpieza-dental-antes-despues-2-820x190-1-262x61.jpg 262w\" sizes=\"auto, (max-width: 820px) 100vw, 820px\" \/><\/p>\n<p><img loading=\"lazy\" decoding=\"async\" class=\"aligncenter size-full wp-image-12457\" src=\"https:\/\/advancedentalcostarica.com\/wp-content\/uploads\/2022\/03\/limpieza-dental-antes-despues-820x190-1.jpg\" alt=\"Limpieza Dental Antes y Despu\u00e9s\" width=\"820\" height=\"190\" srcset=\"https:\/\/www.advancedentalcostarica.com\/wp-content\/uploads\/2022\/03\/limpieza-dental-antes-despues-820x190-1.jpg 820w, https:\/\/www.advancedentalcostarica.com\/wp-content\/uploads\/2022\/03\/limpieza-dental-antes-despues-820x190-1-300x70.jpg 300w, https:\/\/www.advancedentalcostarica.com\/wp-content\/uploads\/2022\/03\/limpieza-dental-antes-despues-820x190-1-600x139.jpg 600w, https:\/\/www.advancedentalcostarica.com\/wp-content\/uploads\/2022\/03\/limpieza-dental-antes-despues-820x190-1-555x129.jpg 555w, https:\/\/www.advancedentalcostarica.com\/wp-content\/uploads\/2022\/03\/limpieza-dental-antes-despues-820x190-1-360x83.jpg 360w, https:\/\/www.advancedentalcostarica.com\/wp-content\/uploads\/2022\/03\/limpieza-dental-antes-despues-820x190-1-262x61.jpg 262w\" sizes=\"auto, (max-width: 820px) 100vw, 820px\" \/><\/p>\n<p>[\/vc_column_text][\/vc_column][\/vc_row]<\/p>\n<\/div>","protected":false},"excerpt":{"rendered":"<p>[vc_row][vc_column][vc_column_text] Evaluaciones Dentales La evaluaci\u00f3n dental es la primera cita y una de las m\u00e1s importantes, ya que es donde se confirma tu plan de tratamiento. Inicia con el Paciente sent\u00e1ndose a conversar con nuestros Doctores, para que los mismos puedan conocer sus expectativas y necesidades. Aseg\u00farese de decirles lo que est\u00e1 buscando, ya que,&#8230;<\/p>\n","protected":false},"author":1,"featured_media":0,"parent":0,"menu_order":12,"comment_status":"closed","ping_status":"closed","template":"","meta":{"footnotes":""},"class_list":["post-8729","page","type-page","status-publish"],"yoast_head":"<!-- This site is optimized with the Yoast SEO plugin v27.4 - https:\/\/yoast.com\/product\/yoast-seo-wordpress\/ -->\n<title>Evaluaciones y Limpiezas Dentales - Advance Dental Costa Rica<\/title>\n<meta name=\"robots\" content=\"index, follow, max-snippet:-1, max-image-preview:large, max-video-preview:-1\" \/>\n<link rel=\"canonical\" href=\"https:\/\/www.advancedentalcostarica.com\/costa-rica-teeth-cleaning-dental-evaluations\/\" \/>\n<meta property=\"og:locale\" content=\"es_ES\" \/>\n<meta property=\"og:type\" content=\"article\" \/>\n<meta property=\"og:title\" content=\"Evaluaciones y Limpiezas Dentales - Advance Dental Costa Rica\" \/>\n<meta property=\"og:description\" content=\"[vc_row][vc_column][vc_column_text] Evaluaciones Dentales La evaluaci\u00f3n dental es la primera cita y una de las m\u00e1s importantes, ya que es donde se confirma tu plan de tratamiento. Inicia con el Paciente sent\u00e1ndose a conversar con nuestros Doctores, para que los mismos puedan conocer sus expectativas y necesidades. Aseg\u00farese de decirles lo que est\u00e1 buscando, ya que,...\" \/>\n<meta property=\"og:url\" content=\"https:\/\/www.advancedentalcostarica.com\/costa-rica-teeth-cleaning-dental-evaluations\/\" \/>\n<meta property=\"og:site_name\" content=\"Advance Dental Costa Rica\" \/>\n<meta property=\"article:modified_time\" content=\"2022-03-04T16:31:04+00:00\" \/>\n<meta property=\"og:image\" content=\"https:\/\/advancedentalcostarica.com\/wp-content\/uploads\/2021\/01\/evaluaciones-y-limpiezas-dentales-costa-rica-420x315-1.jpg\" \/>\n<meta name=\"twitter:label1\" content=\"Est. reading time\" \/>\n\t<meta name=\"twitter:data1\" content=\"3 minutos\" \/>\n<script type=\"application\/ld+json\" class=\"yoast-schema-graph\">{\"@context\":\"https:\\\/\\\/schema.org\",\"@graph\":[{\"@type\":\"WebPage\",\"@id\":\"https:\\\/\\\/www.advancedentalcostarica.com\\\/costa-rica-teeth-cleaning-dental-evaluations\\\/\",\"url\":\"https:\\\/\\\/www.advancedentalcostarica.com\\\/costa-rica-teeth-cleaning-dental-evaluations\\\/\",\"name\":\"Evaluaciones y Limpiezas Dentales - Advance Dental Costa Rica\",\"isPartOf\":{\"@id\":\"https:\\\/\\\/advancedentalcostarica.com\\\/#website\"},\"primaryImageOfPage\":{\"@id\":\"https:\\\/\\\/www.advancedentalcostarica.com\\\/costa-rica-teeth-cleaning-dental-evaluations\\\/#primaryimage\"},\"image\":{\"@id\":\"https:\\\/\\\/www.advancedentalcostarica.com\\\/costa-rica-teeth-cleaning-dental-evaluations\\\/#primaryimage\"},\"thumbnailUrl\":\"https:\\\/\\\/advancedentalcostarica.com\\\/wp-content\\\/uploads\\\/2021\\\/01\\\/evaluaciones-y-limpiezas-dentales-costa-rica-420x315-1.jpg\",\"datePublished\":\"2016-09-21T02:28:04+00:00\",\"dateModified\":\"2022-03-04T16:31:04+00:00\",\"breadcrumb\":{\"@id\":\"https:\\\/\\\/www.advancedentalcostarica.com\\\/costa-rica-teeth-cleaning-dental-evaluations\\\/#breadcrumb\"},\"inLanguage\":\"es-CR\",\"potentialAction\":[{\"@type\":\"ReadAction\",\"target\":[\"https:\\\/\\\/www.advancedentalcostarica.com\\\/costa-rica-teeth-cleaning-dental-evaluations\\\/\"]}]},{\"@type\":\"ImageObject\",\"inLanguage\":\"es-CR\",\"@id\":\"https:\\\/\\\/www.advancedentalcostarica.com\\\/costa-rica-teeth-cleaning-dental-evaluations\\\/#primaryimage\",\"url\":\"https:\\\/\\\/advancedentalcostarica.com\\\/wp-content\\\/uploads\\\/2021\\\/01\\\/evaluaciones-y-limpiezas-dentales-costa-rica-420x315-1.jpg\",\"contentUrl\":\"https:\\\/\\\/advancedentalcostarica.com\\\/wp-content\\\/uploads\\\/2021\\\/01\\\/evaluaciones-y-limpiezas-dentales-costa-rica-420x315-1.jpg\"},{\"@type\":\"BreadcrumbList\",\"@id\":\"https:\\\/\\\/www.advancedentalcostarica.com\\\/costa-rica-teeth-cleaning-dental-evaluations\\\/#breadcrumb\",\"itemListElement\":[{\"@type\":\"ListItem\",\"position\":1,\"name\":\"Home\",\"item\":\"https:\\\/\\\/www.advancedentalcostarica.com\\\/es\\\/\"},{\"@type\":\"ListItem\",\"position\":2,\"name\":\"Evaluaciones y Limpiezas Dentales\"}]},{\"@type\":\"WebSite\",\"@id\":\"https:\\\/\\\/advancedentalcostarica.com\\\/#website\",\"url\":\"https:\\\/\\\/advancedentalcostarica.com\\\/\",\"name\":\"Advance Dental Costa Rica\",\"description\":\"Dental Costs in Costa Rica - Procedures Prices\",\"potentialAction\":[{\"@type\":\"SearchAction\",\"target\":{\"@type\":\"EntryPoint\",\"urlTemplate\":\"https:\\\/\\\/advancedentalcostarica.com\\\/?s={search_term_string}\"},\"query-input\":{\"@type\":\"PropertyValueSpecification\",\"valueRequired\":true,\"valueName\":\"search_term_string\"}}],\"inLanguage\":\"es-CR\"}]}<\/script>\n<!-- \/ Yoast SEO plugin. -->","yoast_head_json":{"title":"Evaluaciones y Limpiezas Dentales - Advance Dental Costa Rica","robots":{"index":"index","follow":"follow","max-snippet":"max-snippet:-1","max-image-preview":"max-image-preview:large","max-video-preview":"max-video-preview:-1"},"canonical":"https:\/\/www.advancedentalcostarica.com\/costa-rica-teeth-cleaning-dental-evaluations\/","og_locale":"es_ES","og_type":"article","og_title":"Evaluaciones y Limpiezas Dentales - Advance Dental Costa Rica","og_description":"[vc_row][vc_column][vc_column_text] Evaluaciones Dentales La evaluaci\u00f3n dental es la primera cita y una de las m\u00e1s importantes, ya que es donde se confirma tu plan de tratamiento. Inicia con el Paciente sent\u00e1ndose a conversar con nuestros Doctores, para que los mismos puedan conocer sus expectativas y necesidades. Aseg\u00farese de decirles lo que est\u00e1 buscando, ya que,...","og_url":"https:\/\/www.advancedentalcostarica.com\/costa-rica-teeth-cleaning-dental-evaluations\/","og_site_name":"Advance Dental Costa Rica","article_modified_time":"2022-03-04T16:31:04+00:00","og_image":[{"url":"https:\/\/advancedentalcostarica.com\/wp-content\/uploads\/2021\/01\/evaluaciones-y-limpiezas-dentales-costa-rica-420x315-1.jpg","type":"","width":"","height":""}],"twitter_misc":{"Est. reading time":"3 minutos"},"schema":{"@context":"https:\/\/schema.org","@graph":[{"@type":"WebPage","@id":"https:\/\/www.advancedentalcostarica.com\/costa-rica-teeth-cleaning-dental-evaluations\/","url":"https:\/\/www.advancedentalcostarica.com\/costa-rica-teeth-cleaning-dental-evaluations\/","name":"Evaluaciones y Limpiezas Dentales - Advance Dental Costa Rica","isPartOf":{"@id":"https:\/\/advancedentalcostarica.com\/#website"},"primaryImageOfPage":{"@id":"https:\/\/www.advancedentalcostarica.com\/costa-rica-teeth-cleaning-dental-evaluations\/#primaryimage"},"image":{"@id":"https:\/\/www.advancedentalcostarica.com\/costa-rica-teeth-cleaning-dental-evaluations\/#primaryimage"},"thumbnailUrl":"https:\/\/advancedentalcostarica.com\/wp-content\/uploads\/2021\/01\/evaluaciones-y-limpiezas-dentales-costa-rica-420x315-1.jpg","datePublished":"2016-09-21T02:28:04+00:00","dateModified":"2022-03-04T16:31:04+00:00","breadcrumb":{"@id":"https:\/\/www.advancedentalcostarica.com\/costa-rica-teeth-cleaning-dental-evaluations\/#breadcrumb"},"inLanguage":"es-CR","potentialAction":[{"@type":"ReadAction","target":["https:\/\/www.advancedentalcostarica.com\/costa-rica-teeth-cleaning-dental-evaluations\/"]}]},{"@type":"ImageObject","inLanguage":"es-CR","@id":"https:\/\/www.advancedentalcostarica.com\/costa-rica-teeth-cleaning-dental-evaluations\/#primaryimage","url":"https:\/\/advancedentalcostarica.com\/wp-content\/uploads\/2021\/01\/evaluaciones-y-limpiezas-dentales-costa-rica-420x315-1.jpg","contentUrl":"https:\/\/advancedentalcostarica.com\/wp-content\/uploads\/2021\/01\/evaluaciones-y-limpiezas-dentales-costa-rica-420x315-1.jpg"},{"@type":"BreadcrumbList","@id":"https:\/\/www.advancedentalcostarica.com\/costa-rica-teeth-cleaning-dental-evaluations\/#breadcrumb","itemListElement":[{"@type":"ListItem","position":1,"name":"Home","item":"https:\/\/www.advancedentalcostarica.com\/es\/"},{"@type":"ListItem","position":2,"name":"Evaluaciones y Limpiezas Dentales"}]},{"@type":"WebSite","@id":"https:\/\/advancedentalcostarica.com\/#website","url":"https:\/\/advancedentalcostarica.com\/","name":"Advance Dental Costa Rica","description":"Dental Costs in Costa Rica - Procedures Prices","potentialAction":[{"@type":"SearchAction","target":{"@type":"EntryPoint","urlTemplate":"https:\/\/advancedentalcostarica.com\/?s={search_term_string}"},"query-input":{"@type":"PropertyValueSpecification","valueRequired":true,"valueName":"search_term_string"}}],"inLanguage":"es-CR"}]}},"_links":{"self":[{"href":"https:\/\/www.advancedentalcostarica.com\/es\/wp-json\/wp\/v2\/pages\/8729","targetHints":{"allow":["GET"]}}],"collection":[{"href":"https:\/\/www.advancedentalcostarica.com\/es\/wp-json\/wp\/v2\/pages"}],"about":[{"href":"https:\/\/www.advancedentalcostarica.com\/es\/wp-json\/wp\/v2\/types\/page"}],"author":[{"embeddable":true,"href":"https:\/\/www.advancedentalcostarica.com\/es\/wp-json\/wp\/v2\/users\/1"}],"replies":[{"embeddable":true,"href":"https:\/\/www.advancedentalcostarica.com\/es\/wp-json\/wp\/v2\/comments?post=8729"}],"version-history":[{"count":8,"href":"https:\/\/www.advancedentalcostarica.com\/es\/wp-json\/wp\/v2\/pages\/8729\/revisions"}],"predecessor-version":[{"id":12459,"href":"https:\/\/www.advancedentalcostarica.com\/es\/wp-json\/wp\/v2\/pages\/8729\/revisions\/12459"}],"wp:attachment":[{"href":"https:\/\/www.advancedentalcostarica.com\/es\/wp-json\/wp\/v2\/media?parent=8729"}],"curies":[{"name":"wp","href":"https:\/\/api.w.org\/{rel}","templated":true}]}}