{"id":8727,"date":"2016-09-21T02:25:19","date_gmt":"2016-09-21T02:25:19","guid":{"rendered":"http:\/\/cosmeticdentistcostarica.com\/es\/?page_id=8727"},"modified":"2021-03-09T17:32:37","modified_gmt":"2021-03-09T17:32:37","slug":"tratamientos-de-nervio","status":"publish","type":"page","link":"https:\/\/www.advancedentalcostarica.com\/es\/tratamientos-de-nervio\/","title":{"rendered":"Tratamiento de Nervio Dental en Costa Rica"},"content":{"rendered":"<div class=\"wpb-content-wrapper\"><p>[vc_row][vc_column][vc_column_text]<\/p>\n<div class=\"wpv-video-frame\"><iframe loading=\"lazy\" title=\"Tratamiento de Conducto \/ Nervio -  Advance Dental Costa Rica\" width=\"1260\" height=\"709\" src=\"https:\/\/www.youtube.com\/embed\/zKrlIhvhkiA?feature=oembed\" frameborder=\"0\" allow=\"accelerometer; autoplay; clipboard-write; encrypted-media; gyroscope; picture-in-picture\" allowfullscreen><\/iframe><\/div>\n<p>Cuando la vitalidad de un diente se ve comprometida, o sus nervios han sido da\u00f1ados, es necesario un tratamiento de nervio. En \u00e9l se repone el nervio afectado por un material obturador, y dependiendo de la cantidad de estructura dental remanente, se restaura con una resina, carilla, incrustaci\u00f3n, corona o puente para darle a su boca un aspecto m\u00e1s est\u00e9tico.<\/p>\n<p><img loading=\"lazy\" decoding=\"async\" class=\"aligncenter size-full wp-image-11311\" src=\"https:\/\/advancedentalcostarica.com\/wp-content\/uploads\/2021\/01\/tratamiento-de-nervio-costa-rica-740x350-1.jpg\" alt=\"Tratamiento de Nervio en Costa Rica\" width=\"740\" height=\"350\" srcset=\"https:\/\/www.advancedentalcostarica.com\/wp-content\/uploads\/2021\/01\/tratamiento-de-nervio-costa-rica-740x350-1.jpg 740w, https:\/\/www.advancedentalcostarica.com\/wp-content\/uploads\/2021\/01\/tratamiento-de-nervio-costa-rica-740x350-1-300x142.jpg 300w, https:\/\/www.advancedentalcostarica.com\/wp-content\/uploads\/2021\/01\/tratamiento-de-nervio-costa-rica-740x350-1-600x284.jpg 600w, https:\/\/www.advancedentalcostarica.com\/wp-content\/uploads\/2021\/01\/tratamiento-de-nervio-costa-rica-740x350-1-555x263.jpg 555w, https:\/\/www.advancedentalcostarica.com\/wp-content\/uploads\/2021\/01\/tratamiento-de-nervio-costa-rica-740x350-1-360x170.jpg 360w, https:\/\/www.advancedentalcostarica.com\/wp-content\/uploads\/2021\/01\/tratamiento-de-nervio-costa-rica-740x350-1-262x124.jpg 262w\" sizes=\"auto, (max-width: 740px) 100vw, 740px\" \/><\/p>\n<h2>\u00bfPor qu\u00e9 se requiere hacer un tratamiento de conductos o tratamiento de nervio?<\/h2>\n<p>El Objetivo del tratamiento de conductos (tratamiento de nervio) es prevenir o curar la infecci\u00f3n que se forma dentro del diente y que puede afectar los tejidos que rodean al mismo. Esto se logra eliminado la pulpa dental, popularmente llamada nervio, y el espacio vac\u00edo que queda es rellenado con unos materiales especiales. La mayor\u00eda de los tratamientos de nervio son realizados en una sesi\u00f3n.<\/p>\n<p>El tratamiento de nervio puede ser requerido por la presencia de una caries muy grande que haya infectado la pulpa dental, por un traumatismo que haya provocado un da\u00f1o severo en la pulpa dental o por razones prot\u00e9sicas las cuales determinar\u00e1 el odont\u00f3logo restaurador durante la fase de planificaci\u00f3n.<\/p>\n<p><em>El tratamiento de nervio es realizado por un especialista en Endodoncia<\/em>, el cual es entrenado en estudios de post grado de 2 o 3 a\u00f1os para el manejo del dolor y de la infecci\u00f3n dental.<\/p>\n<p><img loading=\"lazy\" decoding=\"async\" class=\"aligncenter wp-image-11314\" src=\"https:\/\/advancedentalcostarica.com\/wp-content\/uploads\/2021\/01\/tratamiento-de-nervio-dental-costa-rica-420x420-1.jpg\" alt=\"Tratamiento de Nervio\" width=\"320\" height=\"320\" srcset=\"https:\/\/www.advancedentalcostarica.com\/wp-content\/uploads\/2021\/01\/tratamiento-de-nervio-dental-costa-rica-420x420-1.jpg 420w, https:\/\/www.advancedentalcostarica.com\/wp-content\/uploads\/2021\/01\/tratamiento-de-nervio-dental-costa-rica-420x420-1-150x150@2x.jpg 300w, https:\/\/www.advancedentalcostarica.com\/wp-content\/uploads\/2021\/01\/tratamiento-de-nervio-dental-costa-rica-420x420-1-150x150.jpg 150w, https:\/\/www.advancedentalcostarica.com\/wp-content\/uploads\/2021\/01\/tratamiento-de-nervio-dental-costa-rica-420x420-1-60x60.jpg 60w, https:\/\/www.advancedentalcostarica.com\/wp-content\/uploads\/2021\/01\/tratamiento-de-nervio-dental-costa-rica-420x420-1-43x43.jpg 43w, https:\/\/www.advancedentalcostarica.com\/wp-content\/uploads\/2021\/01\/tratamiento-de-nervio-dental-costa-rica-420x420-1-360x360.jpg 360w, https:\/\/www.advancedentalcostarica.com\/wp-content\/uploads\/2021\/01\/tratamiento-de-nervio-dental-costa-rica-420x420-1-262x262.jpg 262w\" sizes=\"auto, (max-width: 320px) 100vw, 320px\" \/><\/p>\n<h2>\u00bfC\u00f3mo se si debo acudir a un especialista en Endodoncia para una revisi\u00f3n?<\/h2>\n<p>Signos cl\u00ednicos que pudieran sugerir que usted requiere un tratamiento de nervio.<\/p>\n<ol>\n<li>Inflamaci\u00f3n de la enc\u00eda asociada a un diente.<\/li>\n<li>Inflamaci\u00f3n de la cara.<\/li>\n<li>Dolor espont\u00e1neo (sobre todo en las noches), el cual se manifiesta como latidos o sensaci\u00f3n de agujas.<\/li>\n<li>Dolor al morder alimentos blandos.<\/li>\n<li>Dolor provocado a cambios de temperatura que no cede despu\u00e9s de retirar el alimento fr\u00edo o caliente.<\/li>\n<li>Sinusitis no controlada por el m\u00e9dico otorrino.<\/li>\n<li>Dolor de o\u00eddos sin explicaci\u00f3n por parte del otorrino.<\/li>\n<li>Presencia de un punto de pus en la enc\u00eda asociada a un diente.<\/li>\n<li>Cambios de coloraci\u00f3n de un diente (color negro o marr\u00f3n).<\/li>\n<\/ol>\n<h2>Servicio de Endodoncia en Advance Dental<\/h2>\n<p>Nosotros en Advance Dental sabemos que usted como paciente puede tener ansiedad o temor al saber que puede necesitar un tratamiento de nervio, por tal motivo, nos hemos enfocado en crear un ambiente ideal que le transmita seguridad, profesionalismo y tranquilidad a la hora de realizar cualquier procedimiento en el \u00e1rea de Endodoncia.<\/p>\n<p>Nuestro Especialista en Endodoncia posee todo el conocimiento y empat\u00eda necesaria para brindarle una experiencia confortable gracias a un manejo adecuado del dolor durante el procedimiento.<\/p>\n<h3>\u00bfQu\u00e9 tecnolog\u00eda posee Advance Dental en Endodoncia?<\/h3>\n<p>En Advance Dental contamos con la tecnolog\u00eda m\u00e1s avanzada para realizar tratamientos de nervio en Costa Rica.<\/p>\n<p><em>El microscopio operatorio\/quir\u00fargico<\/em> de fabricaci\u00f3n alemana permite observar detalles dentro del diente que se escapan generalmente del ojo humano, pudiendo detectar porciones infectadas o reparar zonas da\u00f1adas con mayor precisi\u00f3n, reduciendo as\u00ed el fracaso.<\/p>\n<p><em>Ultrasonidos<\/em> necesarios para desgastar con mayor precisi\u00f3n el diente, evitando destrucci\u00f3n innecesaria. Tambi\u00e9n usados para remover las bacterias dentro del diente y materia org\u00e1nica en v\u00edas de descomposici\u00f3n.<\/p>\n<p><em>Radiograf\u00edas digitales <\/em>con una calidad de imagen excepcional para mejorar la capacidad de diagn\u00f3stico y archivo electr\u00f3nico para b\u00fasquedas futuras de control y seguimiento de todos los casos. Tambi\u00e9n son un medio ilustrativo eficiente para mostrarle al paciente la condici\u00f3n de su diente y explicarle el procedimiento posible a ejecutar.<\/p>\n<p>Instrumentaci\u00f3n mecanizada y sistema 3D de sellado lo cual disminuye el tiempo de trabajo.<\/p>\n<p>Adicionalmente al estar dentro de las instalaciones del Hospital Cima contamos con centros de imagen diagn\u00f3stica que brindan servicios de Tomograf\u00eda Volum\u00e9trica para el an\u00e1lisis de casos m\u00e1s complejos.<\/p>\n<p>De esta forma Advance Dental mejora significativamente el \u00e9xito de sus pacientes uniendo conocimiento y tecnolog\u00eda.<\/p>\n<h3>Dudas Antes de la Consulta de Tratamiento de Nervio<\/h3>\n<p>Si tiene sospecha de tener la necesidad de un tratamiento de nervio o un odont\u00f3logo certificado le ha indicado la necesidad de realizarse uno, en esta secci\u00f3n le explicaremos todo lo que debe saber antes de la consulta de Endodoncia en Advance Dental.<\/p>\n<ol>\n<li>Usted puede tener un ritmo de vida normal, comer lo que generalmente come o realizar las actividades que usted hace habitualmente. No existe contraindicaciones de comidas antes de la consulta, incluso comer bien antes de la terapia endod\u00f3ntica puede ser beneficioso.<\/li>\n<li>Por nada del mundo suspenda sus medicamentos, en el caso que los tenga. Si existe alguna duda con su medicaci\u00f3n nuestro especialista se comunicara con su m\u00e9dico tratante. Recuerde siempre llevar los nombres correctos de sus medicamentos.<\/li>\n<li>Si existe la posibilidad de evitar tomar antibi\u00f3ticos o analg\u00e9sicos antes de la consulta, por favor, h\u00e1galo. Los medicamentos disfrazan el dolor y hacen un poco m\u00e1s complejo el diagn\u00f3stico.<\/li>\n<li>La consulta de endodoncia puede tomar al menos 2 horas, por lo que la planificaci\u00f3n de su agenda debe ser tomada en cuenta.<\/li>\n<li>El procedimiento se realiza bajo anestesia local, es decir, puede manejar y realizar procesos mentales cognitivos sin problema.<\/li>\n<li>Evite traer ropa muy colorida. Se usan sustancias decolorantes que pueden da\u00f1ar su. Ropa blanca o clara ser\u00eda ideal.<\/li>\n<\/ol>\n<h3>Dudas Despu\u00e9s de la Consulta de Tratamiento de Nervio<\/h3>\n<p>Nuestro especialista le indicara todo lo que usted debe saber y lo que debe esperar relacionado a su caso. Usted va a salir de la consulta con toda la informaci\u00f3n necesaria para que pueda estar tranquilo (a) y que no existan sorpresas.<\/p>\n<p>Tambi\u00e9n, nuestro especialista y personal estar\u00e1n accesible a usted en el caso de cualquier eventualidad futura (<a href=\"https:\/\/advancedentalcostarica.com\/es\/contacto\/\">cont\u00e1ctenos aqu\u00ed<\/a>).<\/p>\n<p>&nbsp;<\/p>\n<h2>3 Mitos Sobre Los Tratamientos de Conducto (Nervio)<\/h2>\n<p>&nbsp;<\/p>\n<h3>Mito 1:<\/h3>\n<div class=\"wpv-video-frame\"><iframe loading=\"lazy\" title=\"Tratamiento de Conducto (Nervio) Mito 1 - Advance Dental Costa Rica\" width=\"1260\" height=\"709\" src=\"https:\/\/www.youtube.com\/embed\/cKHP-EHZp7A?feature=oembed\" frameborder=\"0\" allow=\"accelerometer; autoplay; clipboard-write; encrypted-media; gyroscope; picture-in-picture\" allowfullscreen><\/iframe><\/div>\n<p>&nbsp;<\/p>\n<h3>Mito 2:<\/h3>\n<div class=\"wpv-video-frame\"><iframe loading=\"lazy\" title=\"Tratamiento de Conducto (Nervio) Mito 2 - Advance Dental Costa Rica\" width=\"1260\" height=\"709\" src=\"https:\/\/www.youtube.com\/embed\/PeQnSvRq1ZQ?feature=oembed\" frameborder=\"0\" allow=\"accelerometer; autoplay; clipboard-write; encrypted-media; gyroscope; picture-in-picture\" allowfullscreen><\/iframe><\/div>\n<p>&nbsp;<\/p>\n<h3>Mito 3:<\/h3>\n<div class=\"wpv-video-frame\"><iframe loading=\"lazy\" title=\"Tratamiento de Conducto (Nervio) Mito 3 - Advance Dental Costa Rica\" width=\"1260\" height=\"709\" src=\"https:\/\/www.youtube.com\/embed\/3v_x4jfI2Ik?feature=oembed\" frameborder=\"0\" allow=\"accelerometer; autoplay; clipboard-write; encrypted-media; gyroscope; picture-in-picture\" allowfullscreen><\/iframe><\/div>\n<p>Articulo de inter\u00e9s: <a href=\"https:\/\/advancedentalcostarica.com\/es\/que-es-un-tratamiento-de-conducto-nervio-y-cuando-necesito-uno\/\">\u00bfQu\u00e9 es un tratamiento de conducto (Nervio) y cu\u00e1ndo necesito uno?<\/a><\/p>\n<p>[\/vc_column_text][\/vc_column][\/vc_row][vc_row][vc_column][vc_column_text][\/vc_column_text][\/vc_column][\/vc_row]<\/p>\n<\/div>","protected":false},"excerpt":{"rendered":"<p>[vc_row][vc_column][vc_column_text] Cuando la vitalidad de un diente se ve comprometida, o sus nervios han sido da\u00f1ados, es necesario un tratamiento de nervio. En \u00e9l se repone el nervio afectado por un material obturador, y dependiendo de la cantidad de estructura dental remanente, se restaura con una resina, carilla, incrustaci\u00f3n, corona o puente para darle a&#8230;<\/p>\n","protected":false},"author":1,"featured_media":0,"parent":0,"menu_order":11,"comment_status":"closed","ping_status":"closed","template":"","meta":{"footnotes":""},"class_list":["post-8727","page","type-page","status-publish"],"yoast_head":"<!-- This site is optimized with the Yoast SEO plugin v27.4 - https:\/\/yoast.com\/product\/yoast-seo-wordpress\/ -->\n<title>Tratamiento de Nervio Dental | Endodoncia | Advance Dental Costa Rica<\/title>\n<meta name=\"robots\" content=\"index, follow, max-snippet:-1, max-image-preview:large, max-video-preview:-1\" \/>\n<link rel=\"canonical\" href=\"https:\/\/www.advancedentalcostarica.com\/costa-rica-root-canal-procedure\/\" \/>\n<meta property=\"og:locale\" content=\"es_ES\" \/>\n<meta property=\"og:type\" content=\"article\" \/>\n<meta property=\"og:title\" content=\"Tratamiento de Nervio Dental | Endodoncia | Advance Dental Costa Rica\" \/>\n<meta property=\"og:description\" content=\"[vc_row][vc_column][vc_column_text] Cuando la vitalidad de un diente se ve comprometida, o sus nervios han sido da\u00f1ados, es necesario un tratamiento de nervio. En \u00e9l se repone el nervio afectado por un material obturador, y dependiendo de la cantidad de estructura dental remanente, se restaura con una resina, carilla, incrustaci\u00f3n, corona o puente para darle a...\" \/>\n<meta property=\"og:url\" content=\"https:\/\/www.advancedentalcostarica.com\/costa-rica-root-canal-procedure\/\" \/>\n<meta property=\"og:site_name\" content=\"Advance Dental Costa Rica\" \/>\n<meta property=\"article:modified_time\" content=\"2021-03-09T17:32:37+00:00\" \/>\n<meta property=\"og:image\" content=\"https:\/\/advancedentalcostarica.com\/wp-content\/uploads\/2021\/01\/tratamiento-de-nervio-costa-rica-740x350-1.jpg\" \/>\n<meta name=\"twitter:label1\" content=\"Est. reading time\" \/>\n\t<meta name=\"twitter:data1\" content=\"5 minutos\" \/>\n<script type=\"application\/ld+json\" class=\"yoast-schema-graph\">{\"@context\":\"https:\\\/\\\/schema.org\",\"@graph\":[{\"@type\":\"WebPage\",\"@id\":\"https:\\\/\\\/www.advancedentalcostarica.com\\\/costa-rica-root-canal-procedure\\\/\",\"url\":\"https:\\\/\\\/www.advancedentalcostarica.com\\\/costa-rica-root-canal-procedure\\\/\",\"name\":\"Tratamiento de Nervio Dental | Endodoncia | Advance Dental Costa Rica\",\"isPartOf\":{\"@id\":\"https:\\\/\\\/advancedentalcostarica.com\\\/#website\"},\"primaryImageOfPage\":{\"@id\":\"https:\\\/\\\/www.advancedentalcostarica.com\\\/costa-rica-root-canal-procedure\\\/#primaryimage\"},\"image\":{\"@id\":\"https:\\\/\\\/www.advancedentalcostarica.com\\\/costa-rica-root-canal-procedure\\\/#primaryimage\"},\"thumbnailUrl\":\"https:\\\/\\\/advancedentalcostarica.com\\\/wp-content\\\/uploads\\\/2021\\\/01\\\/tratamiento-de-nervio-costa-rica-740x350-1.jpg\",\"datePublished\":\"2016-09-21T02:25:19+00:00\",\"dateModified\":\"2021-03-09T17:32:37+00:00\",\"breadcrumb\":{\"@id\":\"https:\\\/\\\/www.advancedentalcostarica.com\\\/costa-rica-root-canal-procedure\\\/#breadcrumb\"},\"inLanguage\":\"es-CR\",\"potentialAction\":[{\"@type\":\"ReadAction\",\"target\":[\"https:\\\/\\\/www.advancedentalcostarica.com\\\/costa-rica-root-canal-procedure\\\/\"]}]},{\"@type\":\"ImageObject\",\"inLanguage\":\"es-CR\",\"@id\":\"https:\\\/\\\/www.advancedentalcostarica.com\\\/costa-rica-root-canal-procedure\\\/#primaryimage\",\"url\":\"https:\\\/\\\/advancedentalcostarica.com\\\/wp-content\\\/uploads\\\/2021\\\/01\\\/tratamiento-de-nervio-costa-rica-740x350-1.jpg\",\"contentUrl\":\"https:\\\/\\\/advancedentalcostarica.com\\\/wp-content\\\/uploads\\\/2021\\\/01\\\/tratamiento-de-nervio-costa-rica-740x350-1.jpg\"},{\"@type\":\"BreadcrumbList\",\"@id\":\"https:\\\/\\\/www.advancedentalcostarica.com\\\/costa-rica-root-canal-procedure\\\/#breadcrumb\",\"itemListElement\":[{\"@type\":\"ListItem\",\"position\":1,\"name\":\"Home\",\"item\":\"https:\\\/\\\/www.advancedentalcostarica.com\\\/es\\\/\"},{\"@type\":\"ListItem\",\"position\":2,\"name\":\"Tratamiento de Nervio Dental en Costa Rica\"}]},{\"@type\":\"WebSite\",\"@id\":\"https:\\\/\\\/advancedentalcostarica.com\\\/#website\",\"url\":\"https:\\\/\\\/advancedentalcostarica.com\\\/\",\"name\":\"Advance Dental Costa Rica\",\"description\":\"Dental Costs in Costa Rica - Procedures Prices\",\"potentialAction\":[{\"@type\":\"SearchAction\",\"target\":{\"@type\":\"EntryPoint\",\"urlTemplate\":\"https:\\\/\\\/advancedentalcostarica.com\\\/?s={search_term_string}\"},\"query-input\":{\"@type\":\"PropertyValueSpecification\",\"valueRequired\":true,\"valueName\":\"search_term_string\"}}],\"inLanguage\":\"es-CR\"}]}<\/script>\n<!-- \/ Yoast SEO plugin. -->","yoast_head_json":{"title":"Tratamiento de Nervio Dental | Endodoncia | Advance Dental Costa Rica","robots":{"index":"index","follow":"follow","max-snippet":"max-snippet:-1","max-image-preview":"max-image-preview:large","max-video-preview":"max-video-preview:-1"},"canonical":"https:\/\/www.advancedentalcostarica.com\/costa-rica-root-canal-procedure\/","og_locale":"es_ES","og_type":"article","og_title":"Tratamiento de Nervio Dental | Endodoncia | Advance Dental Costa Rica","og_description":"[vc_row][vc_column][vc_column_text] Cuando la vitalidad de un diente se ve comprometida, o sus nervios han sido da\u00f1ados, es necesario un tratamiento de nervio. En \u00e9l se repone el nervio afectado por un material obturador, y dependiendo de la cantidad de estructura dental remanente, se restaura con una resina, carilla, incrustaci\u00f3n, corona o puente para darle a...","og_url":"https:\/\/www.advancedentalcostarica.com\/costa-rica-root-canal-procedure\/","og_site_name":"Advance Dental Costa Rica","article_modified_time":"2021-03-09T17:32:37+00:00","og_image":[{"url":"https:\/\/advancedentalcostarica.com\/wp-content\/uploads\/2021\/01\/tratamiento-de-nervio-costa-rica-740x350-1.jpg","type":"","width":"","height":""}],"twitter_misc":{"Est. reading time":"5 minutos"},"schema":{"@context":"https:\/\/schema.org","@graph":[{"@type":"WebPage","@id":"https:\/\/www.advancedentalcostarica.com\/costa-rica-root-canal-procedure\/","url":"https:\/\/www.advancedentalcostarica.com\/costa-rica-root-canal-procedure\/","name":"Tratamiento de Nervio Dental | Endodoncia | Advance Dental Costa Rica","isPartOf":{"@id":"https:\/\/advancedentalcostarica.com\/#website"},"primaryImageOfPage":{"@id":"https:\/\/www.advancedentalcostarica.com\/costa-rica-root-canal-procedure\/#primaryimage"},"image":{"@id":"https:\/\/www.advancedentalcostarica.com\/costa-rica-root-canal-procedure\/#primaryimage"},"thumbnailUrl":"https:\/\/advancedentalcostarica.com\/wp-content\/uploads\/2021\/01\/tratamiento-de-nervio-costa-rica-740x350-1.jpg","datePublished":"2016-09-21T02:25:19+00:00","dateModified":"2021-03-09T17:32:37+00:00","breadcrumb":{"@id":"https:\/\/www.advancedentalcostarica.com\/costa-rica-root-canal-procedure\/#breadcrumb"},"inLanguage":"es-CR","potentialAction":[{"@type":"ReadAction","target":["https:\/\/www.advancedentalcostarica.com\/costa-rica-root-canal-procedure\/"]}]},{"@type":"ImageObject","inLanguage":"es-CR","@id":"https:\/\/www.advancedentalcostarica.com\/costa-rica-root-canal-procedure\/#primaryimage","url":"https:\/\/advancedentalcostarica.com\/wp-content\/uploads\/2021\/01\/tratamiento-de-nervio-costa-rica-740x350-1.jpg","contentUrl":"https:\/\/advancedentalcostarica.com\/wp-content\/uploads\/2021\/01\/tratamiento-de-nervio-costa-rica-740x350-1.jpg"},{"@type":"BreadcrumbList","@id":"https:\/\/www.advancedentalcostarica.com\/costa-rica-root-canal-procedure\/#breadcrumb","itemListElement":[{"@type":"ListItem","position":1,"name":"Home","item":"https:\/\/www.advancedentalcostarica.com\/es\/"},{"@type":"ListItem","position":2,"name":"Tratamiento de Nervio Dental en Costa Rica"}]},{"@type":"WebSite","@id":"https:\/\/advancedentalcostarica.com\/#website","url":"https:\/\/advancedentalcostarica.com\/","name":"Advance Dental Costa Rica","description":"Dental Costs in Costa Rica - Procedures Prices","potentialAction":[{"@type":"SearchAction","target":{"@type":"EntryPoint","urlTemplate":"https:\/\/advancedentalcostarica.com\/?s={search_term_string}"},"query-input":{"@type":"PropertyValueSpecification","valueRequired":true,"valueName":"search_term_string"}}],"inLanguage":"es-CR"}]}},"_links":{"self":[{"href":"https:\/\/www.advancedentalcostarica.com\/es\/wp-json\/wp\/v2\/pages\/8727","targetHints":{"allow":["GET"]}}],"collection":[{"href":"https:\/\/www.advancedentalcostarica.com\/es\/wp-json\/wp\/v2\/pages"}],"about":[{"href":"https:\/\/www.advancedentalcostarica.com\/es\/wp-json\/wp\/v2\/types\/page"}],"author":[{"embeddable":true,"href":"https:\/\/www.advancedentalcostarica.com\/es\/wp-json\/wp\/v2\/users\/1"}],"replies":[{"embeddable":true,"href":"https:\/\/www.advancedentalcostarica.com\/es\/wp-json\/wp\/v2\/comments?post=8727"}],"version-history":[{"count":15,"href":"https:\/\/www.advancedentalcostarica.com\/es\/wp-json\/wp\/v2\/pages\/8727\/revisions"}],"predecessor-version":[{"id":11594,"href":"https:\/\/www.advancedentalcostarica.com\/es\/wp-json\/wp\/v2\/pages\/8727\/revisions\/11594"}],"wp:attachment":[{"href":"https:\/\/www.advancedentalcostarica.com\/es\/wp-json\/wp\/v2\/media?parent=8727"}],"curies":[{"name":"wp","href":"https:\/\/api.w.org\/{rel}","templated":true}]}}