{"id":8725,"date":"2016-09-21T02:22:05","date_gmt":"2016-09-21T02:22:05","guid":{"rendered":"http:\/\/cosmeticdentistcostarica.com\/es\/?page_id=8725"},"modified":"2024-09-02T11:58:34","modified_gmt":"2024-09-02T17:58:34","slug":"cirugias-orales","status":"publish","type":"page","link":"https:\/\/www.advancedentalcostarica.com\/es\/cirugias-orales\/","title":{"rendered":"Cirug\u00edas Orales en Costa Rica \/ Cirug\u00edas Endod\u00f3nticas y de Injerto de Enc\u00edas"},"content":{"rendered":"<div class=\"wpb-content-wrapper\"><p>[vc_row][vc_column][vc_column_text css=&#8221;&#8221;]Existe una amplia variedad de tratamientos quir\u00fargicos dise\u00f1ados para diferentes prop\u00f3sitos, como mejorar el contorno de las enc\u00edas, colocar implantes, extraer dientes y algunos de car\u00e1cter exploratorio, entre otros. Este tipo de intervenciones la realiza mayoritariamente un equipo que incluye a otros especialistas altamente profesionales como: Periodoncistas, Endodoncistas y Cirujanos Maxilofaciales.<\/p>\n<h2>Cirug\u00eda Endod\u00f3ntica<\/h2>\n<hr \/>\n<p>Se recomienda cuando un tratamiento de conducto por s\u00ed solo no puede salvar un diente y, por lo tanto, se utiliza para localizar peque\u00f1as fracturas o conductos ocultos que no se detectan en las radiograf\u00edas o durante el tratamiento anterior.<\/p>\n<p>[\/vc_column_text][\/vc_column][\/vc_row][vc_row disable_element=&#8221;yes&#8221;][vc_column][vc_column_text css=&#8221;&#8221;]<\/p>\n<h2>Cirug\u00eda de Injerto de Enc\u00eda<\/h2>\n<hr \/>\n<p>Se utiliza para reparar y prevenir la retracci\u00f3n de las enc\u00edas y la p\u00e9rdida \u00f3sea. Tambi\u00e9n se puede demandar para cubrir ra\u00edces. La forma en que funciona es que, por lo general, el periodoncista tomar\u00e1 la goma de mascar del paladar del paciente (u otra fuente) y la usar\u00e1 para cubrir la ra\u00edz expuesta. Se puede realizar por uno o varios dientes y tambi\u00e9n ayuda a reducir la sensibilidad.<\/p>\n<p><img loading=\"lazy\" decoding=\"async\" class=\"aligncenter\" src=\"https:\/\/advancedentalcostarica.com\/wp-content\/uploads\/2016\/09\/costa-rica-oral-surgery-gum-graft-600x235-300x118@2x.jpg\" alt=\"Cirug\u00eda oral en Costa Rica - Injerto de Enc\u00edas\" width=\"600\" height=\"235\" \/><\/p>\n<p>[\/vc_column_text][\/vc_column][\/vc_row][vc_row][vc_column][vc_column_text css=&#8221;&#8221;]<\/p>\n<h2>Cirug\u00eda de Extracci\u00f3n de Cordales<\/h2>\n<hr \/>\n<p>Requerida cuando las terceras molares deben ser extra\u00eddas al causar molestia y dolor al paciente, o al provocar el movimiento no deseado de piezas dentales. Es realizado por un Cirujano y previo al procedimiento el paciente debe realizarse una radiograf\u00eda panor\u00e1mica.[\/vc_column_text][\/vc_column][\/vc_row]<\/p>\n<\/div>","protected":false},"excerpt":{"rendered":"<p>[vc_row][vc_column][vc_column_text css=&#8221;&#8221;]Existe una amplia variedad de tratamientos quir\u00fargicos dise\u00f1ados para diferentes prop\u00f3sitos, como mejorar el contorno de las enc\u00edas, colocar implantes, extraer dientes y algunos de car\u00e1cter exploratorio, entre otros. Este tipo de intervenciones la realiza mayoritariamente un equipo que incluye a otros especialistas altamente profesionales como: Periodoncistas, Endodoncistas y Cirujanos Maxilofaciales. Cirug\u00eda Endod\u00f3ntica Se&#8230;<\/p>\n","protected":false},"author":1,"featured_media":0,"parent":0,"menu_order":10,"comment_status":"closed","ping_status":"closed","template":"","meta":{"footnotes":""},"class_list":["post-8725","page","type-page","status-publish"],"yoast_head":"<!-- This site is optimized with the Yoast SEO plugin v26.2 - https:\/\/yoast.com\/wordpress\/plugins\/seo\/ -->\n<title>Cirug\u00edas Orales en Costa Rica, Cirug\u00edas Endod\u00f3nticas, Injerto de Enc\u00edas<\/title>\n<meta name=\"robots\" content=\"index, follow, max-snippet:-1, max-image-preview:large, max-video-preview:-1\" \/>\n<link rel=\"canonical\" href=\"https:\/\/www.advancedentalcostarica.com\/costa-rica-oral-surgery-endodontic-gum-graft-surgeries\/\" \/>\n<meta property=\"og:locale\" content=\"es_ES\" \/>\n<meta property=\"og:type\" content=\"article\" \/>\n<meta property=\"og:title\" content=\"Cirug\u00edas Orales en Costa Rica, Cirug\u00edas Endod\u00f3nticas, Injerto de Enc\u00edas\" \/>\n<meta property=\"og:description\" content=\"[vc_row][vc_column][vc_column_text css=&#8221;&#8221;]Existe una amplia variedad de tratamientos quir\u00fargicos dise\u00f1ados para diferentes prop\u00f3sitos, como mejorar el contorno de las enc\u00edas, colocar implantes, extraer dientes y algunos de car\u00e1cter exploratorio, entre otros. Este tipo de intervenciones la realiza mayoritariamente un equipo que incluye a otros especialistas altamente profesionales como: Periodoncistas, Endodoncistas y Cirujanos Maxilofaciales. Cirug\u00eda Endod\u00f3ntica Se...\" \/>\n<meta property=\"og:url\" content=\"https:\/\/www.advancedentalcostarica.com\/costa-rica-oral-surgery-endodontic-gum-graft-surgeries\/\" \/>\n<meta property=\"og:site_name\" content=\"Advance Dental Costa Rica\" \/>\n<meta property=\"article:modified_time\" content=\"2024-09-02T17:58:34+00:00\" \/>\n<meta property=\"og:image\" content=\"https:\/\/advancedentalcostarica.com\/wp-content\/uploads\/2016\/09\/costa-rica-oral-surgery-gum-graft-600x235-300x118@2x.jpg\" \/>\n<meta name=\"twitter:label1\" content=\"Est. reading time\" \/>\n\t<meta name=\"twitter:data1\" content=\"2 minutos\" \/>\n<script type=\"application\/ld+json\" class=\"yoast-schema-graph\">{\"@context\":\"https:\/\/schema.org\",\"@graph\":[{\"@type\":\"WebPage\",\"@id\":\"https:\/\/www.advancedentalcostarica.com\/costa-rica-oral-surgery-endodontic-gum-graft-surgeries\/\",\"url\":\"https:\/\/www.advancedentalcostarica.com\/costa-rica-oral-surgery-endodontic-gum-graft-surgeries\/\",\"name\":\"Cirug\u00edas Orales en Costa Rica, Cirug\u00edas Endod\u00f3nticas, Injerto de Enc\u00edas\",\"isPartOf\":{\"@id\":\"https:\/\/advancedentalcostarica.com\/#website\"},\"primaryImageOfPage\":{\"@id\":\"https:\/\/www.advancedentalcostarica.com\/costa-rica-oral-surgery-endodontic-gum-graft-surgeries\/#primaryimage\"},\"image\":{\"@id\":\"https:\/\/www.advancedentalcostarica.com\/costa-rica-oral-surgery-endodontic-gum-graft-surgeries\/#primaryimage\"},\"thumbnailUrl\":\"https:\/\/advancedentalcostarica.com\/wp-content\/uploads\/2016\/09\/costa-rica-oral-surgery-gum-graft-600x235-300x118@2x.jpg\",\"datePublished\":\"2016-09-21T02:22:05+00:00\",\"dateModified\":\"2024-09-02T17:58:34+00:00\",\"breadcrumb\":{\"@id\":\"https:\/\/www.advancedentalcostarica.com\/costa-rica-oral-surgery-endodontic-gum-graft-surgeries\/#breadcrumb\"},\"inLanguage\":\"es-CR\",\"potentialAction\":[{\"@type\":\"ReadAction\",\"target\":[\"https:\/\/www.advancedentalcostarica.com\/costa-rica-oral-surgery-endodontic-gum-graft-surgeries\/\"]}]},{\"@type\":\"ImageObject\",\"inLanguage\":\"es-CR\",\"@id\":\"https:\/\/www.advancedentalcostarica.com\/costa-rica-oral-surgery-endodontic-gum-graft-surgeries\/#primaryimage\",\"url\":\"https:\/\/advancedentalcostarica.com\/wp-content\/uploads\/2016\/09\/costa-rica-oral-surgery-gum-graft-600x235-300x118@2x.jpg\",\"contentUrl\":\"https:\/\/advancedentalcostarica.com\/wp-content\/uploads\/2016\/09\/costa-rica-oral-surgery-gum-graft-600x235-300x118@2x.jpg\"},{\"@type\":\"BreadcrumbList\",\"@id\":\"https:\/\/www.advancedentalcostarica.com\/costa-rica-oral-surgery-endodontic-gum-graft-surgeries\/#breadcrumb\",\"itemListElement\":[{\"@type\":\"ListItem\",\"position\":1,\"name\":\"Home\",\"item\":\"https:\/\/www.advancedentalcostarica.com\/es\/\"},{\"@type\":\"ListItem\",\"position\":2,\"name\":\"Cirug\u00edas Orales en Costa Rica \/ Cirug\u00edas Endod\u00f3nticas y de Injerto de Enc\u00edas\"}]},{\"@type\":\"WebSite\",\"@id\":\"https:\/\/advancedentalcostarica.com\/#website\",\"url\":\"https:\/\/advancedentalcostarica.com\/\",\"name\":\"Advance Dental Costa Rica\",\"description\":\"Dental Costs in Costa Rica - Procedures Prices\",\"potentialAction\":[{\"@type\":\"SearchAction\",\"target\":{\"@type\":\"EntryPoint\",\"urlTemplate\":\"https:\/\/advancedentalcostarica.com\/?s={search_term_string}\"},\"query-input\":{\"@type\":\"PropertyValueSpecification\",\"valueRequired\":true,\"valueName\":\"search_term_string\"}}],\"inLanguage\":\"es-CR\"}]}<\/script>\n<!-- \/ Yoast SEO plugin. -->","yoast_head_json":{"title":"Cirug\u00edas Orales en Costa Rica, Cirug\u00edas Endod\u00f3nticas, Injerto de Enc\u00edas","robots":{"index":"index","follow":"follow","max-snippet":"max-snippet:-1","max-image-preview":"max-image-preview:large","max-video-preview":"max-video-preview:-1"},"canonical":"https:\/\/www.advancedentalcostarica.com\/costa-rica-oral-surgery-endodontic-gum-graft-surgeries\/","og_locale":"es_ES","og_type":"article","og_title":"Cirug\u00edas Orales en Costa Rica, Cirug\u00edas Endod\u00f3nticas, Injerto de Enc\u00edas","og_description":"[vc_row][vc_column][vc_column_text css=&#8221;&#8221;]Existe una amplia variedad de tratamientos quir\u00fargicos dise\u00f1ados para diferentes prop\u00f3sitos, como mejorar el contorno de las enc\u00edas, colocar implantes, extraer dientes y algunos de car\u00e1cter exploratorio, entre otros. Este tipo de intervenciones la realiza mayoritariamente un equipo que incluye a otros especialistas altamente profesionales como: Periodoncistas, Endodoncistas y Cirujanos Maxilofaciales. Cirug\u00eda Endod\u00f3ntica Se...","og_url":"https:\/\/www.advancedentalcostarica.com\/costa-rica-oral-surgery-endodontic-gum-graft-surgeries\/","og_site_name":"Advance Dental Costa Rica","article_modified_time":"2024-09-02T17:58:34+00:00","og_image":[{"url":"https:\/\/advancedentalcostarica.com\/wp-content\/uploads\/2016\/09\/costa-rica-oral-surgery-gum-graft-600x235-300x118@2x.jpg","type":"","width":"","height":""}],"twitter_misc":{"Est. reading time":"2 minutos"},"schema":{"@context":"https:\/\/schema.org","@graph":[{"@type":"WebPage","@id":"https:\/\/www.advancedentalcostarica.com\/costa-rica-oral-surgery-endodontic-gum-graft-surgeries\/","url":"https:\/\/www.advancedentalcostarica.com\/costa-rica-oral-surgery-endodontic-gum-graft-surgeries\/","name":"Cirug\u00edas Orales en Costa Rica, Cirug\u00edas Endod\u00f3nticas, Injerto de Enc\u00edas","isPartOf":{"@id":"https:\/\/advancedentalcostarica.com\/#website"},"primaryImageOfPage":{"@id":"https:\/\/www.advancedentalcostarica.com\/costa-rica-oral-surgery-endodontic-gum-graft-surgeries\/#primaryimage"},"image":{"@id":"https:\/\/www.advancedentalcostarica.com\/costa-rica-oral-surgery-endodontic-gum-graft-surgeries\/#primaryimage"},"thumbnailUrl":"https:\/\/advancedentalcostarica.com\/wp-content\/uploads\/2016\/09\/costa-rica-oral-surgery-gum-graft-600x235-300x118@2x.jpg","datePublished":"2016-09-21T02:22:05+00:00","dateModified":"2024-09-02T17:58:34+00:00","breadcrumb":{"@id":"https:\/\/www.advancedentalcostarica.com\/costa-rica-oral-surgery-endodontic-gum-graft-surgeries\/#breadcrumb"},"inLanguage":"es-CR","potentialAction":[{"@type":"ReadAction","target":["https:\/\/www.advancedentalcostarica.com\/costa-rica-oral-surgery-endodontic-gum-graft-surgeries\/"]}]},{"@type":"ImageObject","inLanguage":"es-CR","@id":"https:\/\/www.advancedentalcostarica.com\/costa-rica-oral-surgery-endodontic-gum-graft-surgeries\/#primaryimage","url":"https:\/\/advancedentalcostarica.com\/wp-content\/uploads\/2016\/09\/costa-rica-oral-surgery-gum-graft-600x235-300x118@2x.jpg","contentUrl":"https:\/\/advancedentalcostarica.com\/wp-content\/uploads\/2016\/09\/costa-rica-oral-surgery-gum-graft-600x235-300x118@2x.jpg"},{"@type":"BreadcrumbList","@id":"https:\/\/www.advancedentalcostarica.com\/costa-rica-oral-surgery-endodontic-gum-graft-surgeries\/#breadcrumb","itemListElement":[{"@type":"ListItem","position":1,"name":"Home","item":"https:\/\/www.advancedentalcostarica.com\/es\/"},{"@type":"ListItem","position":2,"name":"Cirug\u00edas Orales en Costa Rica \/ Cirug\u00edas Endod\u00f3nticas y de Injerto de Enc\u00edas"}]},{"@type":"WebSite","@id":"https:\/\/advancedentalcostarica.com\/#website","url":"https:\/\/advancedentalcostarica.com\/","name":"Advance Dental Costa Rica","description":"Dental Costs in Costa Rica - Procedures Prices","potentialAction":[{"@type":"SearchAction","target":{"@type":"EntryPoint","urlTemplate":"https:\/\/advancedentalcostarica.com\/?s={search_term_string}"},"query-input":{"@type":"PropertyValueSpecification","valueRequired":true,"valueName":"search_term_string"}}],"inLanguage":"es-CR"}]}},"_links":{"self":[{"href":"https:\/\/www.advancedentalcostarica.com\/es\/wp-json\/wp\/v2\/pages\/8725","targetHints":{"allow":["GET"]}}],"collection":[{"href":"https:\/\/www.advancedentalcostarica.com\/es\/wp-json\/wp\/v2\/pages"}],"about":[{"href":"https:\/\/www.advancedentalcostarica.com\/es\/wp-json\/wp\/v2\/types\/page"}],"author":[{"embeddable":true,"href":"https:\/\/www.advancedentalcostarica.com\/es\/wp-json\/wp\/v2\/users\/1"}],"replies":[{"embeddable":true,"href":"https:\/\/www.advancedentalcostarica.com\/es\/wp-json\/wp\/v2\/comments?post=8725"}],"version-history":[{"count":4,"href":"https:\/\/www.advancedentalcostarica.com\/es\/wp-json\/wp\/v2\/pages\/8725\/revisions"}],"predecessor-version":[{"id":13985,"href":"https:\/\/www.advancedentalcostarica.com\/es\/wp-json\/wp\/v2\/pages\/8725\/revisions\/13985"}],"wp:attachment":[{"href":"https:\/\/www.advancedentalcostarica.com\/es\/wp-json\/wp\/v2\/media?parent=8725"}],"curies":[{"name":"wp","href":"https:\/\/api.w.org\/{rel}","templated":true}]}}