{"id":8723,"date":"2016-09-21T02:20:29","date_gmt":"2016-09-21T02:20:29","guid":{"rendered":"http:\/\/cosmeticdentistcostarica.com\/es\/?page_id=8723"},"modified":"2021-01-19T00:27:15","modified_gmt":"2021-01-19T00:27:15","slug":"rehabilitaciones-orales","status":"publish","type":"page","link":"https:\/\/www.advancedentalcostarica.com\/es\/rehabilitaciones-orales\/","title":{"rendered":"Rehabilitaciones Orales"},"content":{"rendered":"<div class=\"wpb-content-wrapper\"><p>[vc_row][vc_column][vc_column_text]<\/p>\n<h2>\u00bfQu\u00e9 es una reconstrucci\u00f3n o restauraci\u00f3n de boca completa?<\/h2>\n<hr \/>\n<p>Como su nombre lo indica, una restauraci\u00f3n oral completa es cuando un paciente se somete a una serie de procedimientos para reconstruir o reemplazar la mayor\u00eda o todos sus dientes.<\/p>\n<p>Las restauraciones o reconstrucciones orales completas combinan la est\u00e9tica con la odontolog\u00eda restauradora para mejorar la belleza, la salud y la funci\u00f3n de la boca del paciente.<\/p>\n<p>Cuando se habla de restauraciones orales completas, se debe tener en cuenta tanto la funci\u00f3n como la est\u00e9tica a la hora de proponer un plan integral que buscar\u00e1 mejorar la salud, funci\u00f3n y belleza de la boca del paciente.<\/p>\n<p>Las restauraciones orales completas son posibles en nuestra Cl\u00ednica gracias al gran equipo interdisciplinario de Especialistas que trabajan constantemente en conjunto para recomendar la mejor ruta a seguir seg\u00fan las necesidades de cada Paciente.<\/p>\n<h2>\u00bfQui\u00e9nes son los candidatos perfectos para nuestros procedimientos de restauraci\u00f3n oral completa?<\/h2>\n<hr \/>\n<p>Es posible que algunos pacientes solo est\u00e9n considerando una restauraci\u00f3n oral completa debido a preocupaciones est\u00e9ticas. Los dientes de estos pacientes pueden estar en buena forma y se beneficiar\u00edan del uso de restauraciones como coronas dentales y carillas de porcelana para lograr el resultado exitoso y predecible que buscan: la sonrisa que siempre han deseado y merecen todos los d\u00edas.<\/p>\n<p>Por ejemplo, los pacientes que tienen bruxismo (rechinar de dientes) y tienen dientes muy desgastados, debido a afecciones como la Amelog\u00e9nesis por Displasia Ectod\u00e9rmica o Dentinogenesis Imperfecta, son pacientes que necesitan una reconstrucci\u00f3n oral completa.<\/p>\n<p><img loading=\"lazy\" decoding=\"async\" class=\"aligncenter size-full wp-image-11284\" src=\"https:\/\/advancedentalcostarica.com\/wp-content\/uploads\/2021\/01\/rehabilitaciones-orales-costa-rica-2-820x153-1.jpg\" alt=\"\" width=\"820\" height=\"153\" srcset=\"https:\/\/www.advancedentalcostarica.com\/wp-content\/uploads\/2021\/01\/rehabilitaciones-orales-costa-rica-2-820x153-1.jpg 820w, https:\/\/www.advancedentalcostarica.com\/wp-content\/uploads\/2021\/01\/rehabilitaciones-orales-costa-rica-2-820x153-1-300x56.jpg 300w, https:\/\/www.advancedentalcostarica.com\/wp-content\/uploads\/2021\/01\/rehabilitaciones-orales-costa-rica-2-820x153-1-600x112.jpg 600w, https:\/\/www.advancedentalcostarica.com\/wp-content\/uploads\/2021\/01\/rehabilitaciones-orales-costa-rica-2-820x153-1-555x104.jpg 555w, https:\/\/www.advancedentalcostarica.com\/wp-content\/uploads\/2021\/01\/rehabilitaciones-orales-costa-rica-2-820x153-1-360x67.jpg 360w, https:\/\/www.advancedentalcostarica.com\/wp-content\/uploads\/2021\/01\/rehabilitaciones-orales-costa-rica-2-820x153-1-262x49.jpg 262w\" sizes=\"auto, (max-width: 820px) 100vw, 820px\" \/><\/p>\n<p><img loading=\"lazy\" decoding=\"async\" class=\"aligncenter size-full wp-image-11282\" src=\"https:\/\/advancedentalcostarica.com\/wp-content\/uploads\/2021\/01\/rehabilitaciones-orales-costa-rica-3-820x268-1.jpg\" alt=\"\" width=\"820\" height=\"268\" srcset=\"https:\/\/www.advancedentalcostarica.com\/wp-content\/uploads\/2021\/01\/rehabilitaciones-orales-costa-rica-3-820x268-1.jpg 820w, https:\/\/www.advancedentalcostarica.com\/wp-content\/uploads\/2021\/01\/rehabilitaciones-orales-costa-rica-3-820x268-1-300x98.jpg 300w, https:\/\/www.advancedentalcostarica.com\/wp-content\/uploads\/2021\/01\/rehabilitaciones-orales-costa-rica-3-820x268-1-600x196.jpg 600w, https:\/\/www.advancedentalcostarica.com\/wp-content\/uploads\/2021\/01\/rehabilitaciones-orales-costa-rica-3-820x268-1-555x181.jpg 555w, https:\/\/www.advancedentalcostarica.com\/wp-content\/uploads\/2021\/01\/rehabilitaciones-orales-costa-rica-3-820x268-1-360x118.jpg 360w, https:\/\/www.advancedentalcostarica.com\/wp-content\/uploads\/2021\/01\/rehabilitaciones-orales-costa-rica-3-820x268-1-262x86.jpg 262w\" sizes=\"auto, (max-width: 820px) 100vw, 820px\" \/><\/p>\n<p><img loading=\"lazy\" decoding=\"async\" class=\"aligncenter size-full wp-image-11280\" src=\"https:\/\/advancedentalcostarica.com\/wp-content\/uploads\/2021\/01\/rehabilitaciones-orales-costa-rica-4-820x263-1.jpg\" alt=\"\" width=\"820\" height=\"263\" srcset=\"https:\/\/www.advancedentalcostarica.com\/wp-content\/uploads\/2021\/01\/rehabilitaciones-orales-costa-rica-4-820x263-1.jpg 820w, https:\/\/www.advancedentalcostarica.com\/wp-content\/uploads\/2021\/01\/rehabilitaciones-orales-costa-rica-4-820x263-1-300x96.jpg 300w, https:\/\/www.advancedentalcostarica.com\/wp-content\/uploads\/2021\/01\/rehabilitaciones-orales-costa-rica-4-820x263-1-600x192.jpg 600w, https:\/\/www.advancedentalcostarica.com\/wp-content\/uploads\/2021\/01\/rehabilitaciones-orales-costa-rica-4-820x263-1-555x178.jpg 555w, https:\/\/www.advancedentalcostarica.com\/wp-content\/uploads\/2021\/01\/rehabilitaciones-orales-costa-rica-4-820x263-1-360x115.jpg 360w, https:\/\/www.advancedentalcostarica.com\/wp-content\/uploads\/2021\/01\/rehabilitaciones-orales-costa-rica-4-820x263-1-262x84.jpg 262w\" sizes=\"auto, (max-width: 820px) 100vw, 820px\" \/><\/p>\n<p>Otros pacientes pueden requerir el uso de implantes dentales para proporcionar una soluci\u00f3n fija y duradera que aborde sus preocupaciones y necesidades dentales, como los pacientes que han perdido varios dientes o que tienen empastes grandes que pueden estar fallando o aquellos que se han agrietado, tienen dientes rotos y que tienen caries. Cuando \u00e9ste es el caso, siempre nos gusta asegurarnos primero de que estos pacientes sean realmente buenos candidatos para este tipo de implantes dentales. Cuando se comunique con nosotros por primera vez, nuestro Coordinador de Pacientes le har\u00e1 algunas preguntas que brindar\u00e1n a nuestros m\u00e9dicos una mejor comprensi\u00f3n de su caso.<\/p>\n<p><img loading=\"lazy\" decoding=\"async\" class=\"aligncenter size-full wp-image-11294\" src=\"https:\/\/advancedentalcostarica.com\/wp-content\/uploads\/2021\/01\/rehabilitaciones-orales-costa-rica-8-820x251-1.jpg\" alt=\"\" width=\"820\" height=\"251\" srcset=\"https:\/\/www.advancedentalcostarica.com\/wp-content\/uploads\/2021\/01\/rehabilitaciones-orales-costa-rica-8-820x251-1.jpg 820w, https:\/\/www.advancedentalcostarica.com\/wp-content\/uploads\/2021\/01\/rehabilitaciones-orales-costa-rica-8-820x251-1-300x92.jpg 300w, https:\/\/www.advancedentalcostarica.com\/wp-content\/uploads\/2021\/01\/rehabilitaciones-orales-costa-rica-8-820x251-1-600x184.jpg 600w, https:\/\/www.advancedentalcostarica.com\/wp-content\/uploads\/2021\/01\/rehabilitaciones-orales-costa-rica-8-820x251-1-555x170.jpg 555w, https:\/\/www.advancedentalcostarica.com\/wp-content\/uploads\/2021\/01\/rehabilitaciones-orales-costa-rica-8-820x251-1-360x110.jpg 360w, https:\/\/www.advancedentalcostarica.com\/wp-content\/uploads\/2021\/01\/rehabilitaciones-orales-costa-rica-8-820x251-1-262x80.jpg 262w\" sizes=\"auto, (max-width: 820px) 100vw, 820px\" \/><\/p>\n<p><img loading=\"lazy\" decoding=\"async\" class=\"aligncenter size-full wp-image-11292\" src=\"https:\/\/advancedentalcostarica.com\/wp-content\/uploads\/2021\/01\/rehabilitaciones-orales-costa-rica-9-820x259-1.jpg\" alt=\"\" width=\"820\" height=\"259\" srcset=\"https:\/\/www.advancedentalcostarica.com\/wp-content\/uploads\/2021\/01\/rehabilitaciones-orales-costa-rica-9-820x259-1.jpg 820w, https:\/\/www.advancedentalcostarica.com\/wp-content\/uploads\/2021\/01\/rehabilitaciones-orales-costa-rica-9-820x259-1-300x95.jpg 300w, https:\/\/www.advancedentalcostarica.com\/wp-content\/uploads\/2021\/01\/rehabilitaciones-orales-costa-rica-9-820x259-1-600x190.jpg 600w, https:\/\/www.advancedentalcostarica.com\/wp-content\/uploads\/2021\/01\/rehabilitaciones-orales-costa-rica-9-820x259-1-555x175.jpg 555w, https:\/\/www.advancedentalcostarica.com\/wp-content\/uploads\/2021\/01\/rehabilitaciones-orales-costa-rica-9-820x259-1-360x114.jpg 360w, https:\/\/www.advancedentalcostarica.com\/wp-content\/uploads\/2021\/01\/rehabilitaciones-orales-costa-rica-9-820x259-1-262x83.jpg 262w\" sizes=\"auto, (max-width: 820px) 100vw, 820px\" \/><\/p>\n<p><img loading=\"lazy\" decoding=\"async\" class=\"aligncenter size-full wp-image-11290\" src=\"https:\/\/advancedentalcostarica.com\/wp-content\/uploads\/2021\/01\/rehabilitaciones-orales-costa-rica-10-820x221-1.jpg\" alt=\"\" width=\"820\" height=\"221\" srcset=\"https:\/\/www.advancedentalcostarica.com\/wp-content\/uploads\/2021\/01\/rehabilitaciones-orales-costa-rica-10-820x221-1.jpg 820w, https:\/\/www.advancedentalcostarica.com\/wp-content\/uploads\/2021\/01\/rehabilitaciones-orales-costa-rica-10-820x221-1-300x81.jpg 300w, https:\/\/www.advancedentalcostarica.com\/wp-content\/uploads\/2021\/01\/rehabilitaciones-orales-costa-rica-10-820x221-1-600x162.jpg 600w, https:\/\/www.advancedentalcostarica.com\/wp-content\/uploads\/2021\/01\/rehabilitaciones-orales-costa-rica-10-820x221-1-555x150.jpg 555w, https:\/\/www.advancedentalcostarica.com\/wp-content\/uploads\/2021\/01\/rehabilitaciones-orales-costa-rica-10-820x221-1-360x97.jpg 360w, https:\/\/www.advancedentalcostarica.com\/wp-content\/uploads\/2021\/01\/rehabilitaciones-orales-costa-rica-10-820x221-1-262x71.jpg 262w\" sizes=\"auto, (max-width: 820px) 100vw, 820px\" \/><\/p>\n<p><img loading=\"lazy\" decoding=\"async\" class=\"aligncenter size-full wp-image-11288\" src=\"https:\/\/advancedentalcostarica.com\/wp-content\/uploads\/2021\/01\/rehabilitaciones-orales-costa-rica-11-820x282-1.jpg\" alt=\"\" width=\"820\" height=\"282\" srcset=\"https:\/\/www.advancedentalcostarica.com\/wp-content\/uploads\/2021\/01\/rehabilitaciones-orales-costa-rica-11-820x282-1.jpg 820w, https:\/\/www.advancedentalcostarica.com\/wp-content\/uploads\/2021\/01\/rehabilitaciones-orales-costa-rica-11-820x282-1-300x103.jpg 300w, https:\/\/www.advancedentalcostarica.com\/wp-content\/uploads\/2021\/01\/rehabilitaciones-orales-costa-rica-11-820x282-1-600x206.jpg 600w, https:\/\/www.advancedentalcostarica.com\/wp-content\/uploads\/2021\/01\/rehabilitaciones-orales-costa-rica-11-820x282-1-555x191.jpg 555w, https:\/\/www.advancedentalcostarica.com\/wp-content\/uploads\/2021\/01\/rehabilitaciones-orales-costa-rica-11-820x282-1-360x124.jpg 360w, https:\/\/www.advancedentalcostarica.com\/wp-content\/uploads\/2021\/01\/rehabilitaciones-orales-costa-rica-11-820x282-1-262x90.jpg 262w\" sizes=\"auto, (max-width: 820px) 100vw, 820px\" \/><\/p>\n<p><img loading=\"lazy\" decoding=\"async\" class=\"aligncenter size-full wp-image-11286\" src=\"https:\/\/advancedentalcostarica.com\/wp-content\/uploads\/2021\/01\/rehabilitaciones-orales-costa-rica-12-820x320-1.jpg\" alt=\"\" width=\"820\" height=\"320\" srcset=\"https:\/\/www.advancedentalcostarica.com\/wp-content\/uploads\/2021\/01\/rehabilitaciones-orales-costa-rica-12-820x320-1.jpg 820w, https:\/\/www.advancedentalcostarica.com\/wp-content\/uploads\/2021\/01\/rehabilitaciones-orales-costa-rica-12-820x320-1-300x117.jpg 300w, https:\/\/www.advancedentalcostarica.com\/wp-content\/uploads\/2021\/01\/rehabilitaciones-orales-costa-rica-12-820x320-1-600x234.jpg 600w, https:\/\/www.advancedentalcostarica.com\/wp-content\/uploads\/2021\/01\/rehabilitaciones-orales-costa-rica-12-820x320-1-555x217.jpg 555w, https:\/\/www.advancedentalcostarica.com\/wp-content\/uploads\/2021\/01\/rehabilitaciones-orales-costa-rica-12-820x320-1-360x140.jpg 360w, https:\/\/www.advancedentalcostarica.com\/wp-content\/uploads\/2021\/01\/rehabilitaciones-orales-costa-rica-12-820x320-1-262x102.jpg 262w\" sizes=\"auto, (max-width: 820px) 100vw, 820px\" \/><\/p>\n<p>Los pacientes que han tenido c\u00e1ncer oral tambi\u00e9n pueden requerir una reconstrucci\u00f3n bucal completa para reemplazar los dientes faltantes y, en algunos casos, reemplazar las estructuras faltantes de la cavidad oral.<\/p>\n<p>Las restauraciones como onlays, inlays, implantes dentales, dentaduras removibles, carillas o puentes se usan generalmente para ayudar a lograr un cambio de imagen de la sonrisa que brinda soluciones en el tema de la funci\u00f3n y la est\u00e9tica.<\/p>\n<p><img loading=\"lazy\" decoding=\"async\" class=\"aligncenter size-full wp-image-11296\" src=\"https:\/\/advancedentalcostarica.com\/wp-content\/uploads\/2021\/01\/rehabilitaciones-orales-costa-rica-1-820x189-1.jpg\" alt=\"\" width=\"820\" height=\"189\" srcset=\"https:\/\/www.advancedentalcostarica.com\/wp-content\/uploads\/2021\/01\/rehabilitaciones-orales-costa-rica-1-820x189-1.jpg 820w, https:\/\/www.advancedentalcostarica.com\/wp-content\/uploads\/2021\/01\/rehabilitaciones-orales-costa-rica-1-820x189-1-300x69.jpg 300w, https:\/\/www.advancedentalcostarica.com\/wp-content\/uploads\/2021\/01\/rehabilitaciones-orales-costa-rica-1-820x189-1-600x138.jpg 600w, https:\/\/www.advancedentalcostarica.com\/wp-content\/uploads\/2021\/01\/rehabilitaciones-orales-costa-rica-1-820x189-1-555x128.jpg 555w, https:\/\/www.advancedentalcostarica.com\/wp-content\/uploads\/2021\/01\/rehabilitaciones-orales-costa-rica-1-820x189-1-360x83.jpg 360w, https:\/\/www.advancedentalcostarica.com\/wp-content\/uploads\/2021\/01\/rehabilitaciones-orales-costa-rica-1-820x189-1-262x60.jpg 262w\" sizes=\"auto, (max-width: 820px) 100vw, 820px\" \/><\/p>\n<p><img loading=\"lazy\" decoding=\"async\" class=\"aligncenter size-full wp-image-11302\" src=\"https:\/\/advancedentalcostarica.com\/wp-content\/uploads\/2021\/01\/rehabilitaciones-orales-costa-rica-5-820x158-1.jpg\" alt=\"\" width=\"820\" height=\"158\" srcset=\"https:\/\/www.advancedentalcostarica.com\/wp-content\/uploads\/2021\/01\/rehabilitaciones-orales-costa-rica-5-820x158-1.jpg 820w, https:\/\/www.advancedentalcostarica.com\/wp-content\/uploads\/2021\/01\/rehabilitaciones-orales-costa-rica-5-820x158-1-300x58.jpg 300w, https:\/\/www.advancedentalcostarica.com\/wp-content\/uploads\/2021\/01\/rehabilitaciones-orales-costa-rica-5-820x158-1-600x116.jpg 600w, https:\/\/www.advancedentalcostarica.com\/wp-content\/uploads\/2021\/01\/rehabilitaciones-orales-costa-rica-5-820x158-1-555x107.jpg 555w, https:\/\/www.advancedentalcostarica.com\/wp-content\/uploads\/2021\/01\/rehabilitaciones-orales-costa-rica-5-820x158-1-360x69.jpg 360w, https:\/\/www.advancedentalcostarica.com\/wp-content\/uploads\/2021\/01\/rehabilitaciones-orales-costa-rica-5-820x158-1-262x50.jpg 262w\" sizes=\"auto, (max-width: 820px) 100vw, 820px\" \/><\/p>\n<p><img loading=\"lazy\" decoding=\"async\" class=\"aligncenter size-full wp-image-11300\" src=\"https:\/\/advancedentalcostarica.com\/wp-content\/uploads\/2021\/01\/rehabilitaciones-orales-costa-rica-6-820x275-1.jpg\" alt=\"\" width=\"820\" height=\"275\" srcset=\"https:\/\/www.advancedentalcostarica.com\/wp-content\/uploads\/2021\/01\/rehabilitaciones-orales-costa-rica-6-820x275-1.jpg 820w, https:\/\/www.advancedentalcostarica.com\/wp-content\/uploads\/2021\/01\/rehabilitaciones-orales-costa-rica-6-820x275-1-300x101.jpg 300w, https:\/\/www.advancedentalcostarica.com\/wp-content\/uploads\/2021\/01\/rehabilitaciones-orales-costa-rica-6-820x275-1-600x201.jpg 600w, https:\/\/www.advancedentalcostarica.com\/wp-content\/uploads\/2021\/01\/rehabilitaciones-orales-costa-rica-6-820x275-1-555x186.jpg 555w, https:\/\/www.advancedentalcostarica.com\/wp-content\/uploads\/2021\/01\/rehabilitaciones-orales-costa-rica-6-820x275-1-360x121.jpg 360w, https:\/\/www.advancedentalcostarica.com\/wp-content\/uploads\/2021\/01\/rehabilitaciones-orales-costa-rica-6-820x275-1-262x88.jpg 262w\" sizes=\"auto, (max-width: 820px) 100vw, 820px\" \/><\/p>\n<p><img loading=\"lazy\" decoding=\"async\" class=\"aligncenter size-full wp-image-11298\" src=\"https:\/\/advancedentalcostarica.com\/wp-content\/uploads\/2021\/01\/rehabilitaciones-orales-costa-rica-7-820x278-1.jpg\" alt=\"\" width=\"820\" height=\"278\" srcset=\"https:\/\/www.advancedentalcostarica.com\/wp-content\/uploads\/2021\/01\/rehabilitaciones-orales-costa-rica-7-820x278-1.jpg 820w, https:\/\/www.advancedentalcostarica.com\/wp-content\/uploads\/2021\/01\/rehabilitaciones-orales-costa-rica-7-820x278-1-300x102.jpg 300w, https:\/\/www.advancedentalcostarica.com\/wp-content\/uploads\/2021\/01\/rehabilitaciones-orales-costa-rica-7-820x278-1-600x203.jpg 600w, https:\/\/www.advancedentalcostarica.com\/wp-content\/uploads\/2021\/01\/rehabilitaciones-orales-costa-rica-7-820x278-1-555x188.jpg 555w, https:\/\/www.advancedentalcostarica.com\/wp-content\/uploads\/2021\/01\/rehabilitaciones-orales-costa-rica-7-820x278-1-360x122.jpg 360w, https:\/\/www.advancedentalcostarica.com\/wp-content\/uploads\/2021\/01\/rehabilitaciones-orales-costa-rica-7-820x278-1-262x89.jpg 262w\" sizes=\"auto, (max-width: 820px) 100vw, 820px\" \/><\/p>\n<p>Si tiene alguna pregunta sobre nuestros procedimientos de restauraci\u00f3n oral completa, no dude en contactarnos haciendo clic en el siguiente enlace &#8211; <a href=\"https:\/\/advancedentalcostarica.com\/es\/contacto\/\">Cont\u00e1ctenos<\/a> -[\/vc_column_text][\/vc_column][\/vc_row]<\/p>\n<\/div>","protected":false},"excerpt":{"rendered":"<p>[vc_row][vc_column][vc_column_text] \u00bfQu\u00e9 es una reconstrucci\u00f3n o restauraci\u00f3n de boca completa? Como su nombre lo indica, una restauraci\u00f3n oral completa es cuando un paciente se somete a una serie de procedimientos para reconstruir o reemplazar la mayor\u00eda o todos sus dientes. Las restauraciones o reconstrucciones orales completas combinan la est\u00e9tica con la odontolog\u00eda restauradora para mejorar&#8230;<\/p>\n","protected":false},"author":1,"featured_media":0,"parent":0,"menu_order":9,"comment_status":"closed","ping_status":"closed","template":"","meta":{"footnotes":""},"class_list":["post-8723","page","type-page","status-publish"],"yoast_head":"<!-- This site is optimized with the Yoast SEO plugin v27.4 - https:\/\/yoast.com\/product\/yoast-seo-wordpress\/ -->\n<title>Rehabilitaciones Orales - Advance Dental Costa Rica<\/title>\n<meta name=\"robots\" content=\"index, follow, max-snippet:-1, max-image-preview:large, max-video-preview:-1\" \/>\n<link rel=\"canonical\" href=\"https:\/\/www.advancedentalcostarica.com\/costa-rica-full-mouth-restoration\/\" \/>\n<meta property=\"og:locale\" content=\"es_ES\" \/>\n<meta property=\"og:type\" content=\"article\" \/>\n<meta property=\"og:title\" content=\"Rehabilitaciones Orales - Advance Dental Costa Rica\" \/>\n<meta property=\"og:description\" content=\"[vc_row][vc_column][vc_column_text] \u00bfQu\u00e9 es una reconstrucci\u00f3n o restauraci\u00f3n de boca completa? Como su nombre lo indica, una restauraci\u00f3n oral completa es cuando un paciente se somete a una serie de procedimientos para reconstruir o reemplazar la mayor\u00eda o todos sus dientes. Las restauraciones o reconstrucciones orales completas combinan la est\u00e9tica con la odontolog\u00eda restauradora para mejorar...\" \/>\n<meta property=\"og:url\" content=\"https:\/\/www.advancedentalcostarica.com\/costa-rica-full-mouth-restoration\/\" \/>\n<meta property=\"og:site_name\" content=\"Advance Dental Costa Rica\" \/>\n<meta property=\"article:modified_time\" content=\"2021-01-19T00:27:15+00:00\" \/>\n<meta property=\"og:image\" content=\"https:\/\/advancedentalcostarica.com\/wp-content\/uploads\/2021\/01\/rehabilitaciones-orales-costa-rica-2-820x153-1.jpg\" \/>\n<meta name=\"twitter:label1\" content=\"Est. reading time\" \/>\n\t<meta name=\"twitter:data1\" content=\"5 minutos\" \/>\n<script type=\"application\/ld+json\" class=\"yoast-schema-graph\">{\"@context\":\"https:\\\/\\\/schema.org\",\"@graph\":[{\"@type\":\"WebPage\",\"@id\":\"https:\\\/\\\/www.advancedentalcostarica.com\\\/costa-rica-full-mouth-restoration\\\/\",\"url\":\"https:\\\/\\\/www.advancedentalcostarica.com\\\/costa-rica-full-mouth-restoration\\\/\",\"name\":\"Rehabilitaciones Orales - Advance Dental Costa Rica\",\"isPartOf\":{\"@id\":\"https:\\\/\\\/advancedentalcostarica.com\\\/#website\"},\"primaryImageOfPage\":{\"@id\":\"https:\\\/\\\/www.advancedentalcostarica.com\\\/costa-rica-full-mouth-restoration\\\/#primaryimage\"},\"image\":{\"@id\":\"https:\\\/\\\/www.advancedentalcostarica.com\\\/costa-rica-full-mouth-restoration\\\/#primaryimage\"},\"thumbnailUrl\":\"https:\\\/\\\/advancedentalcostarica.com\\\/wp-content\\\/uploads\\\/2021\\\/01\\\/rehabilitaciones-orales-costa-rica-2-820x153-1.jpg\",\"datePublished\":\"2016-09-21T02:20:29+00:00\",\"dateModified\":\"2021-01-19T00:27:15+00:00\",\"breadcrumb\":{\"@id\":\"https:\\\/\\\/www.advancedentalcostarica.com\\\/costa-rica-full-mouth-restoration\\\/#breadcrumb\"},\"inLanguage\":\"es-CR\",\"potentialAction\":[{\"@type\":\"ReadAction\",\"target\":[\"https:\\\/\\\/www.advancedentalcostarica.com\\\/costa-rica-full-mouth-restoration\\\/\"]}]},{\"@type\":\"ImageObject\",\"inLanguage\":\"es-CR\",\"@id\":\"https:\\\/\\\/www.advancedentalcostarica.com\\\/costa-rica-full-mouth-restoration\\\/#primaryimage\",\"url\":\"https:\\\/\\\/advancedentalcostarica.com\\\/wp-content\\\/uploads\\\/2021\\\/01\\\/rehabilitaciones-orales-costa-rica-2-820x153-1.jpg\",\"contentUrl\":\"https:\\\/\\\/advancedentalcostarica.com\\\/wp-content\\\/uploads\\\/2021\\\/01\\\/rehabilitaciones-orales-costa-rica-2-820x153-1.jpg\"},{\"@type\":\"BreadcrumbList\",\"@id\":\"https:\\\/\\\/www.advancedentalcostarica.com\\\/costa-rica-full-mouth-restoration\\\/#breadcrumb\",\"itemListElement\":[{\"@type\":\"ListItem\",\"position\":1,\"name\":\"Home\",\"item\":\"https:\\\/\\\/www.advancedentalcostarica.com\\\/es\\\/\"},{\"@type\":\"ListItem\",\"position\":2,\"name\":\"Rehabilitaciones Orales\"}]},{\"@type\":\"WebSite\",\"@id\":\"https:\\\/\\\/advancedentalcostarica.com\\\/#website\",\"url\":\"https:\\\/\\\/advancedentalcostarica.com\\\/\",\"name\":\"Advance Dental Costa Rica\",\"description\":\"Dental Costs in Costa Rica - Procedures Prices\",\"potentialAction\":[{\"@type\":\"SearchAction\",\"target\":{\"@type\":\"EntryPoint\",\"urlTemplate\":\"https:\\\/\\\/advancedentalcostarica.com\\\/?s={search_term_string}\"},\"query-input\":{\"@type\":\"PropertyValueSpecification\",\"valueRequired\":true,\"valueName\":\"search_term_string\"}}],\"inLanguage\":\"es-CR\"}]}<\/script>\n<!-- \/ Yoast SEO plugin. -->","yoast_head_json":{"title":"Rehabilitaciones Orales - Advance Dental Costa Rica","robots":{"index":"index","follow":"follow","max-snippet":"max-snippet:-1","max-image-preview":"max-image-preview:large","max-video-preview":"max-video-preview:-1"},"canonical":"https:\/\/www.advancedentalcostarica.com\/costa-rica-full-mouth-restoration\/","og_locale":"es_ES","og_type":"article","og_title":"Rehabilitaciones Orales - Advance Dental Costa Rica","og_description":"[vc_row][vc_column][vc_column_text] \u00bfQu\u00e9 es una reconstrucci\u00f3n o restauraci\u00f3n de boca completa? Como su nombre lo indica, una restauraci\u00f3n oral completa es cuando un paciente se somete a una serie de procedimientos para reconstruir o reemplazar la mayor\u00eda o todos sus dientes. Las restauraciones o reconstrucciones orales completas combinan la est\u00e9tica con la odontolog\u00eda restauradora para mejorar...","og_url":"https:\/\/www.advancedentalcostarica.com\/costa-rica-full-mouth-restoration\/","og_site_name":"Advance Dental Costa Rica","article_modified_time":"2021-01-19T00:27:15+00:00","og_image":[{"url":"https:\/\/advancedentalcostarica.com\/wp-content\/uploads\/2021\/01\/rehabilitaciones-orales-costa-rica-2-820x153-1.jpg","type":"","width":"","height":""}],"twitter_misc":{"Est. reading time":"5 minutos"},"schema":{"@context":"https:\/\/schema.org","@graph":[{"@type":"WebPage","@id":"https:\/\/www.advancedentalcostarica.com\/costa-rica-full-mouth-restoration\/","url":"https:\/\/www.advancedentalcostarica.com\/costa-rica-full-mouth-restoration\/","name":"Rehabilitaciones Orales - Advance Dental Costa Rica","isPartOf":{"@id":"https:\/\/advancedentalcostarica.com\/#website"},"primaryImageOfPage":{"@id":"https:\/\/www.advancedentalcostarica.com\/costa-rica-full-mouth-restoration\/#primaryimage"},"image":{"@id":"https:\/\/www.advancedentalcostarica.com\/costa-rica-full-mouth-restoration\/#primaryimage"},"thumbnailUrl":"https:\/\/advancedentalcostarica.com\/wp-content\/uploads\/2021\/01\/rehabilitaciones-orales-costa-rica-2-820x153-1.jpg","datePublished":"2016-09-21T02:20:29+00:00","dateModified":"2021-01-19T00:27:15+00:00","breadcrumb":{"@id":"https:\/\/www.advancedentalcostarica.com\/costa-rica-full-mouth-restoration\/#breadcrumb"},"inLanguage":"es-CR","potentialAction":[{"@type":"ReadAction","target":["https:\/\/www.advancedentalcostarica.com\/costa-rica-full-mouth-restoration\/"]}]},{"@type":"ImageObject","inLanguage":"es-CR","@id":"https:\/\/www.advancedentalcostarica.com\/costa-rica-full-mouth-restoration\/#primaryimage","url":"https:\/\/advancedentalcostarica.com\/wp-content\/uploads\/2021\/01\/rehabilitaciones-orales-costa-rica-2-820x153-1.jpg","contentUrl":"https:\/\/advancedentalcostarica.com\/wp-content\/uploads\/2021\/01\/rehabilitaciones-orales-costa-rica-2-820x153-1.jpg"},{"@type":"BreadcrumbList","@id":"https:\/\/www.advancedentalcostarica.com\/costa-rica-full-mouth-restoration\/#breadcrumb","itemListElement":[{"@type":"ListItem","position":1,"name":"Home","item":"https:\/\/www.advancedentalcostarica.com\/es\/"},{"@type":"ListItem","position":2,"name":"Rehabilitaciones Orales"}]},{"@type":"WebSite","@id":"https:\/\/advancedentalcostarica.com\/#website","url":"https:\/\/advancedentalcostarica.com\/","name":"Advance Dental Costa Rica","description":"Dental Costs in Costa Rica - Procedures Prices","potentialAction":[{"@type":"SearchAction","target":{"@type":"EntryPoint","urlTemplate":"https:\/\/advancedentalcostarica.com\/?s={search_term_string}"},"query-input":{"@type":"PropertyValueSpecification","valueRequired":true,"valueName":"search_term_string"}}],"inLanguage":"es-CR"}]}},"_links":{"self":[{"href":"https:\/\/www.advancedentalcostarica.com\/es\/wp-json\/wp\/v2\/pages\/8723","targetHints":{"allow":["GET"]}}],"collection":[{"href":"https:\/\/www.advancedentalcostarica.com\/es\/wp-json\/wp\/v2\/pages"}],"about":[{"href":"https:\/\/www.advancedentalcostarica.com\/es\/wp-json\/wp\/v2\/types\/page"}],"author":[{"embeddable":true,"href":"https:\/\/www.advancedentalcostarica.com\/es\/wp-json\/wp\/v2\/users\/1"}],"replies":[{"embeddable":true,"href":"https:\/\/www.advancedentalcostarica.com\/es\/wp-json\/wp\/v2\/comments?post=8723"}],"version-history":[{"count":4,"href":"https:\/\/www.advancedentalcostarica.com\/es\/wp-json\/wp\/v2\/pages\/8723\/revisions"}],"predecessor-version":[{"id":11304,"href":"https:\/\/www.advancedentalcostarica.com\/es\/wp-json\/wp\/v2\/pages\/8723\/revisions\/11304"}],"wp:attachment":[{"href":"https:\/\/www.advancedentalcostarica.com\/es\/wp-json\/wp\/v2\/media?parent=8723"}],"curies":[{"name":"wp","href":"https:\/\/api.w.org\/{rel}","templated":true}]}}