{"id":8707,"date":"2016-09-21T01:44:33","date_gmt":"2016-09-21T01:44:33","guid":{"rendered":"http:\/\/cosmeticdentistcostarica.com\/es\/?page_id=8707"},"modified":"2021-01-12T20:51:59","modified_gmt":"2021-01-12T20:51:59","slug":"resinas-dentales","status":"publish","type":"page","link":"https:\/\/www.advancedentalcostarica.com\/es\/resinas-dentales\/","title":{"rendered":"Resinas Dentales en Costa Rica"},"content":{"rendered":"<div class=\"wpb-content-wrapper\"><p>[vc_row][vc_column][vc_column_text]Cuando en alguna de nuestras piezas dentales se nota una caries de tama\u00f1o peque\u00f1o a moderado, o una peque\u00f1a fractura o imperfecci\u00f3n y esta necesita ser reparada, la opci\u00f3n m\u00e1s conservadora y est\u00e9tica es optar por las resinas dentales. Este procedimiento es tambi\u00e9n conocido como una calza blanca.<\/p>\n<p>En Advance Dental Costa Rica, este es uno de los tratamientos m\u00e1s realizados ya que tiene un costo econ\u00f3mico muy accesible y los resultados que se obtienen son de mucha satisfacci\u00f3n para nuestros pacientes. Como en todos los materiales dentales que son utilizados en Advance Dental Costa Rica para realizar estos procedimientos solo adquirimos los productos de la mejor calidad y con resultados probados es por eso que las resinas Cosmodent, Renamel, Ultradent, Opalecense y las Coltene Miris, son nuestras opciones para este tratamiento ya que estas nos brindan la mayor resistencia y un mejor resultado est\u00e9tico que otras resinas en el mercado.<\/p>\n<p>El Dr. Eugenio J. Brenes, D.D.S. recibi\u00f3 en el 2008 en San Francisco, California un entrenamiento personal con el Dr. Didier Dietschi, quien es una de las m\u00e1ximas autoridades mundiales en los procedimiento de resinas, y adquiri\u00f3 con \u00e9l los conocimientos necesarios para poder realizar la t\u00e9cnica llamada \u201cThe Natural Layering Concept\u201d con la cual se toman las caracter\u00edsticas naturales del diente y se aplican a la restauraci\u00f3n d\u00e1ndonos un resultado sumamente natural, resistente y predecible.<\/p>\n<p>&nbsp;<\/p>\n<p><a href=\"https:\/\/advancedentalcostarica.com\/es\/contacto\/\"><img loading=\"lazy\" decoding=\"async\" class=\"aligncenter wp-image-8704 size-full\" src=\"https:\/\/advancedentalcostarica.com\/wp-content\/uploads\/2016\/09\/Resinas.jpg\" alt=\"resinas\" width=\"685\" height=\"456\" srcset=\"https:\/\/www.advancedentalcostarica.com\/wp-content\/uploads\/2016\/09\/Resinas.jpg 685w, https:\/\/www.advancedentalcostarica.com\/wp-content\/uploads\/2016\/09\/Resinas-300x200@2x.jpg 600w, https:\/\/www.advancedentalcostarica.com\/wp-content\/uploads\/2016\/09\/Resinas-300x200.jpg 300w, https:\/\/www.advancedentalcostarica.com\/wp-content\/uploads\/2016\/09\/Resinas-555x370.jpg 555w, https:\/\/www.advancedentalcostarica.com\/wp-content\/uploads\/2016\/09\/Resinas-360x240.jpg 360w, https:\/\/www.advancedentalcostarica.com\/wp-content\/uploads\/2016\/09\/Resinas-262x175.jpg 262w, https:\/\/www.advancedentalcostarica.com\/wp-content\/uploads\/2016\/09\/Resinas-262x175@2x.jpg 524w\" sizes=\"auto, (max-width: 685px) 100vw, 685px\" \/><\/a><\/p>\n<p>&nbsp;<\/p>\n<p>Para las resinas usualmente el tiempo necesario para realizar el tratamiento es de 45 a 1 hora por diente.<\/p>\n<p>El procedimiento consiste en preparar el \u00e1rea afectada siempre y cuando tenga una extensi\u00f3n que abarque entre un tercio y la mitad de la estructura dental. Al estar listo el diente se aplica la resina, y se detalla individualmente, respetando la estructura de diente que la rodea, tambi\u00e9n se afinan detalles para no incurrir en cambios a la mordida, una vez que se esculpe y se dise\u00f1a la resina, se procede a utilizar una luz que fotocura, y hace que la resina adquiera todas sus propiedades de dureza y resistencia.<\/p>\n<p>El realizar resinas dentales es un tratamiento indoloro, r\u00e1pido y usualmente se pueden realizar correcciones en una sola cita. Sin necesidad de hacer moldes dentales o de citas para prueba.<\/p>\n<p>No existe ninguna contra indicaci\u00f3n m\u00e9dica para realizarse este tratamiento dental. Vis\u00edtenos o cont\u00e1ctenos en Advance Dental Costa Rica para poder darle mas informaci\u00f3n acerca de las resinas dentales y de c\u00f3mo podemos coordinar una cita para poder ayudarle con este tratamiento.[\/vc_column_text][\/vc_column][\/vc_row]<\/p>\n<\/div>","protected":false},"excerpt":{"rendered":"<p>[vc_row][vc_column][vc_column_text]Cuando en alguna de nuestras piezas dentales se nota una caries de tama\u00f1o peque\u00f1o a moderado, o una peque\u00f1a fractura o imperfecci\u00f3n y esta necesita ser reparada, la opci\u00f3n m\u00e1s conservadora y est\u00e9tica es optar por las resinas dentales. Este procedimiento es tambi\u00e9n conocido como una calza blanca. En Advance Dental Costa Rica, este es&#8230;<\/p>\n","protected":false},"author":1,"featured_media":8433,"parent":0,"menu_order":1,"comment_status":"closed","ping_status":"closed","template":"","meta":{"footnotes":""},"class_list":["post-8707","page","type-page","status-publish","has-post-thumbnail"],"yoast_head":"<!-- This site is optimized with the Yoast SEO plugin v27.4 - https:\/\/yoast.com\/product\/yoast-seo-wordpress\/ -->\n<title>Resinas Dentales en Costa Rica - Advance Dental Costa Rica<\/title>\n<meta name=\"robots\" content=\"index, follow, max-snippet:-1, max-image-preview:large, max-video-preview:-1\" \/>\n<link rel=\"canonical\" href=\"https:\/\/www.advancedentalcostarica.com\/es\/resinas-dentales\/\" \/>\n<meta property=\"og:locale\" content=\"es_ES\" \/>\n<meta property=\"og:type\" content=\"article\" \/>\n<meta property=\"og:title\" content=\"Resinas Dentales en Costa Rica - Advance Dental Costa Rica\" \/>\n<meta property=\"og:description\" content=\"[vc_row][vc_column][vc_column_text]Cuando en alguna de nuestras piezas dentales se nota una caries de tama\u00f1o peque\u00f1o a moderado, o una peque\u00f1a fractura o imperfecci\u00f3n y esta necesita ser reparada, la opci\u00f3n m\u00e1s conservadora y est\u00e9tica es optar por las resinas dentales. Este procedimiento es tambi\u00e9n conocido como una calza blanca. En Advance Dental Costa Rica, este es...\" \/>\n<meta property=\"og:url\" content=\"https:\/\/www.advancedentalcostarica.com\/es\/resinas-dentales\/\" \/>\n<meta property=\"og:site_name\" content=\"Advance Dental Costa Rica\" \/>\n<meta property=\"article:modified_time\" content=\"2021-01-12T20:51:59+00:00\" \/>\n<meta property=\"og:image\" content=\"https:\/\/www.advancedentalcostarica.com\/wp-content\/uploads\/2016\/09\/dental_procedure_9.png\" \/>\n\t<meta property=\"og:image:width\" content=\"59\" \/>\n\t<meta property=\"og:image:height\" content=\"90\" \/>\n\t<meta property=\"og:image:type\" content=\"image\/png\" \/>\n<meta name=\"twitter:label1\" content=\"Est. reading time\" \/>\n\t<meta name=\"twitter:data1\" content=\"2 minutos\" \/>\n<script type=\"application\/ld+json\" class=\"yoast-schema-graph\">{\"@context\":\"https:\\\/\\\/schema.org\",\"@graph\":[{\"@type\":\"WebPage\",\"@id\":\"https:\\\/\\\/www.advancedentalcostarica.com\\\/es\\\/resinas-dentales\\\/\",\"url\":\"https:\\\/\\\/www.advancedentalcostarica.com\\\/es\\\/resinas-dentales\\\/\",\"name\":\"Resinas Dentales en Costa Rica - Advance Dental Costa Rica\",\"isPartOf\":{\"@id\":\"https:\\\/\\\/advancedentalcostarica.com\\\/#website\"},\"primaryImageOfPage\":{\"@id\":\"https:\\\/\\\/www.advancedentalcostarica.com\\\/es\\\/resinas-dentales\\\/#primaryimage\"},\"image\":{\"@id\":\"https:\\\/\\\/www.advancedentalcostarica.com\\\/es\\\/resinas-dentales\\\/#primaryimage\"},\"thumbnailUrl\":\"https:\\\/\\\/www.advancedentalcostarica.com\\\/wp-content\\\/uploads\\\/2016\\\/09\\\/dental_procedure_9.png\",\"datePublished\":\"2016-09-21T01:44:33+00:00\",\"dateModified\":\"2021-01-12T20:51:59+00:00\",\"breadcrumb\":{\"@id\":\"https:\\\/\\\/www.advancedentalcostarica.com\\\/es\\\/resinas-dentales\\\/#breadcrumb\"},\"inLanguage\":\"es-CR\",\"potentialAction\":[{\"@type\":\"ReadAction\",\"target\":[\"https:\\\/\\\/www.advancedentalcostarica.com\\\/es\\\/resinas-dentales\\\/\"]}]},{\"@type\":\"ImageObject\",\"inLanguage\":\"es-CR\",\"@id\":\"https:\\\/\\\/www.advancedentalcostarica.com\\\/es\\\/resinas-dentales\\\/#primaryimage\",\"url\":\"https:\\\/\\\/www.advancedentalcostarica.com\\\/wp-content\\\/uploads\\\/2016\\\/09\\\/dental_procedure_9.png\",\"contentUrl\":\"https:\\\/\\\/www.advancedentalcostarica.com\\\/wp-content\\\/uploads\\\/2016\\\/09\\\/dental_procedure_9.png\",\"width\":59,\"height\":90},{\"@type\":\"BreadcrumbList\",\"@id\":\"https:\\\/\\\/www.advancedentalcostarica.com\\\/es\\\/resinas-dentales\\\/#breadcrumb\",\"itemListElement\":[{\"@type\":\"ListItem\",\"position\":1,\"name\":\"Home\",\"item\":\"https:\\\/\\\/www.advancedentalcostarica.com\\\/es\\\/\"},{\"@type\":\"ListItem\",\"position\":2,\"name\":\"Resinas Dentales en Costa Rica\"}]},{\"@type\":\"WebSite\",\"@id\":\"https:\\\/\\\/advancedentalcostarica.com\\\/#website\",\"url\":\"https:\\\/\\\/advancedentalcostarica.com\\\/\",\"name\":\"Advance Dental Costa Rica\",\"description\":\"Dental Costs in Costa Rica - Procedures Prices\",\"potentialAction\":[{\"@type\":\"SearchAction\",\"target\":{\"@type\":\"EntryPoint\",\"urlTemplate\":\"https:\\\/\\\/advancedentalcostarica.com\\\/?s={search_term_string}\"},\"query-input\":{\"@type\":\"PropertyValueSpecification\",\"valueRequired\":true,\"valueName\":\"search_term_string\"}}],\"inLanguage\":\"es-CR\"}]}<\/script>\n<!-- \/ Yoast SEO plugin. -->","yoast_head_json":{"title":"Resinas Dentales en Costa Rica - Advance Dental Costa Rica","robots":{"index":"index","follow":"follow","max-snippet":"max-snippet:-1","max-image-preview":"max-image-preview:large","max-video-preview":"max-video-preview:-1"},"canonical":"https:\/\/www.advancedentalcostarica.com\/es\/resinas-dentales\/","og_locale":"es_ES","og_type":"article","og_title":"Resinas Dentales en Costa Rica - Advance Dental Costa Rica","og_description":"[vc_row][vc_column][vc_column_text]Cuando en alguna de nuestras piezas dentales se nota una caries de tama\u00f1o peque\u00f1o a moderado, o una peque\u00f1a fractura o imperfecci\u00f3n y esta necesita ser reparada, la opci\u00f3n m\u00e1s conservadora y est\u00e9tica es optar por las resinas dentales. Este procedimiento es tambi\u00e9n conocido como una calza blanca. En Advance Dental Costa Rica, este es...","og_url":"https:\/\/www.advancedentalcostarica.com\/es\/resinas-dentales\/","og_site_name":"Advance Dental Costa Rica","article_modified_time":"2021-01-12T20:51:59+00:00","og_image":[{"width":59,"height":90,"url":"https:\/\/www.advancedentalcostarica.com\/wp-content\/uploads\/2016\/09\/dental_procedure_9.png","type":"image\/png"}],"twitter_misc":{"Est. reading time":"2 minutos"},"schema":{"@context":"https:\/\/schema.org","@graph":[{"@type":"WebPage","@id":"https:\/\/www.advancedentalcostarica.com\/es\/resinas-dentales\/","url":"https:\/\/www.advancedentalcostarica.com\/es\/resinas-dentales\/","name":"Resinas Dentales en Costa Rica - Advance Dental Costa Rica","isPartOf":{"@id":"https:\/\/advancedentalcostarica.com\/#website"},"primaryImageOfPage":{"@id":"https:\/\/www.advancedentalcostarica.com\/es\/resinas-dentales\/#primaryimage"},"image":{"@id":"https:\/\/www.advancedentalcostarica.com\/es\/resinas-dentales\/#primaryimage"},"thumbnailUrl":"https:\/\/www.advancedentalcostarica.com\/wp-content\/uploads\/2016\/09\/dental_procedure_9.png","datePublished":"2016-09-21T01:44:33+00:00","dateModified":"2021-01-12T20:51:59+00:00","breadcrumb":{"@id":"https:\/\/www.advancedentalcostarica.com\/es\/resinas-dentales\/#breadcrumb"},"inLanguage":"es-CR","potentialAction":[{"@type":"ReadAction","target":["https:\/\/www.advancedentalcostarica.com\/es\/resinas-dentales\/"]}]},{"@type":"ImageObject","inLanguage":"es-CR","@id":"https:\/\/www.advancedentalcostarica.com\/es\/resinas-dentales\/#primaryimage","url":"https:\/\/www.advancedentalcostarica.com\/wp-content\/uploads\/2016\/09\/dental_procedure_9.png","contentUrl":"https:\/\/www.advancedentalcostarica.com\/wp-content\/uploads\/2016\/09\/dental_procedure_9.png","width":59,"height":90},{"@type":"BreadcrumbList","@id":"https:\/\/www.advancedentalcostarica.com\/es\/resinas-dentales\/#breadcrumb","itemListElement":[{"@type":"ListItem","position":1,"name":"Home","item":"https:\/\/www.advancedentalcostarica.com\/es\/"},{"@type":"ListItem","position":2,"name":"Resinas Dentales en Costa Rica"}]},{"@type":"WebSite","@id":"https:\/\/advancedentalcostarica.com\/#website","url":"https:\/\/advancedentalcostarica.com\/","name":"Advance Dental Costa Rica","description":"Dental Costs in Costa Rica - Procedures Prices","potentialAction":[{"@type":"SearchAction","target":{"@type":"EntryPoint","urlTemplate":"https:\/\/advancedentalcostarica.com\/?s={search_term_string}"},"query-input":{"@type":"PropertyValueSpecification","valueRequired":true,"valueName":"search_term_string"}}],"inLanguage":"es-CR"}]}},"_links":{"self":[{"href":"https:\/\/www.advancedentalcostarica.com\/es\/wp-json\/wp\/v2\/pages\/8707","targetHints":{"allow":["GET"]}}],"collection":[{"href":"https:\/\/www.advancedentalcostarica.com\/es\/wp-json\/wp\/v2\/pages"}],"about":[{"href":"https:\/\/www.advancedentalcostarica.com\/es\/wp-json\/wp\/v2\/types\/page"}],"author":[{"embeddable":true,"href":"https:\/\/www.advancedentalcostarica.com\/es\/wp-json\/wp\/v2\/users\/1"}],"replies":[{"embeddable":true,"href":"https:\/\/www.advancedentalcostarica.com\/es\/wp-json\/wp\/v2\/comments?post=8707"}],"version-history":[{"count":5,"href":"https:\/\/www.advancedentalcostarica.com\/es\/wp-json\/wp\/v2\/pages\/8707\/revisions"}],"predecessor-version":[{"id":11165,"href":"https:\/\/www.advancedentalcostarica.com\/es\/wp-json\/wp\/v2\/pages\/8707\/revisions\/11165"}],"wp:featuredmedia":[{"embeddable":true,"href":"https:\/\/www.advancedentalcostarica.com\/es\/wp-json\/wp\/v2\/media\/8433"}],"wp:attachment":[{"href":"https:\/\/www.advancedentalcostarica.com\/es\/wp-json\/wp\/v2\/media?parent=8707"}],"curies":[{"name":"wp","href":"https:\/\/api.w.org\/{rel}","templated":true}]}}