{"id":8506,"date":"2016-09-17T21:33:59","date_gmt":"2016-09-17T21:33:59","guid":{"rendered":"http:\/\/cosmeticdentistcostarica.com\/es\/?page_id=8506"},"modified":"2021-04-22T23:19:26","modified_gmt":"2021-04-22T23:19:26","slug":"videos","status":"publish","type":"page","link":"https:\/\/www.advancedentalcostarica.com\/es\/videos\/","title":{"rendered":"Videos"},"content":{"rendered":"\t\t<h2 class=\"text-divider-double\">\t\t\t\nVideos Advance Dental\t\t<\/h2>\t\t<div class=\"sep\"><\/div>\t\n<div class=\"wpv-video-frame\"><iframe loading=\"lazy\" title=\"Advance Dental Costa Rica - Team of Specialists and Staff\" width=\"1260\" height=\"709\" src=\"https:\/\/www.youtube.com\/embed\/TX9RWuFQBC0?feature=oembed\" frameborder=\"0\" allow=\"accelerometer; autoplay; clipboard-write; encrypted-media; gyroscope; picture-in-picture\" allowfullscreen><\/iframe><\/div>\n<div class=\"wpv-accordion-wrapper wpv-accordion-1\"><style scoped>.wpv-accordion-1 .tab .inner { background-color: #65cada; color: #ffffff; }<\/style><ul class=\"wpv-accordion\" data-collapsible=\"true\"><li class=\"pane-wrapper\" style=\"\">\n\t\t\t\t\t<h4 class=\"tab\"><span class=\"inner\">Periodoncia en Advance Dental<\/span><\/h4>\n\t\t\t\t\t<div class=\"pane\"><div class=\"inner\">\t\t<h2 class=\"text-divider-double\">\t\t\t\nPeriodoncia en Advance Dental<div class=\"push\" style='height:15px'><\/div>\n\t\t<\/h2>\t\t<div class=\"sep\"><\/div>\t\n<p><strong>Qu\u00e9 es un Periodoncista y Cu\u00e1ndo Valorar una Visita Especializada<\/strong><\/p>\n<div class=\"wpv-video-frame\"><iframe loading=\"lazy\" title=\"Periodoncia Costa Rica - Qu\u00e9 es un Periodoncista y Cu\u00e1ndo Valorar una Visita Especializada\" width=\"1260\" height=\"709\" src=\"https:\/\/www.youtube.com\/embed\/LMpq_NpXSBQ?feature=oembed\" frameborder=\"0\" allow=\"accelerometer; autoplay; clipboard-write; encrypted-media; gyroscope; picture-in-picture\" allowfullscreen><\/iframe><\/div>\n<p><strong>Mitos sobre el Cuidado de las Enc\u00edas<\/strong><\/p>\n<div class=\"wpv-video-frame\"><iframe loading=\"lazy\" title=\"Mitos sobre el Cuidado de las Enc\u00edas - Periodoncia Costa Rica\" width=\"1260\" height=\"709\" src=\"https:\/\/www.youtube.com\/embed\/gSbu7aYCpKQ?feature=oembed\" frameborder=\"0\" allow=\"accelerometer; autoplay; clipboard-write; encrypted-media; gyroscope; picture-in-picture\" allowfullscreen><\/iframe><\/div>\n<p><strong>En qu\u00e9 consiste la Valoraci\u00f3n Periodontal y Recomendaciones al Paciente<\/strong><\/p>\n<div class=\"wpv-video-frame\"><iframe loading=\"lazy\" title=\"En qu\u00e9 Consiste la Valoraci\u00f3n Periodontal y Recomendaciones al Paciente - Periodoncia Costa Rica\" width=\"1260\" height=\"709\" src=\"https:\/\/www.youtube.com\/embed\/9bgxxlSBMKo?feature=oembed\" frameborder=\"0\" allow=\"accelerometer; autoplay; clipboard-write; encrypted-media; gyroscope; picture-in-picture\" allowfullscreen><\/iframe><\/div><\/div><\/div>\n\t\t\t\t\t<\/li><li class=\"pane-wrapper\" style=\"\">\n\t\t\t\t\t<h4 class=\"tab\"><span class=\"inner\">Implantes Dentales en Advance Dental<\/span><\/h4>\n\t\t\t\t\t<div class=\"pane\"><div class=\"inner\">\t\t<h2 class=\"text-divider-double\">\t\t\t\nImplantes Dentales en Advance Dental<div class=\"push\" style='height:15px'><\/div>\n\t\t<\/h2>\t\t<div class=\"sep\"><\/div>\t\n<div class=\"wpv-video-frame\"><iframe loading=\"lazy\" title=\"Implantes Dentales en Advance Dental Costa Rica\" width=\"1260\" height=\"709\" src=\"https:\/\/www.youtube.com\/embed\/tw9kgVTvB6Y?feature=oembed\" frameborder=\"0\" allow=\"accelerometer; autoplay; clipboard-write; encrypted-media; gyroscope; picture-in-picture\" allowfullscreen><\/iframe><\/div>\n<p>Un implante dental es un procedimiento en el cual se va a restaurar uno o m\u00e1s dientes perdidos, sin importar la raz\u00f3n de la p\u00e9rdida del mismo.<\/div><\/div>\n\t\t\t\t\t<\/li><li class=\"pane-wrapper\" style=\"\">\n\t\t\t\t\t<h4 class=\"tab\"><span class=\"inner\">Tratamientos de Nervio en Advance Dental Costa Rica<\/span><\/h4>\n\t\t\t\t\t<div class=\"pane\"><div class=\"inner\"><h2>Tratamientos de Conducto (Nervio):<\/h2>\n<div class=\"wpv-video-frame\"><iframe loading=\"lazy\" title=\"Tratamiento de Conducto \/ Nervio -  Advance Dental Costa Rica\" width=\"1260\" height=\"709\" src=\"https:\/\/www.youtube.com\/embed\/zKrlIhvhkiA?feature=oembed\" frameborder=\"0\" allow=\"accelerometer; autoplay; clipboard-write; encrypted-media; gyroscope; picture-in-picture\" allowfullscreen><\/iframe><\/div>\n<h2>Mito 1 Tratamiento de Nervio:<\/h2>\n<div class=\"wpv-video-frame\"><iframe loading=\"lazy\" title=\"Tratamiento de Conducto (Nervio) Mito 1 - Advance Dental Costa Rica\" width=\"1260\" height=\"709\" src=\"https:\/\/www.youtube.com\/embed\/cKHP-EHZp7A?feature=oembed\" frameborder=\"0\" allow=\"accelerometer; autoplay; clipboard-write; encrypted-media; gyroscope; picture-in-picture\" allowfullscreen><\/iframe><\/div>\n<h2>Mito 2 Tratamiento de Nervio:<\/h2>\n<div class=\"wpv-video-frame\"><iframe loading=\"lazy\" title=\"Tratamiento de Conducto (Nervio) Mito 2 - Advance Dental Costa Rica\" width=\"1260\" height=\"709\" src=\"https:\/\/www.youtube.com\/embed\/PeQnSvRq1ZQ?feature=oembed\" frameborder=\"0\" allow=\"accelerometer; autoplay; clipboard-write; encrypted-media; gyroscope; picture-in-picture\" allowfullscreen><\/iframe><\/div>\n<h2>Mito 3 Tratamiento de Nervio:<\/h2>\n<div class=\"wpv-video-frame\"><iframe loading=\"lazy\" title=\"Tratamiento de Conducto (Nervio) Mito 3 - Advance Dental Costa Rica\" width=\"1260\" height=\"709\" src=\"https:\/\/www.youtube.com\/embed\/3v_x4jfI2Ik?feature=oembed\" frameborder=\"0\" allow=\"accelerometer; autoplay; clipboard-write; encrypted-media; gyroscope; picture-in-picture\" allowfullscreen><\/iframe><\/div><\/div><\/div>\n\t\t\t\t\t<\/li><li class=\"pane-wrapper\" style=\"\">\n\t\t\t\t\t<h4 class=\"tab\"><span class=\"inner\">Coronas en Advance Dental Costa Rica<\/span><\/h4>\n\t\t\t\t\t<div class=\"pane\"><div class=\"inner\">\t\t<h2 class=\"text-divider-double\">\t\t\t\nCoronas en Advance Dental Costa Rica<div class=\"push\" style='height:15px'><\/div>\n\t\t<\/h2>\t\t<div class=\"sep\"><\/div>\t\n<div class=\"wpv-video-frame\"><iframe loading=\"lazy\" title=\"Coronas en Advance Dental Costa Rica\" width=\"1260\" height=\"709\" src=\"https:\/\/www.youtube.com\/embed\/Jsu7yPn5ZpU?feature=oembed\" frameborder=\"0\" allow=\"accelerometer; autoplay; clipboard-write; encrypted-media; gyroscope; picture-in-picture\" allowfullscreen><\/iframe><\/div>\n<p>Las coronas son utilizadas en situaciones donde el diente presenta alguna modificaci\u00f3n grande como por ejemplo cuando una caries dental cubre m\u00e1s de la mitad, o cuando existe alguna fractura o trauma entre otras razones.<\/div><\/div>\n\t\t\t\t\t<\/li><li class=\"pane-wrapper\" style=\"\">\n\t\t\t\t\t<h4 class=\"tab\"><span class=\"inner\">Por que escoger a Advance Dental<\/span><\/h4>\n\t\t\t\t\t<div class=\"pane\"><div class=\"inner\">\t\t<h2 class=\"text-divider-double\">\t\t\t\nPor que escoger a Advance Dental <div class=\"push\" style='height:15px'><\/div>\n\t\t<\/h2>\t\t<div class=\"sep\"><\/div>\t\n<div class=\"wpv-video-frame\"><iframe loading=\"lazy\" title=\"Por que escoger a Advance Dental Costa Rica\" width=\"1260\" height=\"709\" src=\"https:\/\/www.youtube.com\/embed\/xk1Wi2kdCBE?feature=oembed\" frameborder=\"0\" allow=\"accelerometer; autoplay; clipboard-write; encrypted-media; gyroscope; picture-in-picture\" allowfullscreen><\/iframe><\/div>\n<p>En Advance Dental Costa Rica, nos enfocados en ofrecer un trato personalizado, en un trato donde el paciente se sienta c\u00f3modo y seguro dentro de un ambiente rodeado de profesionalismo y confianza.<\/div><\/div>\n\t\t\t\t\t<\/li><li class=\"pane-wrapper\" style=\"\">\n\t\t\t\t\t<h4 class=\"tab\"><span class=\"inner\">Introduccion Advance Dental Costa Rica<\/span><\/h4>\n\t\t\t\t\t<div class=\"pane\"><div class=\"inner\">\t\t<h2 class=\"text-divider-double\">\t\t\t\nIntroduccion Advance Dental Costa Rica<div class=\"push\" style='height:15px'><\/div>\n\t\t<\/h2>\t\t<div class=\"sep\"><\/div>\t\n<div class=\"wpv-video-frame\"><iframe loading=\"lazy\" title=\"Introduccion Advance Dental Costa Rica\" width=\"1260\" height=\"709\" src=\"https:\/\/www.youtube.com\/embed\/tZ7TnY9M7h4?feature=oembed\" frameborder=\"0\" allow=\"accelerometer; autoplay; clipboard-write; encrypted-media; gyroscope; picture-in-picture\" allowfullscreen><\/iframe><\/div>\n<p>Hola, Mi nombre es Eugenio Brenes D.D.S, director de Advance Dental Costa Rica. Como parte de mi educaci\u00f3n realic\u00e9 4 a\u00f1os de residencia en la Universidad de Loma Linda en California&#8230;<\/div><\/div>\n\t\t\t\t\t<\/li><li class=\"pane-wrapper\" style=\"\">\n\t\t\t\t\t<h4 class=\"tab\"><span class=\"inner\">Entrevista en Telenoticias<\/span><\/h4>\n\t\t\t\t\t<div class=\"pane\"><div class=\"inner\">\t\t<h2 class=\"text-divider-double\">\t\t\t\nEntrevista en Telenoticias <div class=\"push\" style='height:15px'><\/div>\n\t\t<\/h2>\t\t<div class=\"sep\"><\/div>\t\n<p><em>Entrevista en Las Noticias<\/em><\/p>\n<div class=\"wpv-video-frame\"><iframe loading=\"lazy\" title=\"Entrevista en Telenoticias (21\/01\/2009)\" width=\"1260\" height=\"945\" src=\"https:\/\/www.youtube.com\/embed\/KcdfVd9Qd9Y?feature=oembed\" frameborder=\"0\" allow=\"accelerometer; autoplay; clipboard-write; encrypted-media; gyroscope; picture-in-picture\" allowfullscreen><\/iframe><\/div><\/div><\/div>\n\t\t\t\t\t<\/li><li class=\"pane-wrapper\" style=\"\">\n\t\t\t\t\t<h4 class=\"tab\"><span class=\"inner\">Entrevista en Las Noticias(2) <\/span><\/h4>\n\t\t\t\t\t<div class=\"pane\"><div class=\"inner\">\t\t<h2 class=\"text-divider-double\">\t\t\t\nEntrevista en Las Noticias<div class=\"push\" style='height:15px'><\/div>\n\t\t<\/h2>\t\t<div class=\"sep\"><\/div>\t\n<p><em>Entrevista en Las Noticias<\/em><\/p>\n<div class=\"wpv-video-frame\"><iframe loading=\"lazy\" title=\"Entrevista en Canal 11 (24\/09\/2009)\" width=\"1260\" height=\"945\" src=\"https:\/\/www.youtube.com\/embed\/yrQlUiQdEis?feature=oembed\" frameborder=\"0\" allow=\"accelerometer; autoplay; clipboard-write; encrypted-media; gyroscope; picture-in-picture\" allowfullscreen><\/iframe><\/div><\/div><\/div>\n\t\t\t\t\t<\/li><\/ul><\/div>\n","protected":false},"excerpt":{"rendered":"Videos Advance Dental Periodoncia en Advance Dental Periodoncia en Advance Dental Qu\u00e9 es un Periodoncista y Cu\u00e1ndo Valorar una Visita Especializada Mitos sobre el Cuidado de las Enc\u00edas En qu\u00e9 consiste la Valoraci\u00f3n Periodontal y Recomendaciones al Paciente Implantes Dentales en Advance Dental Implantes Dentales en Advance Dental Un implante dental es un procedimiento en...","protected":false},"author":1,"featured_media":0,"parent":0,"menu_order":0,"comment_status":"closed","ping_status":"closed","template":"","meta":{"footnotes":""},"class_list":["post-8506","page","type-page","status-publish"],"yoast_head":"<!-- This site is optimized with the Yoast SEO plugin v27.4 - https:\/\/yoast.com\/product\/yoast-seo-wordpress\/ -->\n<title>Videos - Advance Dental Costa Rica<\/title>\n<meta name=\"robots\" content=\"index, follow, max-snippet:-1, max-image-preview:large, max-video-preview:-1\" \/>\n<link rel=\"canonical\" href=\"https:\/\/www.advancedentalcostarica.com\/videos\/\" \/>\n<meta property=\"og:locale\" content=\"es_ES\" \/>\n<meta property=\"og:type\" content=\"article\" \/>\n<meta property=\"og:title\" content=\"Videos - Advance Dental Costa Rica\" \/>\n<meta property=\"og:url\" content=\"https:\/\/www.advancedentalcostarica.com\/videos\/\" \/>\n<meta property=\"og:site_name\" content=\"Advance Dental Costa Rica\" \/>\n<meta property=\"article:modified_time\" content=\"2021-04-22T23:19:26+00:00\" \/>\n<meta name=\"twitter:label1\" content=\"Est. reading time\" \/>\n\t<meta name=\"twitter:data1\" content=\"2 minutos\" \/>\n<script type=\"application\/ld+json\" class=\"yoast-schema-graph\">{\"@context\":\"https:\\\/\\\/schema.org\",\"@graph\":[{\"@type\":\"WebPage\",\"@id\":\"https:\\\/\\\/www.advancedentalcostarica.com\\\/videos\\\/\",\"url\":\"https:\\\/\\\/www.advancedentalcostarica.com\\\/videos\\\/\",\"name\":\"Videos - Advance Dental Costa Rica\",\"isPartOf\":{\"@id\":\"https:\\\/\\\/advancedentalcostarica.com\\\/#website\"},\"datePublished\":\"2016-09-17T21:33:59+00:00\",\"dateModified\":\"2021-04-22T23:19:26+00:00\",\"breadcrumb\":{\"@id\":\"https:\\\/\\\/www.advancedentalcostarica.com\\\/videos\\\/#breadcrumb\"},\"inLanguage\":\"es-CR\",\"potentialAction\":[{\"@type\":\"ReadAction\",\"target\":[\"https:\\\/\\\/www.advancedentalcostarica.com\\\/videos\\\/\"]}]},{\"@type\":\"BreadcrumbList\",\"@id\":\"https:\\\/\\\/www.advancedentalcostarica.com\\\/videos\\\/#breadcrumb\",\"itemListElement\":[{\"@type\":\"ListItem\",\"position\":1,\"name\":\"Home\",\"item\":\"https:\\\/\\\/www.advancedentalcostarica.com\\\/es\\\/\"},{\"@type\":\"ListItem\",\"position\":2,\"name\":\"Videos\"}]},{\"@type\":\"WebSite\",\"@id\":\"https:\\\/\\\/advancedentalcostarica.com\\\/#website\",\"url\":\"https:\\\/\\\/advancedentalcostarica.com\\\/\",\"name\":\"Advance Dental Costa Rica\",\"description\":\"Dental Costs in Costa Rica - Procedures Prices\",\"potentialAction\":[{\"@type\":\"SearchAction\",\"target\":{\"@type\":\"EntryPoint\",\"urlTemplate\":\"https:\\\/\\\/advancedentalcostarica.com\\\/?s={search_term_string}\"},\"query-input\":{\"@type\":\"PropertyValueSpecification\",\"valueRequired\":true,\"valueName\":\"search_term_string\"}}],\"inLanguage\":\"es-CR\"}]}<\/script>\n<!-- \/ Yoast SEO plugin. -->","yoast_head_json":{"title":"Videos - Advance Dental Costa Rica","robots":{"index":"index","follow":"follow","max-snippet":"max-snippet:-1","max-image-preview":"max-image-preview:large","max-video-preview":"max-video-preview:-1"},"canonical":"https:\/\/www.advancedentalcostarica.com\/videos\/","og_locale":"es_ES","og_type":"article","og_title":"Videos - Advance Dental Costa Rica","og_url":"https:\/\/www.advancedentalcostarica.com\/videos\/","og_site_name":"Advance Dental Costa Rica","article_modified_time":"2021-04-22T23:19:26+00:00","twitter_misc":{"Est. reading time":"2 minutos"},"schema":{"@context":"https:\/\/schema.org","@graph":[{"@type":"WebPage","@id":"https:\/\/www.advancedentalcostarica.com\/videos\/","url":"https:\/\/www.advancedentalcostarica.com\/videos\/","name":"Videos - Advance Dental Costa Rica","isPartOf":{"@id":"https:\/\/advancedentalcostarica.com\/#website"},"datePublished":"2016-09-17T21:33:59+00:00","dateModified":"2021-04-22T23:19:26+00:00","breadcrumb":{"@id":"https:\/\/www.advancedentalcostarica.com\/videos\/#breadcrumb"},"inLanguage":"es-CR","potentialAction":[{"@type":"ReadAction","target":["https:\/\/www.advancedentalcostarica.com\/videos\/"]}]},{"@type":"BreadcrumbList","@id":"https:\/\/www.advancedentalcostarica.com\/videos\/#breadcrumb","itemListElement":[{"@type":"ListItem","position":1,"name":"Home","item":"https:\/\/www.advancedentalcostarica.com\/es\/"},{"@type":"ListItem","position":2,"name":"Videos"}]},{"@type":"WebSite","@id":"https:\/\/advancedentalcostarica.com\/#website","url":"https:\/\/advancedentalcostarica.com\/","name":"Advance Dental Costa Rica","description":"Dental Costs in Costa Rica - Procedures Prices","potentialAction":[{"@type":"SearchAction","target":{"@type":"EntryPoint","urlTemplate":"https:\/\/advancedentalcostarica.com\/?s={search_term_string}"},"query-input":{"@type":"PropertyValueSpecification","valueRequired":true,"valueName":"search_term_string"}}],"inLanguage":"es-CR"}]}},"_links":{"self":[{"href":"https:\/\/www.advancedentalcostarica.com\/es\/wp-json\/wp\/v2\/pages\/8506","targetHints":{"allow":["GET"]}}],"collection":[{"href":"https:\/\/www.advancedentalcostarica.com\/es\/wp-json\/wp\/v2\/pages"}],"about":[{"href":"https:\/\/www.advancedentalcostarica.com\/es\/wp-json\/wp\/v2\/types\/page"}],"author":[{"embeddable":true,"href":"https:\/\/www.advancedentalcostarica.com\/es\/wp-json\/wp\/v2\/users\/1"}],"replies":[{"embeddable":true,"href":"https:\/\/www.advancedentalcostarica.com\/es\/wp-json\/wp\/v2\/comments?post=8506"}],"version-history":[{"count":13,"href":"https:\/\/www.advancedentalcostarica.com\/es\/wp-json\/wp\/v2\/pages\/8506\/revisions"}],"predecessor-version":[{"id":11684,"href":"https:\/\/www.advancedentalcostarica.com\/es\/wp-json\/wp\/v2\/pages\/8506\/revisions\/11684"}],"wp:attachment":[{"href":"https:\/\/www.advancedentalcostarica.com\/es\/wp-json\/wp\/v2\/media?parent=8506"}],"curies":[{"name":"wp","href":"https:\/\/api.w.org\/{rel}","templated":true}]}}