{"id":8504,"date":"2016-09-17T21:29:41","date_gmt":"2016-09-17T21:29:41","guid":{"rendered":"http:\/\/cosmeticdentistcostarica.com\/es\/?page_id=8504"},"modified":"2017-04-20T00:10:39","modified_gmt":"2017-04-20T00:10:39","slug":"recursos-de-diagnostico","status":"publish","type":"page","link":"https:\/\/www.advancedentalcostarica.com\/es\/recursos-de-diagnostico\/","title":{"rendered":"Recursos de Diagn\u00f3stico"},"content":{"rendered":"\t\t<h2 class=\"text-divider-double\">\t\t\t\nPacientes Internacionales | Recursos Para Pacientes<br \/>\n<div class=\"push\" style='height:15px'><\/div>\n\t\t<\/h2>\t\t<div class=\"sep\"><\/div>\t\n<p>Ay\u00fadenos realizar su tratamiento. Aqu\u00ed puede adjuntar sus radiograf\u00edas, fotos y dem\u00e1s documentos que nos pueden ayudar a confeccionar su sonrisa so\u00f1ada.<\/p>\n\t\t<h2 class=\"text-divider-double\">\t\t\t\nFotos Antes de la Evaluaci\u00f3n<div class=\"push\" style='height:15px'><\/div>\n\t\t<\/h2>\t\t<div class=\"sep\"><\/div>\t\n<p>Una vez usted saque su cita con nosotros, le vamos a solicitar que nos env\u00ede unas fotos de su dentadura, abajo encontrar\u00e1 un ejemplo de lo que necesitamos que nos haga llegar:<\/p>\n<div class=\"row \"><div class=\"wpv-grid grid-1-1  wpv-first-level first unextended\" style=\"padding-top:0px;padding-bottom:0px\" id=\"wpv-column-b4baf334d17736138d50ac3647294703\" ><div class=\"row \"><div class=\"wpv-grid grid-1-4  first unextended\" style=\"padding-top:0px;padding-bottom:0px\" id=\"wpv-column-f437a6b4d807e3c25868a8376b142098\" ><p><img loading=\"lazy\" decoding=\"async\" class=\"alignnone size-medium wp-image-8106\" src=\"http:\/\/cosmeticdentistcostarica.com\/wp-content\/uploads\/2016\/09\/front-300x150.jpg\" alt=\"front\" width=\"300\" height=\"150\" srcset=\"https:\/\/www.advancedentalcostarica.com\/wp-content\/uploads\/2016\/09\/front-300x150.jpg 300w, https:\/\/www.advancedentalcostarica.com\/wp-content\/uploads\/2016\/09\/front-360x180.jpg 360w, https:\/\/www.advancedentalcostarica.com\/wp-content\/uploads\/2016\/09\/front-262x131.jpg 262w, https:\/\/www.advancedentalcostarica.com\/wp-content\/uploads\/2016\/09\/front.jpg 400w\" sizes=\"auto, (max-width: 300px) 100vw, 300px\" \/><\/div>\n<div class=\"wpv-grid grid-1-4  unextended\" style=\"padding-top:0px;padding-bottom:0px\" id=\"wpv-column-a1eff0c8a990d9e49291990e1a9dee92\" ><p><img loading=\"lazy\" decoding=\"async\" class=\"alignnone size-medium wp-image-8107\" src=\"http:\/\/cosmeticdentistcostarica.com\/wp-content\/uploads\/2016\/09\/lowers-300x150.jpg\" alt=\"lowers\" width=\"300\" height=\"150\" srcset=\"https:\/\/www.advancedentalcostarica.com\/wp-content\/uploads\/2016\/09\/lowers-300x150.jpg 300w, https:\/\/www.advancedentalcostarica.com\/wp-content\/uploads\/2016\/09\/lowers-360x180.jpg 360w, https:\/\/www.advancedentalcostarica.com\/wp-content\/uploads\/2016\/09\/lowers-262x131.jpg 262w, https:\/\/www.advancedentalcostarica.com\/wp-content\/uploads\/2016\/09\/lowers.jpg 400w\" sizes=\"auto, (max-width: 300px) 100vw, 300px\" \/><\/div>\n<div class=\"wpv-grid grid-1-4  unextended\" style=\"padding-top:0px;padding-bottom:0px\" id=\"wpv-column-7ab859de217bd39ac0d5693ac4ab2a15\" ><p><img loading=\"lazy\" decoding=\"async\" class=\"alignnone wp-image-8108 size-medium\" src=\"http:\/\/cosmeticdentistcostarica.com\/wp-content\/uploads\/2016\/09\/uppers-300x150.jpg\" width=\"300\" height=\"150\" srcset=\"https:\/\/www.advancedentalcostarica.com\/wp-content\/uploads\/2016\/09\/uppers-300x150.jpg 300w, https:\/\/www.advancedentalcostarica.com\/wp-content\/uploads\/2016\/09\/uppers-360x180.jpg 360w, https:\/\/www.advancedentalcostarica.com\/wp-content\/uploads\/2016\/09\/uppers-262x131.jpg 262w, https:\/\/www.advancedentalcostarica.com\/wp-content\/uploads\/2016\/09\/uppers.jpg 400w\" sizes=\"auto, (max-width: 300px) 100vw, 300px\" \/><\/div>\n<div class=\"wpv-grid grid-1-4  unextended\" style=\"padding-top:0px;padding-bottom:0px\" id=\"wpv-column-3fec19b772067a858f4315fa00b41580\" ><p><img loading=\"lazy\" decoding=\"async\" class=\"alignnone size-medium wp-image-8109\" src=\"http:\/\/cosmeticdentistcostarica.com\/wp-content\/uploads\/2016\/09\/uppers2-300x150.jpg\" alt=\"uppers2\" width=\"300\" height=\"150\" srcset=\"https:\/\/www.advancedentalcostarica.com\/wp-content\/uploads\/2016\/09\/uppers2-300x150.jpg 300w, https:\/\/www.advancedentalcostarica.com\/wp-content\/uploads\/2016\/09\/uppers2-360x180.jpg 360w, https:\/\/www.advancedentalcostarica.com\/wp-content\/uploads\/2016\/09\/uppers2-262x131.jpg 262w, https:\/\/www.advancedentalcostarica.com\/wp-content\/uploads\/2016\/09\/uppers2.jpg 400w\" sizes=\"auto, (max-width: 300px) 100vw, 300px\" \/><\/div><\/div><\/div><\/div>\n","protected":false},"excerpt":{"rendered":"<p>Ay\u00fadenos realizar su tratamiento. Aqu\u00ed puede adjuntar sus radiograf\u00edas, fotos y dem\u00e1s documentos que nos pueden ayudar a confeccionar su sonrisa so\u00f1ada. Una vez usted saque su cita con nosotros, le vamos a solicitar que nos env\u00ede unas fotos de su dentadura, abajo encontrar\u00e1 un ejemplo de lo que necesitamos que nos haga llegar:<\/p>\n","protected":false},"author":1,"featured_media":0,"parent":0,"menu_order":0,"comment_status":"closed","ping_status":"closed","template":"","meta":{"footnotes":""},"class_list":["post-8504","page","type-page","status-publish"],"yoast_head":"<!-- This site is optimized with the Yoast SEO plugin v27.4 - https:\/\/yoast.com\/product\/yoast-seo-wordpress\/ -->\n<title>Recursos de Diagn\u00f3stico - Advance Dental Costa Rica<\/title>\n<meta name=\"robots\" content=\"index, follow, max-snippet:-1, max-image-preview:large, max-video-preview:-1\" \/>\n<link rel=\"canonical\" href=\"https:\/\/www.advancedentalcostarica.com\/getting-a-treatment-plan\/\" \/>\n<meta property=\"og:locale\" content=\"es_ES\" \/>\n<meta property=\"og:type\" content=\"article\" \/>\n<meta property=\"og:title\" content=\"Recursos de Diagn\u00f3stico - Advance Dental Costa Rica\" \/>\n<meta property=\"og:description\" content=\"Ay\u00fadenos realizar su tratamiento. Aqu\u00ed puede adjuntar sus radiograf\u00edas, fotos y dem\u00e1s documentos que nos pueden ayudar a confeccionar su sonrisa so\u00f1ada. Una vez usted saque su cita con nosotros, le vamos a solicitar que nos env\u00ede unas fotos de su dentadura, abajo encontrar\u00e1 un ejemplo de lo que necesitamos que nos haga llegar:\" \/>\n<meta property=\"og:url\" content=\"https:\/\/www.advancedentalcostarica.com\/getting-a-treatment-plan\/\" \/>\n<meta property=\"og:site_name\" content=\"Advance Dental Costa Rica\" \/>\n<meta property=\"article:modified_time\" content=\"2017-04-20T00:10:39+00:00\" \/>\n<meta property=\"og:image\" content=\"http:\/\/cosmeticdentistcostarica.com\/wp-content\/uploads\/2016\/09\/front-300x150.jpg\" \/>\n<meta name=\"twitter:label1\" content=\"Est. reading time\" \/>\n\t<meta name=\"twitter:data1\" content=\"1 minuto\" \/>\n<script type=\"application\/ld+json\" class=\"yoast-schema-graph\">{\"@context\":\"https:\\\/\\\/schema.org\",\"@graph\":[{\"@type\":\"WebPage\",\"@id\":\"https:\\\/\\\/www.advancedentalcostarica.com\\\/getting-a-treatment-plan\\\/\",\"url\":\"https:\\\/\\\/www.advancedentalcostarica.com\\\/getting-a-treatment-plan\\\/\",\"name\":\"Recursos de Diagn\u00f3stico - Advance Dental Costa Rica\",\"isPartOf\":{\"@id\":\"https:\\\/\\\/advancedentalcostarica.com\\\/#website\"},\"primaryImageOfPage\":{\"@id\":\"https:\\\/\\\/www.advancedentalcostarica.com\\\/getting-a-treatment-plan\\\/#primaryimage\"},\"image\":{\"@id\":\"https:\\\/\\\/www.advancedentalcostarica.com\\\/getting-a-treatment-plan\\\/#primaryimage\"},\"thumbnailUrl\":\"http:\\\/\\\/cosmeticdentistcostarica.com\\\/wp-content\\\/uploads\\\/2016\\\/09\\\/front-300x150.jpg\",\"datePublished\":\"2016-09-17T21:29:41+00:00\",\"dateModified\":\"2017-04-20T00:10:39+00:00\",\"breadcrumb\":{\"@id\":\"https:\\\/\\\/www.advancedentalcostarica.com\\\/getting-a-treatment-plan\\\/#breadcrumb\"},\"inLanguage\":\"es-CR\",\"potentialAction\":[{\"@type\":\"ReadAction\",\"target\":[\"https:\\\/\\\/www.advancedentalcostarica.com\\\/getting-a-treatment-plan\\\/\"]}]},{\"@type\":\"ImageObject\",\"inLanguage\":\"es-CR\",\"@id\":\"https:\\\/\\\/www.advancedentalcostarica.com\\\/getting-a-treatment-plan\\\/#primaryimage\",\"url\":\"http:\\\/\\\/cosmeticdentistcostarica.com\\\/wp-content\\\/uploads\\\/2016\\\/09\\\/front-300x150.jpg\",\"contentUrl\":\"http:\\\/\\\/cosmeticdentistcostarica.com\\\/wp-content\\\/uploads\\\/2016\\\/09\\\/front-300x150.jpg\"},{\"@type\":\"BreadcrumbList\",\"@id\":\"https:\\\/\\\/www.advancedentalcostarica.com\\\/getting-a-treatment-plan\\\/#breadcrumb\",\"itemListElement\":[{\"@type\":\"ListItem\",\"position\":1,\"name\":\"Home\",\"item\":\"https:\\\/\\\/www.advancedentalcostarica.com\\\/es\\\/\"},{\"@type\":\"ListItem\",\"position\":2,\"name\":\"Recursos de Diagn\u00f3stico\"}]},{\"@type\":\"WebSite\",\"@id\":\"https:\\\/\\\/advancedentalcostarica.com\\\/#website\",\"url\":\"https:\\\/\\\/advancedentalcostarica.com\\\/\",\"name\":\"Advance Dental Costa Rica\",\"description\":\"Dental Costs in Costa Rica - Procedures Prices\",\"potentialAction\":[{\"@type\":\"SearchAction\",\"target\":{\"@type\":\"EntryPoint\",\"urlTemplate\":\"https:\\\/\\\/advancedentalcostarica.com\\\/?s={search_term_string}\"},\"query-input\":{\"@type\":\"PropertyValueSpecification\",\"valueRequired\":true,\"valueName\":\"search_term_string\"}}],\"inLanguage\":\"es-CR\"}]}<\/script>\n<!-- \/ Yoast SEO plugin. -->","yoast_head_json":{"title":"Recursos de Diagn\u00f3stico - Advance Dental Costa Rica","robots":{"index":"index","follow":"follow","max-snippet":"max-snippet:-1","max-image-preview":"max-image-preview:large","max-video-preview":"max-video-preview:-1"},"canonical":"https:\/\/www.advancedentalcostarica.com\/getting-a-treatment-plan\/","og_locale":"es_ES","og_type":"article","og_title":"Recursos de Diagn\u00f3stico - Advance Dental Costa Rica","og_description":"Ay\u00fadenos realizar su tratamiento. Aqu\u00ed puede adjuntar sus radiograf\u00edas, fotos y dem\u00e1s documentos que nos pueden ayudar a confeccionar su sonrisa so\u00f1ada. Una vez usted saque su cita con nosotros, le vamos a solicitar que nos env\u00ede unas fotos de su dentadura, abajo encontrar\u00e1 un ejemplo de lo que necesitamos que nos haga llegar:","og_url":"https:\/\/www.advancedentalcostarica.com\/getting-a-treatment-plan\/","og_site_name":"Advance Dental Costa Rica","article_modified_time":"2017-04-20T00:10:39+00:00","og_image":[{"url":"http:\/\/cosmeticdentistcostarica.com\/wp-content\/uploads\/2016\/09\/front-300x150.jpg","type":"","width":"","height":""}],"twitter_misc":{"Est. reading time":"1 minuto"},"schema":{"@context":"https:\/\/schema.org","@graph":[{"@type":"WebPage","@id":"https:\/\/www.advancedentalcostarica.com\/getting-a-treatment-plan\/","url":"https:\/\/www.advancedentalcostarica.com\/getting-a-treatment-plan\/","name":"Recursos de Diagn\u00f3stico - Advance Dental Costa Rica","isPartOf":{"@id":"https:\/\/advancedentalcostarica.com\/#website"},"primaryImageOfPage":{"@id":"https:\/\/www.advancedentalcostarica.com\/getting-a-treatment-plan\/#primaryimage"},"image":{"@id":"https:\/\/www.advancedentalcostarica.com\/getting-a-treatment-plan\/#primaryimage"},"thumbnailUrl":"http:\/\/cosmeticdentistcostarica.com\/wp-content\/uploads\/2016\/09\/front-300x150.jpg","datePublished":"2016-09-17T21:29:41+00:00","dateModified":"2017-04-20T00:10:39+00:00","breadcrumb":{"@id":"https:\/\/www.advancedentalcostarica.com\/getting-a-treatment-plan\/#breadcrumb"},"inLanguage":"es-CR","potentialAction":[{"@type":"ReadAction","target":["https:\/\/www.advancedentalcostarica.com\/getting-a-treatment-plan\/"]}]},{"@type":"ImageObject","inLanguage":"es-CR","@id":"https:\/\/www.advancedentalcostarica.com\/getting-a-treatment-plan\/#primaryimage","url":"http:\/\/cosmeticdentistcostarica.com\/wp-content\/uploads\/2016\/09\/front-300x150.jpg","contentUrl":"http:\/\/cosmeticdentistcostarica.com\/wp-content\/uploads\/2016\/09\/front-300x150.jpg"},{"@type":"BreadcrumbList","@id":"https:\/\/www.advancedentalcostarica.com\/getting-a-treatment-plan\/#breadcrumb","itemListElement":[{"@type":"ListItem","position":1,"name":"Home","item":"https:\/\/www.advancedentalcostarica.com\/es\/"},{"@type":"ListItem","position":2,"name":"Recursos de Diagn\u00f3stico"}]},{"@type":"WebSite","@id":"https:\/\/advancedentalcostarica.com\/#website","url":"https:\/\/advancedentalcostarica.com\/","name":"Advance Dental Costa Rica","description":"Dental Costs in Costa Rica - Procedures Prices","potentialAction":[{"@type":"SearchAction","target":{"@type":"EntryPoint","urlTemplate":"https:\/\/advancedentalcostarica.com\/?s={search_term_string}"},"query-input":{"@type":"PropertyValueSpecification","valueRequired":true,"valueName":"search_term_string"}}],"inLanguage":"es-CR"}]}},"_links":{"self":[{"href":"https:\/\/www.advancedentalcostarica.com\/es\/wp-json\/wp\/v2\/pages\/8504","targetHints":{"allow":["GET"]}}],"collection":[{"href":"https:\/\/www.advancedentalcostarica.com\/es\/wp-json\/wp\/v2\/pages"}],"about":[{"href":"https:\/\/www.advancedentalcostarica.com\/es\/wp-json\/wp\/v2\/types\/page"}],"author":[{"embeddable":true,"href":"https:\/\/www.advancedentalcostarica.com\/es\/wp-json\/wp\/v2\/users\/1"}],"replies":[{"embeddable":true,"href":"https:\/\/www.advancedentalcostarica.com\/es\/wp-json\/wp\/v2\/comments?post=8504"}],"version-history":[{"count":3,"href":"https:\/\/www.advancedentalcostarica.com\/es\/wp-json\/wp\/v2\/pages\/8504\/revisions"}],"predecessor-version":[{"id":9250,"href":"https:\/\/www.advancedentalcostarica.com\/es\/wp-json\/wp\/v2\/pages\/8504\/revisions\/9250"}],"wp:attachment":[{"href":"https:\/\/www.advancedentalcostarica.com\/es\/wp-json\/wp\/v2\/media?parent=8504"}],"curies":[{"name":"wp","href":"https:\/\/api.w.org\/{rel}","templated":true}]}}