{"id":8480,"date":"2016-09-17T20:32:24","date_gmt":"2016-09-17T20:32:24","guid":{"rendered":"http:\/\/cosmeticdentistcostarica.com\/es\/?page_id=8480"},"modified":"2021-01-20T00:11:16","modified_gmt":"2021-01-20T00:11:16","slug":"preguntas-frecuentes","status":"publish","type":"page","link":"https:\/\/www.advancedentalcostarica.com\/es\/preguntas-frecuentes\/","title":{"rendered":"Preguntas Frecuentes"},"content":{"rendered":"<p>Desea saber en qu\u00e9 consiste su tratamiento? Advance Dental Costa Rica le ayudar\u00e1 a evacuar sus dudas. Aqu\u00ed podr\u00e1 encontrar que es un implante, un puente, coronas de porcelana o zirconio, carillas de porcelana, blanqueamientos, limpiezas dentales, incrustaciones, injertos de hueso. Adem\u00e1s podr\u00e1 saber cu\u00e1nto tiempo debe de estar en Costa Rica y los precios de sus tratamientos.<\/p>\n<p>De esta manera puede programar sus vacaciones en este bello pa\u00eds y realizar su tratamiento dental a un precio razonable.<\/p>\n<div class=\"wpv-accordion-wrapper wpv-accordion-1\"><style scoped>.wpv-accordion-1 .tab .inner { background-color: #65cada; color: #ffffff; }<\/style><ul class=\"wpv-accordion\" data-collapsible=\"false\"><li class=\"pane-wrapper\" style=\"\">\n\t\t\t\t\t<h4 class=\"tab\"><span class=\"inner\">\u00a1Me faltan algunos dientes!<\/span><\/h4>\n\t\t\t\t\t<div class=\"pane\"><div class=\"inner\"><p>Las piezas dentales son perdidas por distintos factores como: caries, enfermedades de las enc\u00edas, problemas cong\u00e9nitos, algunas cirug\u00edas, etc.<\/p>\n<p>Dependiendo el espacio dejado por estos dientes perdidos, y si existen o no dientes adyacentes a estos espacios, se pueden proponer tratamientos, para restaurar estas zonas, como lo son los puentes, o el uso de implantes dentales.<\/p>\n<p>Es importante reponer los dientes perdidos, ya que todos tienen una funci\u00f3n espec\u00edfica. De no ser repuestos vamos a sobrecargar las piezas dentales restantes, comprometi\u00e9ndolas tambi\u00e9n a ellas.<\/p>\n<div class=\"row \"><div class=\"wpv-grid grid-1-1  first unextended\" style=\"padding-top:0px;padding-bottom:0px\" id=\"wpv-column-71d4568604856431c8dc0fb5d9cfca12\" ><div class=\"row \"><div class=\"wpv-grid grid-1-2  first unextended\" style=\"padding-top:0px;padding-bottom:0px\" id=\"wpv-column-77f85149fdb3fc11416e206f9732702e\" ><\/div>\n<div class=\"wpv-grid grid-1-2  unextended\" style=\"padding-top:0px;padding-bottom:0px\" id=\"wpv-column-23df6f5cb3d4438edd2e810eed45f4eb\" ><\/div><\/div><\/div><\/div><\/div><\/div>\n\t\t\t\t\t<\/li><li class=\"pane-wrapper\" style=\"\">\n\t\t\t\t\t<h4 class=\"tab\"><span class=\"inner\">\u00a1Tengo los dientes amarillos, o manchados!<\/span><\/h4>\n\t\t\t\t\t<div class=\"pane\"><div class=\"inner\"><p>Los dientes tienen un gran poder sobre la psique de las persona. \u00c9stos son indicadores de bienestar, salud y estabilidad.<\/p>\n<p>Por distintos motivos, ya sean manchas debidas a ciertos tratamientos m\u00e9dicos, falta de constancia en citas odontol\u00f3gicas, o alguna otra condici\u00f3n, los dientes tienden a presentar colores opacos, y\/o poco naturales, por lo cual en estas ocasiones, se hace una evaluaci\u00f3n de la condici\u00f3n actual y se proponen distintos tratamientos para volver a hacer que su sonrisa brille.<\/p>\n<p>Estos tratamientos incluyen desde limpiezas dentales exhaustivas y blanqueamientos dentales, hasta carillas y coronas de porcelana.<\/p>\n<div class=\"row \"><div class=\"wpv-grid grid-1-1  first unextended\" style=\"padding-top:0px;padding-bottom:0px\" id=\"wpv-column-a36d0aa8fa5ac789dd6ecbc38f842bfb\" ><div class=\"row \"><div class=\"wpv-grid grid-1-2  first unextended\" style=\"padding-top:0px;padding-bottom:0px\" id=\"wpv-column-41c8bbec33fcf5cbf6c45456d7e59789\" ><\/div>\n<div class=\"wpv-grid grid-1-2  unextended\" style=\"padding-top:0px;padding-bottom:0px\" id=\"wpv-column-e3c14d50bb2f1c00fcc72a06e305e285\" ><\/div><\/div><\/div><\/div><\/div><\/div>\n\t\t\t\t\t<\/li><li class=\"pane-wrapper\" style=\"\">\n\t\t\t\t\t<h4 class=\"tab\"><span class=\"inner\">\u00a1Quiero mejorar el estado de mi sonrisa!<\/span><\/h4>\n\t\t\t\t\t<div class=\"pane\"><div class=\"inner\"><p>Muchas veces estamos contentos con nuestra condicion dental actual, pero hemos sentido curiosidad de c\u00f3mo podriamos mejorarla, en caso de ser posible.<\/p>\n<p>Con mucho gusto podemos hacer una evaluaci\u00f3n de su sonrisa y brindarle opciones bastante r\u00e1pidas y efectivas para darle ese detalle que lo haga diferenciarse de los dem\u00e1s, y hacer que reciba alagos por su sonrisa.<\/p>\n<div class=\"row \"><div class=\"wpv-grid grid-1-1  first unextended\" style=\"padding-top:0px;padding-bottom:0px\" id=\"wpv-column-4fbb702d19d13796bb317d9f510fa378\" ><div class=\"row \"><div class=\"wpv-grid grid-1-2  first unextended\" style=\"padding-top:0px;padding-bottom:0px\" id=\"wpv-column-0ee5b9a6849fb67477aabbe7e0aa6357\" ><\/div>\n<div class=\"wpv-grid grid-1-2  unextended\" style=\"padding-top:0px;padding-bottom:0px\" id=\"wpv-column-422421dd213b758d3db2b1effaad8c92\" ><\/div><\/div><\/div><\/div><\/div><\/div>\n\t\t\t\t\t<\/li><li class=\"pane-wrapper\" style=\"\">\n\t\t\t\t\t<h4 class=\"tab\"><span class=\"inner\">\u00a1Tengo los dientes torcidos!<\/span><\/h4>\n\t\t\t\t\t<div class=\"pane\"><div class=\"inner\"><p>Los dientes se tienden a torcer por distintos motivos, entre ellos est\u00e1n: acinamiento de los dientes por falta de espacio, dientes perdidos (los cuales crean espacios en la boca, haciendo que los dientes remanentes se vuelquen hacia esos espacios) \u00f3 dientes en posiciones inclinadas que empujan a los dem\u00e1s.<\/p>\n<p>En estos distintos casos es necesario identificar cual es la causa de estos movimientos. Una vez establecida la raz\u00f3n, se debe corregir ya sea mediante el uso de frenillos o en ciertas ocasiones cambiando la forma de los dientes con distintos materiales como: resinas, carillas o coronas de porcelana.<\/div><\/div>\n\t\t\t\t\t<\/li><li class=\"pane-wrapper\" style=\"\">\n\t\t\t\t\t<h4 class=\"tab\"><span class=\"inner\">\u00a1No tengo dientes del todo!<\/span><\/h4>\n\t\t\t\t\t<div class=\"pane\"><div class=\"inner\"><p>Un alto porcentaje de las personas se encuentran ed\u00e9ntulas, es decir no tienen dientes en su boca.<\/p>\n<p>Se han resignado a seguir en esta condici\u00f3n, poniendo en pausa muchas de sus ilusiones, metas y expectativas. Gracias a los implantes dentales, esta situaci\u00f3n pueden ser mejorada considerablemente, desde la posibilidad de usar los implantes como anclaje de las dentaduras, mejorando su estabilidad y retenci\u00f3n, hasta pr\u00f3tesis fijas sobre estos implantes, olvid\u00e1ndose as\u00ed de restauraciones removibles.<\/p>\n<div class=\"row \"><div class=\"wpv-grid grid-1-1  first unextended\" style=\"padding-top:0px;padding-bottom:0px\" id=\"wpv-column-80875f397421a26525e086a798516d60\" ><div class=\"row \"><div class=\"wpv-grid grid-1-2  first unextended\" style=\"padding-top:0px;padding-bottom:0px\" id=\"wpv-column-f8c852eccf9eb195daf84a2df8ed105b\" ><\/div>\n<div class=\"wpv-grid grid-1-2  unextended\" style=\"padding-top:0px;padding-bottom:0px\" id=\"wpv-column-ceb03247d44c4eb26262e84398d04ac8\" ><\/div><\/div><\/div><\/div><\/div><\/div>\n\t\t\t\t\t<\/li><li class=\"pane-wrapper\" style=\"\">\n\t\t\t\t\t<h4 class=\"tab\"><span class=\"inner\">\u00a1Tuve un accidente o alguna cirug\u00eda y perd\u00ed varios dientes!<\/span><\/h4>\n\t\t\t\t\t<div class=\"pane\"><div class=\"inner\"><p>En ocasiones podemos tener los dientes m\u00e1s sanos que existen, pero por distintas circunstancias (accidentes, o alguna cirug\u00eda para corregir alg\u00fan problema m\u00e9dico mayor) perdemos esos dientes.<\/p>\n<p>En estos casos lo podemos ayudar a lidiar con este inconveniente sustituyendo sus dientes perdidos, con el fin de que mantenga una mejor calidad de vida durante estos momentos de cambios.<\/div><\/div>\n\t\t\t\t\t<\/li><li class=\"pane-wrapper\" style=\"\">\n\t\t\t\t\t<h4 class=\"tab\"><span class=\"inner\">\u00a1Me sangran las enc\u00edas y\/o me molestan los dientes!<\/span><\/h4>\n\t\t\t\t\t<div class=\"pane\"><div class=\"inner\"><p>El hecho de que las enc\u00edas sangren y\/o sienta malestares en sus dientes son indicadores de que hay algo que no est\u00e1 bien. Son respuestas naturales del cuerpo para darnos la alerta de que tenemos que ser evaluados con el fin de evitar problemas de mayor magnitud.<\/p>\n<p>Hay gran variedad de tratamientos que nos ayudan a solucionar estas situaciones que en ocasiones pueden llegar a ser molestas y embarazosas.<\/div><\/div>\n\t\t\t\t\t<\/li><li class=\"pane-wrapper\" style=\"\">\n\t\t\t\t\t<h4 class=\"tab\"><span class=\"inner\">Otros<\/span><\/h4>\n\t\t\t\t\t<div class=\"pane\"><div class=\"inner\"><p>Si por alg\u00fan motivo, no enlistamos su condici\u00f3n dental, por favor comun\u00edquese con nosotros ya que contamos con un grupo de profesionales entrenados en las mejores universidades del mundo, dispuestos a sentarse con usted y proporcionarle una soluci\u00f3n personalizadaa a su problema espec\u00edfico.<\/div><\/div>\n\t\t\t\t\t<\/li><\/ul><\/div>\n","protected":false},"excerpt":{"rendered":"<p>Desea saber en qu\u00e9 consiste su tratamiento? Advance Dental Costa Rica le ayudar\u00e1 a evacuar sus dudas. Aqu\u00ed podr\u00e1 encontrar que es un implante, un puente, coronas de porcelana o zirconio, carillas de porcelana, blanqueamientos, limpiezas dentales, incrustaciones, injertos de hueso. Adem\u00e1s podr\u00e1 saber cu\u00e1nto tiempo debe de estar en Costa Rica y los precios&#8230;<\/p>\n","protected":false},"author":1,"featured_media":0,"parent":0,"menu_order":1,"comment_status":"closed","ping_status":"closed","template":"","meta":{"footnotes":""},"class_list":["post-8480","page","type-page","status-publish"],"yoast_head":"<!-- This site is optimized with the Yoast SEO plugin v27.4 - https:\/\/yoast.com\/product\/yoast-seo-wordpress\/ -->\n<title>Preguntas Frecuentes - Advance Dental Costa Rica<\/title>\n<meta name=\"robots\" content=\"index, follow, max-snippet:-1, max-image-preview:large, max-video-preview:-1\" \/>\n<link rel=\"canonical\" href=\"https:\/\/www.advancedentalcostarica.com\/frequently-asked-questions\/\" \/>\n<meta property=\"og:locale\" content=\"es_ES\" \/>\n<meta property=\"og:type\" content=\"article\" \/>\n<meta property=\"og:title\" content=\"Preguntas Frecuentes - Advance Dental Costa Rica\" \/>\n<meta property=\"og:description\" content=\"Desea saber en qu\u00e9 consiste su tratamiento? Advance Dental Costa Rica le ayudar\u00e1 a evacuar sus dudas. Aqu\u00ed podr\u00e1 encontrar que es un implante, un puente, coronas de porcelana o zirconio, carillas de porcelana, blanqueamientos, limpiezas dentales, incrustaciones, injertos de hueso. Adem\u00e1s podr\u00e1 saber cu\u00e1nto tiempo debe de estar en Costa Rica y los precios...\" \/>\n<meta property=\"og:url\" content=\"https:\/\/www.advancedentalcostarica.com\/frequently-asked-questions\/\" \/>\n<meta property=\"og:site_name\" content=\"Advance Dental Costa Rica\" \/>\n<meta property=\"article:modified_time\" content=\"2021-01-20T00:11:16+00:00\" \/>\n<meta name=\"twitter:label1\" content=\"Est. reading time\" \/>\n\t<meta name=\"twitter:data1\" content=\"4 minutos\" \/>\n<script type=\"application\/ld+json\" class=\"yoast-schema-graph\">{\"@context\":\"https:\\\/\\\/schema.org\",\"@graph\":[{\"@type\":\"WebPage\",\"@id\":\"https:\\\/\\\/www.advancedentalcostarica.com\\\/frequently-asked-questions\\\/\",\"url\":\"https:\\\/\\\/www.advancedentalcostarica.com\\\/frequently-asked-questions\\\/\",\"name\":\"Preguntas Frecuentes - Advance Dental Costa Rica\",\"isPartOf\":{\"@id\":\"https:\\\/\\\/advancedentalcostarica.com\\\/#website\"},\"datePublished\":\"2016-09-17T20:32:24+00:00\",\"dateModified\":\"2021-01-20T00:11:16+00:00\",\"breadcrumb\":{\"@id\":\"https:\\\/\\\/www.advancedentalcostarica.com\\\/frequently-asked-questions\\\/#breadcrumb\"},\"inLanguage\":\"es-CR\",\"potentialAction\":[{\"@type\":\"ReadAction\",\"target\":[\"https:\\\/\\\/www.advancedentalcostarica.com\\\/frequently-asked-questions\\\/\"]}]},{\"@type\":\"BreadcrumbList\",\"@id\":\"https:\\\/\\\/www.advancedentalcostarica.com\\\/frequently-asked-questions\\\/#breadcrumb\",\"itemListElement\":[{\"@type\":\"ListItem\",\"position\":1,\"name\":\"Home\",\"item\":\"https:\\\/\\\/www.advancedentalcostarica.com\\\/es\\\/\"},{\"@type\":\"ListItem\",\"position\":2,\"name\":\"Preguntas Frecuentes\"}]},{\"@type\":\"WebSite\",\"@id\":\"https:\\\/\\\/advancedentalcostarica.com\\\/#website\",\"url\":\"https:\\\/\\\/advancedentalcostarica.com\\\/\",\"name\":\"Advance Dental Costa Rica\",\"description\":\"Dental Costs in Costa Rica - Procedures Prices\",\"potentialAction\":[{\"@type\":\"SearchAction\",\"target\":{\"@type\":\"EntryPoint\",\"urlTemplate\":\"https:\\\/\\\/advancedentalcostarica.com\\\/?s={search_term_string}\"},\"query-input\":{\"@type\":\"PropertyValueSpecification\",\"valueRequired\":true,\"valueName\":\"search_term_string\"}}],\"inLanguage\":\"es-CR\"}]}<\/script>\n<!-- \/ Yoast SEO plugin. -->","yoast_head_json":{"title":"Preguntas Frecuentes - Advance Dental Costa Rica","robots":{"index":"index","follow":"follow","max-snippet":"max-snippet:-1","max-image-preview":"max-image-preview:large","max-video-preview":"max-video-preview:-1"},"canonical":"https:\/\/www.advancedentalcostarica.com\/frequently-asked-questions\/","og_locale":"es_ES","og_type":"article","og_title":"Preguntas Frecuentes - Advance Dental Costa Rica","og_description":"Desea saber en qu\u00e9 consiste su tratamiento? Advance Dental Costa Rica le ayudar\u00e1 a evacuar sus dudas. Aqu\u00ed podr\u00e1 encontrar que es un implante, un puente, coronas de porcelana o zirconio, carillas de porcelana, blanqueamientos, limpiezas dentales, incrustaciones, injertos de hueso. Adem\u00e1s podr\u00e1 saber cu\u00e1nto tiempo debe de estar en Costa Rica y los precios...","og_url":"https:\/\/www.advancedentalcostarica.com\/frequently-asked-questions\/","og_site_name":"Advance Dental Costa Rica","article_modified_time":"2021-01-20T00:11:16+00:00","twitter_misc":{"Est. reading time":"4 minutos"},"schema":{"@context":"https:\/\/schema.org","@graph":[{"@type":"WebPage","@id":"https:\/\/www.advancedentalcostarica.com\/frequently-asked-questions\/","url":"https:\/\/www.advancedentalcostarica.com\/frequently-asked-questions\/","name":"Preguntas Frecuentes - Advance Dental Costa Rica","isPartOf":{"@id":"https:\/\/advancedentalcostarica.com\/#website"},"datePublished":"2016-09-17T20:32:24+00:00","dateModified":"2021-01-20T00:11:16+00:00","breadcrumb":{"@id":"https:\/\/www.advancedentalcostarica.com\/frequently-asked-questions\/#breadcrumb"},"inLanguage":"es-CR","potentialAction":[{"@type":"ReadAction","target":["https:\/\/www.advancedentalcostarica.com\/frequently-asked-questions\/"]}]},{"@type":"BreadcrumbList","@id":"https:\/\/www.advancedentalcostarica.com\/frequently-asked-questions\/#breadcrumb","itemListElement":[{"@type":"ListItem","position":1,"name":"Home","item":"https:\/\/www.advancedentalcostarica.com\/es\/"},{"@type":"ListItem","position":2,"name":"Preguntas Frecuentes"}]},{"@type":"WebSite","@id":"https:\/\/advancedentalcostarica.com\/#website","url":"https:\/\/advancedentalcostarica.com\/","name":"Advance Dental Costa Rica","description":"Dental Costs in Costa Rica - Procedures Prices","potentialAction":[{"@type":"SearchAction","target":{"@type":"EntryPoint","urlTemplate":"https:\/\/advancedentalcostarica.com\/?s={search_term_string}"},"query-input":{"@type":"PropertyValueSpecification","valueRequired":true,"valueName":"search_term_string"}}],"inLanguage":"es-CR"}]}},"_links":{"self":[{"href":"https:\/\/www.advancedentalcostarica.com\/es\/wp-json\/wp\/v2\/pages\/8480","targetHints":{"allow":["GET"]}}],"collection":[{"href":"https:\/\/www.advancedentalcostarica.com\/es\/wp-json\/wp\/v2\/pages"}],"about":[{"href":"https:\/\/www.advancedentalcostarica.com\/es\/wp-json\/wp\/v2\/types\/page"}],"author":[{"embeddable":true,"href":"https:\/\/www.advancedentalcostarica.com\/es\/wp-json\/wp\/v2\/users\/1"}],"replies":[{"embeddable":true,"href":"https:\/\/www.advancedentalcostarica.com\/es\/wp-json\/wp\/v2\/comments?post=8480"}],"version-history":[{"count":11,"href":"https:\/\/www.advancedentalcostarica.com\/es\/wp-json\/wp\/v2\/pages\/8480\/revisions"}],"predecessor-version":[{"id":11358,"href":"https:\/\/www.advancedentalcostarica.com\/es\/wp-json\/wp\/v2\/pages\/8480\/revisions\/11358"}],"wp:attachment":[{"href":"https:\/\/www.advancedentalcostarica.com\/es\/wp-json\/wp\/v2\/media?parent=8480"}],"curies":[{"name":"wp","href":"https:\/\/api.w.org\/{rel}","templated":true}]}}