{"id":8475,"date":"2016-09-17T20:20:07","date_gmt":"2016-09-17T20:20:07","guid":{"rendered":"http:\/\/cosmeticdentistcostarica.com\/es\/?page_id=8475"},"modified":"2021-01-13T22:31:09","modified_gmt":"2021-01-13T22:31:09","slug":"afiliaciones-y-membrecias","status":"publish","type":"page","link":"https:\/\/www.advancedentalcostarica.com\/es\/afiliaciones-y-membrecias\/","title":{"rendered":"Afiliaciones y Membrec\u00edas"},"content":{"rendered":"<div class=\"wpb-content-wrapper\"><p>[vc_row][vc_column][vc_column_text]Advance Dental Costa Rica cuenta con el respaldo de las siguientes instituciones y organizaciones. Nuestra participaci\u00f3n conjunta se traduce, en un beneficio m\u00e1s a nuestros pacientes, ya que las mismas proveen regulaciones muy espec\u00edficas que deben ser seguidas para acceder a su aprobaci\u00f3n, que al final se refleja en un servicio de alta calidad as\u00ed como tranquilidad y seguridad a todos quienes nos visitan para sus tratamientos dentales. [\/vc_column_text][\/vc_column][\/vc_row][vc_row][vc_column][vc_column_text][\/vc_column_text][\/vc_column][\/vc_row][vc_row][vc_column width=&#8221;1\/3&#8243;][vc_column_text]<a href=\"http:\/\/www.colegiodentistas.org\/sitCol\/\" target=\"_blank\" rel=\"noopener\"><img loading=\"lazy\" decoding=\"async\" class=\"aligncenter\" src=\"https:\/\/advancedentalcostarica.com\/wp-content\/uploads\/2016\/09\/colegio-cirujanos-dentistas.jpg\" alt=\"\" width=\"123\" height=\"124\" \/><\/a>[\/vc_column_text][vc_column_text]<\/p>\n<h3 style=\"text-align: center;\">CCDCR<\/h3>\n<p>[\/vc_column_text][vc_column_text]<\/p>\n<p style=\"text-align: center;\">El Colegio de Cirujanos Dentistas de Costa Rica es la junta nacional de dentistas, para poder ejercer la odontolog\u00eda en Costa Rica se debe ser miembro de esta instituci\u00f3n.<\/p>\n<p>[\/vc_column_text][\/vc_column][vc_column width=&#8221;1\/3&#8243;][vc_column_text]<a href=\"https:\/\/www.hospitalcima.com\/es\/\" target=\"_blank\" rel=\"noopener\"><img loading=\"lazy\" decoding=\"async\" class=\"aligncenter\" src=\"https:\/\/advancedentalcostarica.com\/wp-content\/uploads\/2016\/09\/cima.jpg\" alt=\"Hospital CIMA\" width=\"200\" height=\"67\" \/><\/a>[\/vc_column_text][vc_column_text]<\/p>\n<h3 style=\"text-align: center;\">Hospital CIMA<\/h3>\n<p>[\/vc_column_text][vc_column_text]<\/p>\n<p style=\"text-align: center;\">El Hospital CIMA est\u00e1 dise\u00f1ado para cumplir con los requisitos m\u00e1s exigentes en la atenci\u00f3n de los pacientes y procedimientos quir\u00fargicos, y ofrecer las mejores instalaciones, tecnolog\u00eda, infraestructura, y personal con formaci\u00f3n internacional en Centroam\u00e9rica, totalmente compatibles con los est\u00e1ndares norteamericanos. Cuenta con la aprobaci\u00f3n de la JCI.<\/p>\n<p>[\/vc_column_text][\/vc_column][vc_column width=&#8221;1\/3&#8243;][vc_column_text]<a href=\"https:\/\/www.gotoapro.org\/\" target=\"_blank\" rel=\"noopener\"><img loading=\"lazy\" decoding=\"async\" class=\"aligncenter\" src=\"https:\/\/advancedentalcostarica.com\/wp-content\/uploads\/2016\/09\/acp.jpg\" alt=\"ACP\" width=\"200\" height=\"31\" \/><\/a>[\/vc_column_text][vc_column_text]<\/p>\n<h3 style=\"text-align: center;\">ACP<\/h3>\n<p>[\/vc_column_text][vc_column_text]<\/p>\n<p style=\"text-align: center;\">El Colegio Americano de Prostodoncistas es la asociaci\u00f3n profesional de los dentistas con formaci\u00f3n especializada avanzada, que crean una \u00f3ptima salud oral, tanto en la funci\u00f3n y el aspecto incluyendo los implantes dentales, pr\u00f3tesis dentales, carillas, coronas y blanqueamiento de dientes. S\u00f3lo la formaci\u00f3n especializada en EE.UU. es aceptada en esta organizaci\u00f3n.<\/p>\n<p>[\/vc_column_text][\/vc_column][\/vc_row][vc_row][vc_column width=&#8221;1\/3&#8243;][vc_column_text]<a href=\"https:\/\/dentistry.llu.edu\/\" target=\"_blank\" rel=\"noopener\"><img loading=\"lazy\" decoding=\"async\" class=\"aligncenter\" src=\"https:\/\/advancedentalcostarica.com\/wp-content\/uploads\/2016\/09\/llu.jpg\" alt=\"Loma Linda University\" width=\"200\" height=\"32\" \/><\/a>[\/vc_column_text][vc_column_text]<\/p>\n<h3 style=\"text-align: center;\">Loma Linda University<\/h3>\n<p>[\/vc_column_text][vc_column_text]<\/p>\n<p style=\"text-align: center;\">El Dr. Eugenio J. Brenes, hizo su residencia de cuatro a\u00f1os en la Universidad de Loma Linda. El Programa de Especialidad en Educaci\u00f3n Superior en Pr\u00f3tesis Dentales est\u00e1 dise\u00f1ado para aumentar la base de conocimientos, habilidades cl\u00ednicas y de laboratorio de los estudiantes en todos los \u00e1mbitos de la pr\u00f3tesis.<\/p>\n<p>[\/vc_column_text][\/vc_column][vc_column width=&#8221;1\/3&#8243;][\/vc_column][vc_column width=&#8221;1\/3&#8243;][\/vc_column][\/vc_row]<\/p>\n<\/div>","protected":false},"excerpt":{"rendered":"<p>[vc_row][vc_column][vc_column_text]Advance Dental Costa Rica cuenta con el respaldo de las siguientes instituciones y organizaciones. Nuestra participaci\u00f3n conjunta se traduce, en un beneficio m\u00e1s a nuestros pacientes, ya que las mismas proveen regulaciones muy espec\u00edficas que deben ser seguidas para acceder a su aprobaci\u00f3n, que al final se refleja en un servicio de alta calidad as\u00ed&#8230;<\/p>\n","protected":false},"author":1,"featured_media":0,"parent":0,"menu_order":3,"comment_status":"closed","ping_status":"closed","template":"","meta":{"footnotes":""},"class_list":["post-8475","page","type-page","status-publish"],"yoast_head":"<!-- This site is optimized with the Yoast SEO plugin v27.4 - https:\/\/yoast.com\/product\/yoast-seo-wordpress\/ -->\n<title>Afiliaciones y Membrec\u00edas - Advance Dental Costa Rica<\/title>\n<meta name=\"robots\" content=\"index, follow, max-snippet:-1, max-image-preview:large, max-video-preview:-1\" \/>\n<link rel=\"canonical\" href=\"https:\/\/www.advancedentalcostarica.com\/affiliations-memberships\/\" \/>\n<meta property=\"og:locale\" content=\"es_ES\" \/>\n<meta property=\"og:type\" content=\"article\" \/>\n<meta property=\"og:title\" content=\"Afiliaciones y Membrec\u00edas - Advance Dental Costa Rica\" \/>\n<meta property=\"og:description\" content=\"[vc_row][vc_column][vc_column_text]Advance Dental Costa Rica cuenta con el respaldo de las siguientes instituciones y organizaciones. Nuestra participaci\u00f3n conjunta se traduce, en un beneficio m\u00e1s a nuestros pacientes, ya que las mismas proveen regulaciones muy espec\u00edficas que deben ser seguidas para acceder a su aprobaci\u00f3n, que al final se refleja en un servicio de alta calidad as\u00ed...\" \/>\n<meta property=\"og:url\" content=\"https:\/\/www.advancedentalcostarica.com\/affiliations-memberships\/\" \/>\n<meta property=\"og:site_name\" content=\"Advance Dental Costa Rica\" \/>\n<meta property=\"article:modified_time\" content=\"2021-01-13T22:31:09+00:00\" \/>\n<meta property=\"og:image\" content=\"https:\/\/advancedentalcostarica.com\/wp-content\/uploads\/2016\/09\/colegio-cirujanos-dentistas.jpg\" \/>\n<meta name=\"twitter:label1\" content=\"Est. reading time\" \/>\n\t<meta name=\"twitter:data1\" content=\"2 minutos\" \/>\n<script type=\"application\/ld+json\" class=\"yoast-schema-graph\">{\"@context\":\"https:\\\/\\\/schema.org\",\"@graph\":[{\"@type\":\"WebPage\",\"@id\":\"https:\\\/\\\/www.advancedentalcostarica.com\\\/affiliations-memberships\\\/\",\"url\":\"https:\\\/\\\/www.advancedentalcostarica.com\\\/affiliations-memberships\\\/\",\"name\":\"Afiliaciones y Membrec\u00edas - Advance Dental Costa Rica\",\"isPartOf\":{\"@id\":\"https:\\\/\\\/advancedentalcostarica.com\\\/#website\"},\"primaryImageOfPage\":{\"@id\":\"https:\\\/\\\/www.advancedentalcostarica.com\\\/affiliations-memberships\\\/#primaryimage\"},\"image\":{\"@id\":\"https:\\\/\\\/www.advancedentalcostarica.com\\\/affiliations-memberships\\\/#primaryimage\"},\"thumbnailUrl\":\"https:\\\/\\\/advancedentalcostarica.com\\\/wp-content\\\/uploads\\\/2016\\\/09\\\/colegio-cirujanos-dentistas.jpg\",\"datePublished\":\"2016-09-17T20:20:07+00:00\",\"dateModified\":\"2021-01-13T22:31:09+00:00\",\"breadcrumb\":{\"@id\":\"https:\\\/\\\/www.advancedentalcostarica.com\\\/affiliations-memberships\\\/#breadcrumb\"},\"inLanguage\":\"es-CR\",\"potentialAction\":[{\"@type\":\"ReadAction\",\"target\":[\"https:\\\/\\\/www.advancedentalcostarica.com\\\/affiliations-memberships\\\/\"]}]},{\"@type\":\"ImageObject\",\"inLanguage\":\"es-CR\",\"@id\":\"https:\\\/\\\/www.advancedentalcostarica.com\\\/affiliations-memberships\\\/#primaryimage\",\"url\":\"https:\\\/\\\/advancedentalcostarica.com\\\/wp-content\\\/uploads\\\/2016\\\/09\\\/colegio-cirujanos-dentistas.jpg\",\"contentUrl\":\"https:\\\/\\\/advancedentalcostarica.com\\\/wp-content\\\/uploads\\\/2016\\\/09\\\/colegio-cirujanos-dentistas.jpg\"},{\"@type\":\"BreadcrumbList\",\"@id\":\"https:\\\/\\\/www.advancedentalcostarica.com\\\/affiliations-memberships\\\/#breadcrumb\",\"itemListElement\":[{\"@type\":\"ListItem\",\"position\":1,\"name\":\"Home\",\"item\":\"https:\\\/\\\/www.advancedentalcostarica.com\\\/es\\\/\"},{\"@type\":\"ListItem\",\"position\":2,\"name\":\"Afiliaciones y Membrec\u00edas\"}]},{\"@type\":\"WebSite\",\"@id\":\"https:\\\/\\\/advancedentalcostarica.com\\\/#website\",\"url\":\"https:\\\/\\\/advancedentalcostarica.com\\\/\",\"name\":\"Advance Dental Costa Rica\",\"description\":\"Dental Costs in Costa Rica - Procedures Prices\",\"potentialAction\":[{\"@type\":\"SearchAction\",\"target\":{\"@type\":\"EntryPoint\",\"urlTemplate\":\"https:\\\/\\\/advancedentalcostarica.com\\\/?s={search_term_string}\"},\"query-input\":{\"@type\":\"PropertyValueSpecification\",\"valueRequired\":true,\"valueName\":\"search_term_string\"}}],\"inLanguage\":\"es-CR\"}]}<\/script>\n<!-- \/ Yoast SEO plugin. -->","yoast_head_json":{"title":"Afiliaciones y Membrec\u00edas - Advance Dental Costa Rica","robots":{"index":"index","follow":"follow","max-snippet":"max-snippet:-1","max-image-preview":"max-image-preview:large","max-video-preview":"max-video-preview:-1"},"canonical":"https:\/\/www.advancedentalcostarica.com\/affiliations-memberships\/","og_locale":"es_ES","og_type":"article","og_title":"Afiliaciones y Membrec\u00edas - Advance Dental Costa Rica","og_description":"[vc_row][vc_column][vc_column_text]Advance Dental Costa Rica cuenta con el respaldo de las siguientes instituciones y organizaciones. Nuestra participaci\u00f3n conjunta se traduce, en un beneficio m\u00e1s a nuestros pacientes, ya que las mismas proveen regulaciones muy espec\u00edficas que deben ser seguidas para acceder a su aprobaci\u00f3n, que al final se refleja en un servicio de alta calidad as\u00ed...","og_url":"https:\/\/www.advancedentalcostarica.com\/affiliations-memberships\/","og_site_name":"Advance Dental Costa Rica","article_modified_time":"2021-01-13T22:31:09+00:00","og_image":[{"url":"https:\/\/advancedentalcostarica.com\/wp-content\/uploads\/2016\/09\/colegio-cirujanos-dentistas.jpg","type":"","width":"","height":""}],"twitter_misc":{"Est. reading time":"2 minutos"},"schema":{"@context":"https:\/\/schema.org","@graph":[{"@type":"WebPage","@id":"https:\/\/www.advancedentalcostarica.com\/affiliations-memberships\/","url":"https:\/\/www.advancedentalcostarica.com\/affiliations-memberships\/","name":"Afiliaciones y Membrec\u00edas - Advance Dental Costa Rica","isPartOf":{"@id":"https:\/\/advancedentalcostarica.com\/#website"},"primaryImageOfPage":{"@id":"https:\/\/www.advancedentalcostarica.com\/affiliations-memberships\/#primaryimage"},"image":{"@id":"https:\/\/www.advancedentalcostarica.com\/affiliations-memberships\/#primaryimage"},"thumbnailUrl":"https:\/\/advancedentalcostarica.com\/wp-content\/uploads\/2016\/09\/colegio-cirujanos-dentistas.jpg","datePublished":"2016-09-17T20:20:07+00:00","dateModified":"2021-01-13T22:31:09+00:00","breadcrumb":{"@id":"https:\/\/www.advancedentalcostarica.com\/affiliations-memberships\/#breadcrumb"},"inLanguage":"es-CR","potentialAction":[{"@type":"ReadAction","target":["https:\/\/www.advancedentalcostarica.com\/affiliations-memberships\/"]}]},{"@type":"ImageObject","inLanguage":"es-CR","@id":"https:\/\/www.advancedentalcostarica.com\/affiliations-memberships\/#primaryimage","url":"https:\/\/advancedentalcostarica.com\/wp-content\/uploads\/2016\/09\/colegio-cirujanos-dentistas.jpg","contentUrl":"https:\/\/advancedentalcostarica.com\/wp-content\/uploads\/2016\/09\/colegio-cirujanos-dentistas.jpg"},{"@type":"BreadcrumbList","@id":"https:\/\/www.advancedentalcostarica.com\/affiliations-memberships\/#breadcrumb","itemListElement":[{"@type":"ListItem","position":1,"name":"Home","item":"https:\/\/www.advancedentalcostarica.com\/es\/"},{"@type":"ListItem","position":2,"name":"Afiliaciones y Membrec\u00edas"}]},{"@type":"WebSite","@id":"https:\/\/advancedentalcostarica.com\/#website","url":"https:\/\/advancedentalcostarica.com\/","name":"Advance Dental Costa Rica","description":"Dental Costs in Costa Rica - Procedures Prices","potentialAction":[{"@type":"SearchAction","target":{"@type":"EntryPoint","urlTemplate":"https:\/\/advancedentalcostarica.com\/?s={search_term_string}"},"query-input":{"@type":"PropertyValueSpecification","valueRequired":true,"valueName":"search_term_string"}}],"inLanguage":"es-CR"}]}},"_links":{"self":[{"href":"https:\/\/www.advancedentalcostarica.com\/es\/wp-json\/wp\/v2\/pages\/8475","targetHints":{"allow":["GET"]}}],"collection":[{"href":"https:\/\/www.advancedentalcostarica.com\/es\/wp-json\/wp\/v2\/pages"}],"about":[{"href":"https:\/\/www.advancedentalcostarica.com\/es\/wp-json\/wp\/v2\/types\/page"}],"author":[{"embeddable":true,"href":"https:\/\/www.advancedentalcostarica.com\/es\/wp-json\/wp\/v2\/users\/1"}],"replies":[{"embeddable":true,"href":"https:\/\/www.advancedentalcostarica.com\/es\/wp-json\/wp\/v2\/comments?post=8475"}],"version-history":[{"count":10,"href":"https:\/\/www.advancedentalcostarica.com\/es\/wp-json\/wp\/v2\/pages\/8475\/revisions"}],"predecessor-version":[{"id":11200,"href":"https:\/\/www.advancedentalcostarica.com\/es\/wp-json\/wp\/v2\/pages\/8475\/revisions\/11200"}],"wp:attachment":[{"href":"https:\/\/www.advancedentalcostarica.com\/es\/wp-json\/wp\/v2\/media?parent=8475"}],"curies":[{"name":"wp","href":"https:\/\/api.w.org\/{rel}","templated":true}]}}