{"id":8473,"date":"2016-09-17T20:14:18","date_gmt":"2016-09-17T20:14:18","guid":{"rendered":"http:\/\/cosmeticdentistcostarica.com\/es\/?page_id=8473"},"modified":"2021-01-13T21:57:54","modified_gmt":"2021-01-13T21:57:54","slug":"nuestra-clinica","status":"publish","type":"page","link":"https:\/\/www.advancedentalcostarica.com\/es\/nuestra-clinica\/","title":{"rendered":"Nuestra Cl\u00ednica"},"content":{"rendered":"<div class=\"wpb-content-wrapper\"><p>[vc_row][vc_column][vc_column_text]<\/p>\n<div class=\"wpv-video-frame\"><iframe loading=\"lazy\" title=\"Advance Dental Costa Rica - Team of Specialists and Staff\" width=\"1260\" height=\"709\" src=\"https:\/\/www.youtube.com\/embed\/TX9RWuFQBC0?feature=oembed\" frameborder=\"0\" allow=\"accelerometer; autoplay; clipboard-write; encrypted-media; gyroscope; picture-in-picture\" allowfullscreen><\/iframe><\/div>\n<p style=\"font-size: 9px;\"><em>Video grabado en Mayo 2019<\/em><\/p>\n<p>[\/vc_column_text][vc_column_text]Advance Dental Costa Rica est\u00e1 ubicada en el Hospital CIMA, uno de los hospitales privados con mayor prestigio en el pa\u00eds y en la regi\u00f3n, que adem\u00e1s cuenta con la aprobaci\u00f3n del Joint Commission International, lo que lo hace un hospital de gran reconocimiento a nivel internacional.<\/p>\n<p>Nuestra meta es ofrecerle soluciones dentales personalizadas, a un precio justo, con un alto grado de \u00e9xito y previsibilidad. Estamos muy contentos de poner a disposici\u00f3n de nuestros pacientes una oferta de Especialidades Dentales que cubre cualquiera que sea su necesidad:<\/p>\n<ul>\n<li>Prostodoncia<\/li>\n<li>Periodoncia<\/li>\n<li>Endodoncia<\/li>\n<li>Ortodoncia<\/li>\n<li>Odontopediatr\u00eda<\/li>\n<li>Trauma Temporomandibular y Dolor Orofacial<\/li>\n<li>Cirug\u00eda Maxilofacial<\/li>\n<li>Odontolog\u00eda General<\/li>\n<\/ul>\n<p>En Advance Dental Costa Rica hemos escogido nuestra ubicaci\u00f3n actual en el\u00a0<strong>Hospital CIMA<\/strong>\u00a0por 3 razones:<\/p>\n<ul>\n<li><strong>Seguridad.<\/strong>El Hospital est\u00e1 ubicado en Escaz\u00fa, una de las \u00e1reas m\u00e1s bonitas y seguras al oeste de San Jos\u00e9. Estamos ubicados a una corta distancia de varios hoteles reconocidos (que adem\u00e1s ofrecen tarifas preferenciales a los pacientes que nos visitan de fuera del pa\u00eds), centros comerciales, restaurantes y distintas opciones de entretenimiento que puede visitar caminando sin necesidad de transporte, como los son Avenida Escaz\u00fa y Plaza Tempo.<\/li>\n<li><strong>Acreditaci<\/strong><strong>\u00f3n.<\/strong>Tanto el Hospital CIMA como nuestra Cl\u00ednica han sido aprobados por organizaciones estadounidenses que verifican que los est\u00e1ndares de seguridad, procesos de esterilizaci\u00f3n y pol\u00edticas de privacidad sean las mismas que las de una cl\u00ednica ubicada en los Estados Unidos.<\/li>\n<li><strong>Equipo y tecnolog\u00ed<\/strong><strong>a de punta.<\/strong>Esta locaci\u00f3n tiene todas las facilidades necesarias para ofrecer a nuestros pacientes una oficina dental con lo \u00faltimo en equipo y tecnolog\u00eda. En su dise\u00f1o, utilizamos como base las cl\u00ednicas dentales a las que estuvo expuesto el Dr. Brenes durante su entrenamiento en California. Todas las especialidades que ofrecemos a nuestros pacientes tienen como caracter\u00edstica en com\u00fan el uso de tecnolog\u00eda de punta para ofrecer mayores probabilidades de \u00e9xito a nuestros pacientes en sus tratamientos.<\/li>\n<\/ul>\n<p>Somos una Cl\u00ednica cuidada y aprobado, todo bajo<strong>\u00a0est\u00e1ndares de Estados Unidos<\/strong>, que le ofrece una atenci\u00f3n sobresaliente y un tratamiento dental predecible, de larga duraci\u00f3n y exitoso.[\/vc_column_text][\/vc_column][\/vc_row]<\/p>\n<\/div>","protected":false},"excerpt":{"rendered":"<p>[vc_row][vc_column][vc_column_text] Video grabado en Mayo 2019 [\/vc_column_text][vc_column_text]Advance Dental Costa Rica est\u00e1 ubicada en el Hospital CIMA, uno de los hospitales privados con mayor prestigio en el pa\u00eds y en la regi\u00f3n, que adem\u00e1s cuenta con la aprobaci\u00f3n del Joint Commission International, lo que lo hace un hospital de gran reconocimiento a nivel internacional. Nuestra meta&#8230;<\/p>\n","protected":false},"author":1,"featured_media":0,"parent":0,"menu_order":2,"comment_status":"closed","ping_status":"closed","template":"","meta":{"footnotes":""},"class_list":["post-8473","page","type-page","status-publish"],"yoast_head":"<!-- This site is optimized with the Yoast SEO plugin v27.4 - https:\/\/yoast.com\/product\/yoast-seo-wordpress\/ -->\n<title>Nuestra Cl\u00ednica - Advance Dental Costa Rica<\/title>\n<meta name=\"robots\" content=\"index, follow, max-snippet:-1, max-image-preview:large, max-video-preview:-1\" \/>\n<link rel=\"canonical\" href=\"https:\/\/www.advancedentalcostarica.com\/our-clinic\/\" \/>\n<meta property=\"og:locale\" content=\"es_ES\" \/>\n<meta property=\"og:type\" content=\"article\" \/>\n<meta property=\"og:title\" content=\"Nuestra Cl\u00ednica - Advance Dental Costa Rica\" \/>\n<meta property=\"og:description\" content=\"[vc_row][vc_column][vc_column_text] Video grabado en Mayo 2019 [\/vc_column_text][vc_column_text]Advance Dental Costa Rica est\u00e1 ubicada en el Hospital CIMA, uno de los hospitales privados con mayor prestigio en el pa\u00eds y en la regi\u00f3n, que adem\u00e1s cuenta con la aprobaci\u00f3n del Joint Commission International, lo que lo hace un hospital de gran reconocimiento a nivel internacional. Nuestra meta...\" \/>\n<meta property=\"og:url\" content=\"https:\/\/www.advancedentalcostarica.com\/our-clinic\/\" \/>\n<meta property=\"og:site_name\" content=\"Advance Dental Costa Rica\" \/>\n<meta property=\"article:modified_time\" content=\"2021-01-13T21:57:54+00:00\" \/>\n<meta name=\"twitter:label1\" content=\"Est. reading time\" \/>\n\t<meta name=\"twitter:data1\" content=\"2 minutos\" \/>\n<script type=\"application\/ld+json\" class=\"yoast-schema-graph\">{\"@context\":\"https:\\\/\\\/schema.org\",\"@graph\":[{\"@type\":\"WebPage\",\"@id\":\"https:\\\/\\\/www.advancedentalcostarica.com\\\/our-clinic\\\/\",\"url\":\"https:\\\/\\\/www.advancedentalcostarica.com\\\/our-clinic\\\/\",\"name\":\"Nuestra Cl\u00ednica - Advance Dental Costa Rica\",\"isPartOf\":{\"@id\":\"https:\\\/\\\/advancedentalcostarica.com\\\/#website\"},\"datePublished\":\"2016-09-17T20:14:18+00:00\",\"dateModified\":\"2021-01-13T21:57:54+00:00\",\"breadcrumb\":{\"@id\":\"https:\\\/\\\/www.advancedentalcostarica.com\\\/our-clinic\\\/#breadcrumb\"},\"inLanguage\":\"es-CR\",\"potentialAction\":[{\"@type\":\"ReadAction\",\"target\":[\"https:\\\/\\\/www.advancedentalcostarica.com\\\/our-clinic\\\/\"]}]},{\"@type\":\"BreadcrumbList\",\"@id\":\"https:\\\/\\\/www.advancedentalcostarica.com\\\/our-clinic\\\/#breadcrumb\",\"itemListElement\":[{\"@type\":\"ListItem\",\"position\":1,\"name\":\"Home\",\"item\":\"https:\\\/\\\/www.advancedentalcostarica.com\\\/es\\\/\"},{\"@type\":\"ListItem\",\"position\":2,\"name\":\"Nuestra Cl\u00ednica\"}]},{\"@type\":\"WebSite\",\"@id\":\"https:\\\/\\\/advancedentalcostarica.com\\\/#website\",\"url\":\"https:\\\/\\\/advancedentalcostarica.com\\\/\",\"name\":\"Advance Dental Costa Rica\",\"description\":\"Dental Costs in Costa Rica - Procedures Prices\",\"potentialAction\":[{\"@type\":\"SearchAction\",\"target\":{\"@type\":\"EntryPoint\",\"urlTemplate\":\"https:\\\/\\\/advancedentalcostarica.com\\\/?s={search_term_string}\"},\"query-input\":{\"@type\":\"PropertyValueSpecification\",\"valueRequired\":true,\"valueName\":\"search_term_string\"}}],\"inLanguage\":\"es-CR\"}]}<\/script>\n<!-- \/ Yoast SEO plugin. -->","yoast_head_json":{"title":"Nuestra Cl\u00ednica - Advance Dental Costa Rica","robots":{"index":"index","follow":"follow","max-snippet":"max-snippet:-1","max-image-preview":"max-image-preview:large","max-video-preview":"max-video-preview:-1"},"canonical":"https:\/\/www.advancedentalcostarica.com\/our-clinic\/","og_locale":"es_ES","og_type":"article","og_title":"Nuestra Cl\u00ednica - Advance Dental Costa Rica","og_description":"[vc_row][vc_column][vc_column_text] Video grabado en Mayo 2019 [\/vc_column_text][vc_column_text]Advance Dental Costa Rica est\u00e1 ubicada en el Hospital CIMA, uno de los hospitales privados con mayor prestigio en el pa\u00eds y en la regi\u00f3n, que adem\u00e1s cuenta con la aprobaci\u00f3n del Joint Commission International, lo que lo hace un hospital de gran reconocimiento a nivel internacional. Nuestra meta...","og_url":"https:\/\/www.advancedentalcostarica.com\/our-clinic\/","og_site_name":"Advance Dental Costa Rica","article_modified_time":"2021-01-13T21:57:54+00:00","twitter_misc":{"Est. reading time":"2 minutos"},"schema":{"@context":"https:\/\/schema.org","@graph":[{"@type":"WebPage","@id":"https:\/\/www.advancedentalcostarica.com\/our-clinic\/","url":"https:\/\/www.advancedentalcostarica.com\/our-clinic\/","name":"Nuestra Cl\u00ednica - Advance Dental Costa Rica","isPartOf":{"@id":"https:\/\/advancedentalcostarica.com\/#website"},"datePublished":"2016-09-17T20:14:18+00:00","dateModified":"2021-01-13T21:57:54+00:00","breadcrumb":{"@id":"https:\/\/www.advancedentalcostarica.com\/our-clinic\/#breadcrumb"},"inLanguage":"es-CR","potentialAction":[{"@type":"ReadAction","target":["https:\/\/www.advancedentalcostarica.com\/our-clinic\/"]}]},{"@type":"BreadcrumbList","@id":"https:\/\/www.advancedentalcostarica.com\/our-clinic\/#breadcrumb","itemListElement":[{"@type":"ListItem","position":1,"name":"Home","item":"https:\/\/www.advancedentalcostarica.com\/es\/"},{"@type":"ListItem","position":2,"name":"Nuestra Cl\u00ednica"}]},{"@type":"WebSite","@id":"https:\/\/advancedentalcostarica.com\/#website","url":"https:\/\/advancedentalcostarica.com\/","name":"Advance Dental Costa Rica","description":"Dental Costs in Costa Rica - Procedures Prices","potentialAction":[{"@type":"SearchAction","target":{"@type":"EntryPoint","urlTemplate":"https:\/\/advancedentalcostarica.com\/?s={search_term_string}"},"query-input":{"@type":"PropertyValueSpecification","valueRequired":true,"valueName":"search_term_string"}}],"inLanguage":"es-CR"}]}},"_links":{"self":[{"href":"https:\/\/www.advancedentalcostarica.com\/es\/wp-json\/wp\/v2\/pages\/8473","targetHints":{"allow":["GET"]}}],"collection":[{"href":"https:\/\/www.advancedentalcostarica.com\/es\/wp-json\/wp\/v2\/pages"}],"about":[{"href":"https:\/\/www.advancedentalcostarica.com\/es\/wp-json\/wp\/v2\/types\/page"}],"author":[{"embeddable":true,"href":"https:\/\/www.advancedentalcostarica.com\/es\/wp-json\/wp\/v2\/users\/1"}],"replies":[{"embeddable":true,"href":"https:\/\/www.advancedentalcostarica.com\/es\/wp-json\/wp\/v2\/comments?post=8473"}],"version-history":[{"count":8,"href":"https:\/\/www.advancedentalcostarica.com\/es\/wp-json\/wp\/v2\/pages\/8473\/revisions"}],"predecessor-version":[{"id":11196,"href":"https:\/\/www.advancedentalcostarica.com\/es\/wp-json\/wp\/v2\/pages\/8473\/revisions\/11196"}],"wp:attachment":[{"href":"https:\/\/www.advancedentalcostarica.com\/es\/wp-json\/wp\/v2\/media?parent=8473"}],"curies":[{"name":"wp","href":"https:\/\/api.w.org\/{rel}","templated":true}]}}