{"id":8468,"date":"2013-03-22T13:30:37","date_gmt":"2013-03-22T13:30:37","guid":{"rendered":"http:\/\/cosmeticdentistcostarica.com\/es\/about-us\/"},"modified":"2021-01-13T21:14:06","modified_gmt":"2021-01-13T21:14:06","slug":"dr-eugenio-brenes","status":"publish","type":"page","link":"https:\/\/www.advancedentalcostarica.com\/es\/dr-eugenio-brenes\/","title":{"rendered":"Dr. Eugenio Brenes"},"content":{"rendered":"<div class=\"row \"><div class=\"wpv-grid grid-2-5  wpv-first-level first unextended\" style=\"padding-top:0px;padding-bottom:0px\" id=\"wpv-column-c7eecdee06745a0fa27218f58d56c1ba\" ><p><img loading=\"lazy\" decoding=\"async\" class=\"aligncenter wp-image-8804 size-full\" src=\"https:\/\/advancedentalcostarica.com\/wp-content\/uploads\/2018\/11\/best-dentist-in-costa-rica-dr-eugenio-brenes.jpg\" alt=\"Dr Eugenio Brenes\" width=\"355\" height=\"533\" \/><\/div>\n<div class=\"wpv-grid grid-3-5  wpv-first-level unextended\" style=\"padding-top:0px;padding-bottom:0px\" id=\"wpv-column-222199e9ec8d24d1314da6e99518a020\" >\t\t<h2 class=\"text-divider-double\">\t\t\t\nConozca a Nuestro Director, Dr. Eugenio Brenes <div class=\"push\" style='height:15px'><\/div>\n\t\t<\/h2>\t\t<div class=\"sep\"><\/div>\t\n<p><strong>Dr. Eugenio Brenes<\/strong><br \/>\n<strong> Director de Advance Dental Costa Rica<\/strong><\/p>\n<p>El Dr. Eugenio Brenes es un especialista en Restauraciones Dentales, Pr\u00f3tesis y Est\u00e9tica Dental reconocido por el Colegio de Cirujanos Dentistas de Costa Rica. Realiz\u00f3 su residencia en la Universidad Loma Linda de Los \u00c1ngeles y actualmente es Director de Rehabilitaci\u00f3n y Est\u00e9tica Dental en Advance Dental Costa Rica, ubicado en el Hospital CIMA. Formado en Estados Unidos, realiz\u00f3 una residencia de 4 a\u00f1os en restauraciones dentales y est\u00e9tica dental en la Universidad de Loma Linda en California.<\/p>\n<p>Dr. Eugenio Brenes tambi\u00e9n es miembro de el American College of Prosthodontists y Director del Departamento Dental del Hospital CIMA.<\/p>\n<div class=\"push\" style='height:20px'><\/div> <p class=\"textcenter\"><a href=\"https:\/\/advancedentalcostarica.com\/es\/nuestro-equipo\/\" target=\"_self\" style='font-size: 14px;' class=\"button vamtam-button accent1  button-border hover-accent1 \"><span class=\"btext\">Conozca al equipo de trabajo de Advance Dental Costa Rica\u00a0\u2192<\/span><\/a><\/p><\/div><\/div>\n<div class=\"push\" style='height:15px'><\/div>\n","protected":false},"excerpt":{"rendered":"<p>Dr. Eugenio Brenes Director de Advance Dental Costa Rica El Dr. Eugenio Brenes es un especialista en Restauraciones Dentales, Pr\u00f3tesis y Est\u00e9tica Dental reconocido por el Colegio de Cirujanos Dentistas de Costa Rica. Realiz\u00f3 su residencia en la Universidad Loma Linda de Los \u00c1ngeles y actualmente es Director de Rehabilitaci\u00f3n y Est\u00e9tica Dental en Advance&#8230;<\/p>\n","protected":false},"author":1,"featured_media":0,"parent":0,"menu_order":1,"comment_status":"closed","ping_status":"closed","template":"","meta":{"footnotes":""},"class_list":["post-8468","page","type-page","status-publish"],"yoast_head":"<!-- This site is optimized with the Yoast SEO plugin v26.2 - https:\/\/yoast.com\/wordpress\/plugins\/seo\/ -->\n<title>Dr. Eugenio Brenes - Advance Dental Costa Rica<\/title>\n<meta name=\"robots\" content=\"index, follow, max-snippet:-1, max-image-preview:large, max-video-preview:-1\" \/>\n<link rel=\"canonical\" href=\"https:\/\/www.advancedentalcostarica.com\/about-dr-eugenio-brenes\/\" \/>\n<meta property=\"og:locale\" content=\"es_ES\" \/>\n<meta property=\"og:type\" content=\"article\" \/>\n<meta property=\"og:title\" content=\"Dr. Eugenio Brenes - Advance Dental Costa Rica\" \/>\n<meta property=\"og:description\" content=\"Dr. Eugenio Brenes Director de Advance Dental Costa Rica El Dr. Eugenio Brenes es un especialista en Restauraciones Dentales, Pr\u00f3tesis y Est\u00e9tica Dental reconocido por el Colegio de Cirujanos Dentistas de Costa Rica. Realiz\u00f3 su residencia en la Universidad Loma Linda de Los \u00c1ngeles y actualmente es Director de Rehabilitaci\u00f3n y Est\u00e9tica Dental en Advance...\" \/>\n<meta property=\"og:url\" content=\"https:\/\/www.advancedentalcostarica.com\/about-dr-eugenio-brenes\/\" \/>\n<meta property=\"og:site_name\" content=\"Advance Dental Costa Rica\" \/>\n<meta property=\"article:modified_time\" content=\"2021-01-13T21:14:06+00:00\" \/>\n<meta property=\"og:image\" content=\"https:\/\/advancedentalcostarica.com\/wp-content\/uploads\/2018\/11\/best-dentist-in-costa-rica-dr-eugenio-brenes.jpg\" \/>\n<meta name=\"twitter:label1\" content=\"Est. reading time\" \/>\n\t<meta name=\"twitter:data1\" content=\"1 minuto\" \/>\n<script type=\"application\/ld+json\" class=\"yoast-schema-graph\">{\"@context\":\"https:\/\/schema.org\",\"@graph\":[{\"@type\":\"WebPage\",\"@id\":\"https:\/\/www.advancedentalcostarica.com\/about-dr-eugenio-brenes\/\",\"url\":\"https:\/\/www.advancedentalcostarica.com\/about-dr-eugenio-brenes\/\",\"name\":\"Dr. Eugenio Brenes - Advance Dental Costa Rica\",\"isPartOf\":{\"@id\":\"https:\/\/advancedentalcostarica.com\/#website\"},\"primaryImageOfPage\":{\"@id\":\"https:\/\/www.advancedentalcostarica.com\/about-dr-eugenio-brenes\/#primaryimage\"},\"image\":{\"@id\":\"https:\/\/www.advancedentalcostarica.com\/about-dr-eugenio-brenes\/#primaryimage\"},\"thumbnailUrl\":\"https:\/\/advancedentalcostarica.com\/wp-content\/uploads\/2018\/11\/best-dentist-in-costa-rica-dr-eugenio-brenes.jpg\",\"datePublished\":\"2013-03-22T13:30:37+00:00\",\"dateModified\":\"2021-01-13T21:14:06+00:00\",\"breadcrumb\":{\"@id\":\"https:\/\/www.advancedentalcostarica.com\/about-dr-eugenio-brenes\/#breadcrumb\"},\"inLanguage\":\"es-CR\",\"potentialAction\":[{\"@type\":\"ReadAction\",\"target\":[\"https:\/\/www.advancedentalcostarica.com\/about-dr-eugenio-brenes\/\"]}]},{\"@type\":\"ImageObject\",\"inLanguage\":\"es-CR\",\"@id\":\"https:\/\/www.advancedentalcostarica.com\/about-dr-eugenio-brenes\/#primaryimage\",\"url\":\"https:\/\/advancedentalcostarica.com\/wp-content\/uploads\/2018\/11\/best-dentist-in-costa-rica-dr-eugenio-brenes.jpg\",\"contentUrl\":\"https:\/\/advancedentalcostarica.com\/wp-content\/uploads\/2018\/11\/best-dentist-in-costa-rica-dr-eugenio-brenes.jpg\"},{\"@type\":\"BreadcrumbList\",\"@id\":\"https:\/\/www.advancedentalcostarica.com\/about-dr-eugenio-brenes\/#breadcrumb\",\"itemListElement\":[{\"@type\":\"ListItem\",\"position\":1,\"name\":\"Home\",\"item\":\"https:\/\/www.advancedentalcostarica.com\/es\/\"},{\"@type\":\"ListItem\",\"position\":2,\"name\":\"Dr. Eugenio Brenes\"}]},{\"@type\":\"WebSite\",\"@id\":\"https:\/\/advancedentalcostarica.com\/#website\",\"url\":\"https:\/\/advancedentalcostarica.com\/\",\"name\":\"Advance Dental Costa Rica\",\"description\":\"Dental Costs in Costa Rica - Procedures Prices\",\"potentialAction\":[{\"@type\":\"SearchAction\",\"target\":{\"@type\":\"EntryPoint\",\"urlTemplate\":\"https:\/\/advancedentalcostarica.com\/?s={search_term_string}\"},\"query-input\":{\"@type\":\"PropertyValueSpecification\",\"valueRequired\":true,\"valueName\":\"search_term_string\"}}],\"inLanguage\":\"es-CR\"}]}<\/script>\n<!-- \/ Yoast SEO plugin. -->","yoast_head_json":{"title":"Dr. Eugenio Brenes - Advance Dental Costa Rica","robots":{"index":"index","follow":"follow","max-snippet":"max-snippet:-1","max-image-preview":"max-image-preview:large","max-video-preview":"max-video-preview:-1"},"canonical":"https:\/\/www.advancedentalcostarica.com\/about-dr-eugenio-brenes\/","og_locale":"es_ES","og_type":"article","og_title":"Dr. Eugenio Brenes - Advance Dental Costa Rica","og_description":"Dr. Eugenio Brenes Director de Advance Dental Costa Rica El Dr. Eugenio Brenes es un especialista en Restauraciones Dentales, Pr\u00f3tesis y Est\u00e9tica Dental reconocido por el Colegio de Cirujanos Dentistas de Costa Rica. Realiz\u00f3 su residencia en la Universidad Loma Linda de Los \u00c1ngeles y actualmente es Director de Rehabilitaci\u00f3n y Est\u00e9tica Dental en Advance...","og_url":"https:\/\/www.advancedentalcostarica.com\/about-dr-eugenio-brenes\/","og_site_name":"Advance Dental Costa Rica","article_modified_time":"2021-01-13T21:14:06+00:00","og_image":[{"url":"https:\/\/advancedentalcostarica.com\/wp-content\/uploads\/2018\/11\/best-dentist-in-costa-rica-dr-eugenio-brenes.jpg","type":"","width":"","height":""}],"twitter_misc":{"Est. reading time":"1 minuto"},"schema":{"@context":"https:\/\/schema.org","@graph":[{"@type":"WebPage","@id":"https:\/\/www.advancedentalcostarica.com\/about-dr-eugenio-brenes\/","url":"https:\/\/www.advancedentalcostarica.com\/about-dr-eugenio-brenes\/","name":"Dr. Eugenio Brenes - Advance Dental Costa Rica","isPartOf":{"@id":"https:\/\/advancedentalcostarica.com\/#website"},"primaryImageOfPage":{"@id":"https:\/\/www.advancedentalcostarica.com\/about-dr-eugenio-brenes\/#primaryimage"},"image":{"@id":"https:\/\/www.advancedentalcostarica.com\/about-dr-eugenio-brenes\/#primaryimage"},"thumbnailUrl":"https:\/\/advancedentalcostarica.com\/wp-content\/uploads\/2018\/11\/best-dentist-in-costa-rica-dr-eugenio-brenes.jpg","datePublished":"2013-03-22T13:30:37+00:00","dateModified":"2021-01-13T21:14:06+00:00","breadcrumb":{"@id":"https:\/\/www.advancedentalcostarica.com\/about-dr-eugenio-brenes\/#breadcrumb"},"inLanguage":"es-CR","potentialAction":[{"@type":"ReadAction","target":["https:\/\/www.advancedentalcostarica.com\/about-dr-eugenio-brenes\/"]}]},{"@type":"ImageObject","inLanguage":"es-CR","@id":"https:\/\/www.advancedentalcostarica.com\/about-dr-eugenio-brenes\/#primaryimage","url":"https:\/\/advancedentalcostarica.com\/wp-content\/uploads\/2018\/11\/best-dentist-in-costa-rica-dr-eugenio-brenes.jpg","contentUrl":"https:\/\/advancedentalcostarica.com\/wp-content\/uploads\/2018\/11\/best-dentist-in-costa-rica-dr-eugenio-brenes.jpg"},{"@type":"BreadcrumbList","@id":"https:\/\/www.advancedentalcostarica.com\/about-dr-eugenio-brenes\/#breadcrumb","itemListElement":[{"@type":"ListItem","position":1,"name":"Home","item":"https:\/\/www.advancedentalcostarica.com\/es\/"},{"@type":"ListItem","position":2,"name":"Dr. Eugenio Brenes"}]},{"@type":"WebSite","@id":"https:\/\/advancedentalcostarica.com\/#website","url":"https:\/\/advancedentalcostarica.com\/","name":"Advance Dental Costa Rica","description":"Dental Costs in Costa Rica - Procedures Prices","potentialAction":[{"@type":"SearchAction","target":{"@type":"EntryPoint","urlTemplate":"https:\/\/advancedentalcostarica.com\/?s={search_term_string}"},"query-input":{"@type":"PropertyValueSpecification","valueRequired":true,"valueName":"search_term_string"}}],"inLanguage":"es-CR"}]}},"_links":{"self":[{"href":"https:\/\/www.advancedentalcostarica.com\/es\/wp-json\/wp\/v2\/pages\/8468","targetHints":{"allow":["GET"]}}],"collection":[{"href":"https:\/\/www.advancedentalcostarica.com\/es\/wp-json\/wp\/v2\/pages"}],"about":[{"href":"https:\/\/www.advancedentalcostarica.com\/es\/wp-json\/wp\/v2\/types\/page"}],"author":[{"embeddable":true,"href":"https:\/\/www.advancedentalcostarica.com\/es\/wp-json\/wp\/v2\/users\/1"}],"replies":[{"embeddable":true,"href":"https:\/\/www.advancedentalcostarica.com\/es\/wp-json\/wp\/v2\/comments?post=8468"}],"version-history":[{"count":11,"href":"https:\/\/www.advancedentalcostarica.com\/es\/wp-json\/wp\/v2\/pages\/8468\/revisions"}],"predecessor-version":[{"id":11186,"href":"https:\/\/www.advancedentalcostarica.com\/es\/wp-json\/wp\/v2\/pages\/8468\/revisions\/11186"}],"wp:attachment":[{"href":"https:\/\/www.advancedentalcostarica.com\/es\/wp-json\/wp\/v2\/media?parent=8468"}],"curies":[{"name":"wp","href":"https:\/\/api.w.org\/{rel}","templated":true}]}}