{"id":8445,"date":"2016-09-17T16:50:12","date_gmt":"2016-09-17T16:50:12","guid":{"rendered":"http:\/\/cosmeticdentistcostarica.com\/?page_id=8445&#038;lang=es"},"modified":"2022-03-25T16:50:49","modified_gmt":"2022-03-25T16:50:49","slug":"procedimientos-dentales","status":"publish","type":"page","link":"https:\/\/www.advancedentalcostarica.com\/es\/procedimientos-dentales\/","title":{"rendered":"Procedimientos Dentales en Costa Rica"},"content":{"rendered":"<p>A continuaci\u00f3n encontrar\u00e1\u00a0los diferentes procedimientos dentales que le ofrecemos en Advance Dental Costa Rica. Si desea m\u00e1s informaci\u00f3n acerca de cualquiera de nuestros procedimientos cont\u00e1ctenos <a href=\"https:\/\/advancedentalcostarica.com\/es\/contacto\/\">&#8211; aqu\u00ed-<\/a> :<\/p>\n<div class=\"row \"><div class=\"wpv-grid grid-1-4  wpv-first-level first unextended animation-fade-in animated-active\" style=\"padding-top:0px;padding-bottom:0px\" id=\"wpv-column-fea45cc227900448d0ee6de1b283b6e1\" >\n<div  data-href=\"https:\/\/advancedentalcostarica.com\/es\/resinas\/\" tabindex=\"1\" data-target=\"_self\" class=\"linkarea clearfix accent4  background-transparent\">\n\t\t\t<div class=\"first\"><img decoding=\"async\" src=\"https:\/\/advancedentalcostarica.com\/wp-content\/uploads\/2022\/03\/services-fillings-icon-335x335-1.png\" alt=\"\" \/><\/div>\n\t\t\t\t<div class=\"last\"><h3 style=\"text-align: center;\">Resinas<\/h3>\n<p style=\"text-align: center;\">Luego de un accidente, trauma, caries \u00fa otro trastorno dental, uno de los procedimientos dentales que le podemos recomendar es la restauraci\u00f3n con resina. Estas se realizan cuando una peque\u00f1a parte de su diente necesite ser reconstruido. La resina se aplica sobre el diente, y a la hora de que se fotocure y pule, \u00e9sta adquiere todas las propiedades necesarias para darle a su sonrisa un brillo y aspecto natural.<br \/><\/div>\n\t<\/div><\/div>\n<div class=\"wpv-grid grid-1-4  wpv-first-level unextended animation-fade-in animated-active\" style=\"padding-top:0px;padding-bottom:0px\" id=\"wpv-column-48201ab390966419f0931a46987519d2\" >\n<div  data-href=\"https:\/\/advancedentalcostarica.com\/es\/blanqueamientos-dentales\/\" tabindex=\"1\" data-target=\"_self\" class=\"linkarea clearfix accent4  background-transparent\">\n\t\t\t<div class=\"first\"><img decoding=\"async\" src=\"https:\/\/advancedentalcostarica.com\/wp-content\/uploads\/2022\/03\/services-teeth-whitening-icon-335x335-1.png\" alt=\"\" \/><\/div>\n\t\t\t\t<div class=\"last\"><h3 style=\"text-align: center;\">Blanqueamientos dentales<\/h3>\n<p style=\"text-align: center;\">Tenga la apariencia de una sonrisa m\u00e1s blanca y radiante con un tratamiento de blanqueamiento dental. Le ofrecemos distintas opciones para su blanqueamiento. Es el complemento ideal de una limpieza dental o cuando se van a cambiar restauraciones en su boca.<br \/><\/div>\n\t<\/div><\/div>\n<div class=\"wpv-grid grid-1-4  wpv-first-level unextended animation-fade-in animated-active\" style=\"padding-top:0px;padding-bottom:0px\" id=\"wpv-column-0deba8aabdf43ea693247ee9348c9f5a\" >\n<div  data-href=\"https:\/\/advancedentalcostarica.com\/es\/carillas-de-porcelana\/\" tabindex=\"1\" data-target=\"_self\" class=\"linkarea clearfix accent4  background-transparent\">\n\t\t\t<div class=\"first\"><img decoding=\"async\" src=\"https:\/\/advancedentalcostarica.com\/wp-content\/uploads\/2022\/03\/services-porcelain-veneers-icon-335x335-1.png\" alt=\"\" \/><\/div>\n\t\t\t\t<div class=\"last\"><h3 style=\"text-align: center;\">Carillas de Porcelana<\/h3>\n<p style=\"text-align: center;\">Dele a sus dientes una nueva apariencia, por medio de carillas de porcelana. Este tipo de restauraci\u00f3n cubre los dientes del frente, con un laminado de porcelana que le ayuda al diente a adquirir una nueva apariencia, ya que se cubren las imperfecciones causadas por pigmentaciones (dientes manchados), peque\u00f1as fracturas o cualquier imperfecci\u00f3n peque\u00f1a.<br \/><\/div>\n\t<\/div><\/div>\n<div class=\"wpv-grid grid-1-4  wpv-first-level unextended animation-fade-in animated-active\" style=\"padding-top:0px;padding-bottom:0px\" id=\"wpv-column-05ccd87c096a55c8e187a166f3efb23e\" >\n<div  data-href=\"https:\/\/advancedentalcostarica.com\/es\/implantes-dentales\/\" tabindex=\"1\" data-target=\"_self\" class=\"linkarea clearfix accent4  background-transparent\">\n\t\t\t<div class=\"first\"><img decoding=\"async\" src=\"https:\/\/advancedentalcostarica.com\/wp-content\/uploads\/2022\/03\/services-dental-implants-icon-335x335-1.png\" alt=\"\" \/><\/div>\n\t\t\t\t<div class=\"last\"><h3 style=\"text-align: center;\">Implantes dentales<\/h3>\n<p style=\"text-align: center;\">Son sustitutos artificiales de las ra\u00edces de los dientes naturales. Son restauraciones que se colocan en la boca de modo permanente. Los dientes que se reemplazan son fijados a la parte del implante que brinda soporte. Sirven para soportar pr\u00f3tesis fijas o removibles.<br \/><\/div>\n\t<\/div><\/div><\/div>\n<div class=\"push\" style='height:30px'><\/div>\n<div class=\"row \"><div class=\"wpv-grid grid-1-4  wpv-first-level first unextended animation-fade-in animated-active\" style=\"padding-top:0px;padding-bottom:0px\" id=\"wpv-column-ef1cda36f60d333b9b4166e913d4a025\" >\n<div  data-href=\"https:\/\/advancedentalcostarica.com\/es\/puentes\/\" tabindex=\"1\" data-target=\"_self\" class=\"linkarea clearfix accent4  background-transparent\">\n\t\t\t<div class=\"first\"><img decoding=\"async\" src=\"https:\/\/advancedentalcostarica.com\/wp-content\/uploads\/2022\/03\/services-bridges-icon-335x335-1.png\" alt=\"\" \/><\/div>\n\t\t\t\t<div class=\"last\"><h3 style=\"text-align: center;\">Puentes<\/h3>\n<p style=\"text-align: center;\">Cuando hay uno o m\u00e1s dientes perdidos, un puente puede ser la soluci\u00f3n recomendada. Es una estructura que abarca un espacio en la dentadura, la cual est\u00e1 conectada con dientes existentes a ambos lados. Los dientes perdidos son reemplazados por coronas cementadas a esta estructura y una vez fijados le devuelven a la boca sus funciones y aspecto sano y natural.<br \/><\/div>\n\t<\/div><\/div>\n<div class=\"wpv-grid grid-1-4  wpv-first-level unextended animation-fade-in animated-active\" style=\"padding-top:0px;padding-bottom:0px\" id=\"wpv-column-69b9de0b9642205e1dc28f0a4cfd9815\" >\n<div  data-href=\"https:\/\/advancedentalcostarica.com\/es\/coronas-dentales\/\" tabindex=\"1\" data-target=\"_self\" class=\"linkarea clearfix accent4  background-transparent\">\n\t\t\t<div class=\"first\"><img decoding=\"async\" src=\"https:\/\/advancedentalcostarica.com\/wp-content\/uploads\/2022\/03\/services-dental-crowns-icon-335x335-1.png\" alt=\"\" \/><\/div>\n\t\t\t\t<div class=\"last\"><h3 style=\"text-align: center;\">Coronas Dentales<\/h3>\n<p style=\"text-align: center;\">Este tipo de restauraci\u00f3n se utiliza en dientes que se encuentran con mucha p\u00e9rdida de estructura dental. Un diente muy da\u00f1ado es fortalecido en su totalidad, al cubrirlo con una funda de porcelada. As\u00ed el diente recupera su funcionalidad y belleza natural.<br \/><\/div>\n\t<\/div><\/div>\n<div class=\"wpv-grid grid-1-4  wpv-first-level unextended animation-fade-in animated-active\" style=\"padding-top:0px;padding-bottom:0px\" id=\"wpv-column-1201d436c745d050093ac3e3f132be05\" >\n<div  data-href=\"https:\/\/advancedentalcostarica.com\/es\/protesis-totales\/\" tabindex=\"1\" data-target=\"_self\" class=\"linkarea clearfix accent4  background-transparent\">\n\t\t\t<div class=\"first\"><img decoding=\"async\" src=\"https:\/\/advancedentalcostarica.com\/wp-content\/uploads\/2022\/03\/services-dentures-icon-335x335-1.png\" alt=\"\" \/><\/div>\n\t\t\t\t<div class=\"last\"><h3 style=\"text-align: center;\">Pr\u00f3tesis Totales<\/h3>\n<p style=\"text-align: center;\">Este tipo de restauraciones orales removibles est\u00e1n dise\u00f1adas para personas que por diversos motivos han perdido todas sus piezas dentales, superiores o inferiores o ambas. Con las pr\u00f3tesis totales se renueva la imagen y funcionalidad de la boca. Es empleado tambi\u00e9n en el paso inicial antes de rehabilitaciones fijas totales utilizando implantes.<\/div>\n\t<\/div><\/div>\n<div class=\"wpv-grid grid-1-4  wpv-first-level unextended animation-fade-in animated-active\" style=\"padding-top:0px;padding-bottom:0px\" id=\"wpv-column-8f09f872944c746818a460a21aa68b5e\" >\n<div  data-href=\"https:\/\/advancedentalcostarica.com\/es\/incrustaciones\/\" tabindex=\"1\" data-target=\"_self\" class=\"linkarea clearfix accent4  background-transparent\">\n\t\t\t<div class=\"first\"><img decoding=\"async\" src=\"https:\/\/advancedentalcostarica.com\/wp-content\/uploads\/2022\/03\/services-dental-inlays-onlays-icon-335x335-1.png\" alt=\"\" \/><\/div>\n\t\t\t\t<div class=\"last\"><h3 style=\"text-align: center;\">Incrustaciones<\/h3>\n<p style=\"text-align: center;\">\u00bfTiene calzas negras o de plata y quisiera cambiarlas por algo m\u00e1s est\u00e9tico? \u00bfEst\u00e1 su muela afectada por una caries leve o moderada? \u00bfEst\u00e1 agrietada, fracturada o presenta un da\u00f1o que aun no es tan severo como para requerir una corona dental?<br \/><\/div>\n\t<\/div><\/div><\/div>\n<div class=\"push\" style='height:30px'><\/div>\n<div class=\"row \"><div class=\"wpv-grid grid-1-4  wpv-first-level first unextended animation-fade-in animated-active\" style=\"padding-top:0px;padding-bottom:0px\" id=\"wpv-column-3d14b328457f5abd49660f8b56f8de27\" >\n<div  data-href=\"https:\/\/advancedentalcostarica.com\/es\/rehabilitaciones-orales\/\" tabindex=\"1\" data-target=\"_self\" class=\"linkarea clearfix accent4  background-transparent\">\n\t\t\t<div class=\"first\"><img decoding=\"async\" src=\"https:\/\/advancedentalcostarica.com\/wp-content\/uploads\/2022\/03\/services-full-mouth-rehabilitation-icon-335x335-1.png\" alt=\"\" \/><\/div>\n\t\t\t\t<div class=\"last\"><h3 style=\"text-align: center;\">Rehabilitaciones Orales<\/h3>\n<p style=\"text-align: center;\">Estas son rehabilitaciones complejas en las cuales se involucran todos o casi todos los dientes en la boca. \u00bfCu\u00e1ndo es necesario este tratamiento? Las razones van desde: gran cantidad de coronas y puentes realizados durante varios a\u00f1os, cuyos materiales y colores son distintos, personas con bruximo, o alg\u00fan otro trastorno que haya causado la p\u00e9rdida de la estructura dental.<br \/><\/div>\n\t<\/div><\/div>\n<div class=\"wpv-grid grid-1-4  wpv-first-level unextended animation-fade-in animated-active\" style=\"padding-top:0px;padding-bottom:0px\" id=\"wpv-column-5f574e276f0f320547f77642ab798d97\" >\n<div  data-href=\"https:\/\/advancedentalcostarica.com\/es\/cirugias-orales\/\" tabindex=\"1\" data-target=\"_self\" class=\"linkarea clearfix accent4  background-transparent\">\n\t\t\t<div class=\"first\"><img decoding=\"async\" src=\"https:\/\/advancedentalcostarica.com\/wp-content\/uploads\/2022\/03\/services-oral-surgeries-icon-335x335-1.png\" alt=\"\" \/><\/div>\n\t\t\t\t<div class=\"last\"><h3 style=\"text-align: center;\">Cirug\u00edas Orales<\/h3>\n<p style=\"text-align: center;\">Existe una gran variedad de tratamientos quir\u00fargicos, dise\u00f1ados para diversos objetivos como lo son: mejorar el contorno de las enc\u00edas, poner implantes, remover dientes y de car\u00e1cter exploratorio, entre otros.<br \/><\/div>\n\t<\/div><\/div>\n<div class=\"wpv-grid grid-1-4  wpv-first-level unextended animation-fade-in animated-active\" style=\"padding-top:0px;padding-bottom:0px\" id=\"wpv-column-30a31315faa7fc48c5d467aebfd5ffdd\" >\n<div  data-href=\"https:\/\/advancedentalcostarica.com\/es\/tratamientos-de-nervio\/\" tabindex=\"1\" data-target=\"_self\" class=\"linkarea clearfix accent4  background-transparent\">\n\t\t\t<div class=\"first\"><img decoding=\"async\" src=\"https:\/\/advancedentalcostarica.com\/wp-content\/uploads\/2022\/03\/services-root-canals-icon-335x335-1.png\" alt=\"\" \/><\/div>\n\t\t\t\t<div class=\"last\"><h3 style=\"text-align: center;\">Tratamientos de Nervio<\/h3>\n<p style=\"text-align: center;\">Cuando la vitalidad de un diente se ve comprometida, o sus nervios han sido da\u00f1ados, es necesario un tratamiento de nervio.<br \/><\/div>\n\t<\/div><\/div>\n<div class=\"wpv-grid grid-1-4  wpv-first-level unextended animation-fade-in animated-active\" style=\"padding-top:0px;padding-bottom:0px\" id=\"wpv-column-aa7655aa4e37296dddeb96658d38d325\" >\n<div  data-href=\"https:\/\/advancedentalcostarica.com\/es\/evaluaciones-y-limpiezas\/\" tabindex=\"1\" data-target=\"_self\" class=\"linkarea clearfix accent4  background-transparent\">\n\t\t\t<div class=\"first\"><img decoding=\"async\" src=\"https:\/\/advancedentalcostarica.com\/wp-content\/uploads\/2022\/03\/services-evaluations-cleanings-icon-335x335-1.png\" alt=\"\" \/><\/div>\n\t\t\t\t<div class=\"last\"><h3 style=\"text-align: center;\">Evaluaciones y limpiezas<\/h3>\n<p style=\"text-align: center;\">Evaluaciones y limpiezas<br \/><\/div>\n\t<\/div><\/div><\/div>\n<div class=\"push\" style='height:30px'><\/div>\n<p>Recuerde, si desea m\u00e1s informaci\u00f3n acerca de los diferentes procedimientos dentales que ofrecemos <a href=\"https:\/\/advancedentalcostarica.com\/es\/contacto\/\">&#8211; cont\u00e1ctenos aqu\u00ed &#8211;<\/a> .<\/p>\n","protected":false},"excerpt":{"rendered":"<p>A continuaci\u00f3n encontrar\u00e1\u00a0los diferentes procedimientos dentales que le ofrecemos en Advance Dental Costa Rica. Si desea m\u00e1s informaci\u00f3n acerca de cualquiera de nuestros procedimientos cont\u00e1ctenos &#8211; aqu\u00ed- : Recuerde, si desea m\u00e1s informaci\u00f3n acerca de los diferentes procedimientos dentales que ofrecemos &#8211; cont\u00e1ctenos aqu\u00ed &#8211; .<\/p>\n","protected":false},"author":1,"featured_media":0,"parent":0,"menu_order":0,"comment_status":"closed","ping_status":"closed","template":"","meta":{"footnotes":""},"class_list":["post-8445","page","type-page","status-publish"],"yoast_head":"<!-- This site is optimized with the Yoast SEO plugin v27.4 - https:\/\/yoast.com\/product\/yoast-seo-wordpress\/ -->\n<title>Procedimientos Dentales | Advance Dental Costa Rica<\/title>\n<meta name=\"description\" content=\"Conozca los diferentes procedimientos dentales que ofrece Advance Dental Costa Rica. Nuestra cl\u00ednica dental se encuentra ubicada en Hospital CIMA, Escaz\u00fa.\" \/>\n<meta name=\"robots\" content=\"index, follow, max-snippet:-1, max-image-preview:large, max-video-preview:-1\" \/>\n<link rel=\"canonical\" href=\"https:\/\/www.advancedentalcostarica.com\/costa-rica-dental-procedures\/\" \/>\n<meta property=\"og:locale\" content=\"es_ES\" \/>\n<meta property=\"og:type\" content=\"article\" \/>\n<meta property=\"og:title\" content=\"Procedimientos Dentales | Advance Dental Costa Rica\" \/>\n<meta property=\"og:description\" content=\"Conozca los diferentes procedimientos dentales que ofrece Advance Dental Costa Rica. Nuestra cl\u00ednica dental se encuentra ubicada en Hospital CIMA, Escaz\u00fa.\" \/>\n<meta property=\"og:url\" content=\"https:\/\/www.advancedentalcostarica.com\/costa-rica-dental-procedures\/\" \/>\n<meta property=\"og:site_name\" content=\"Advance Dental Costa Rica\" \/>\n<meta property=\"article:modified_time\" content=\"2022-03-25T16:50:49+00:00\" \/>\n<meta name=\"twitter:label1\" content=\"Est. reading time\" \/>\n\t<meta name=\"twitter:data1\" content=\"6 minutos\" \/>\n<script type=\"application\/ld+json\" class=\"yoast-schema-graph\">{\"@context\":\"https:\\\/\\\/schema.org\",\"@graph\":[{\"@type\":\"WebPage\",\"@id\":\"https:\\\/\\\/www.advancedentalcostarica.com\\\/costa-rica-dental-procedures\\\/\",\"url\":\"https:\\\/\\\/www.advancedentalcostarica.com\\\/costa-rica-dental-procedures\\\/\",\"name\":\"Procedimientos Dentales | Advance Dental Costa Rica\",\"isPartOf\":{\"@id\":\"https:\\\/\\\/advancedentalcostarica.com\\\/#website\"},\"datePublished\":\"2016-09-17T16:50:12+00:00\",\"dateModified\":\"2022-03-25T16:50:49+00:00\",\"description\":\"Conozca los diferentes procedimientos dentales que ofrece Advance Dental Costa Rica. Nuestra cl\u00ednica dental se encuentra ubicada en Hospital CIMA, Escaz\u00fa.\",\"breadcrumb\":{\"@id\":\"https:\\\/\\\/www.advancedentalcostarica.com\\\/costa-rica-dental-procedures\\\/#breadcrumb\"},\"inLanguage\":\"es-CR\",\"potentialAction\":[{\"@type\":\"ReadAction\",\"target\":[\"https:\\\/\\\/www.advancedentalcostarica.com\\\/costa-rica-dental-procedures\\\/\"]}]},{\"@type\":\"BreadcrumbList\",\"@id\":\"https:\\\/\\\/www.advancedentalcostarica.com\\\/costa-rica-dental-procedures\\\/#breadcrumb\",\"itemListElement\":[{\"@type\":\"ListItem\",\"position\":1,\"name\":\"Home\",\"item\":\"https:\\\/\\\/www.advancedentalcostarica.com\\\/es\\\/\"},{\"@type\":\"ListItem\",\"position\":2,\"name\":\"Procedimientos Dentales en Costa Rica\"}]},{\"@type\":\"WebSite\",\"@id\":\"https:\\\/\\\/advancedentalcostarica.com\\\/#website\",\"url\":\"https:\\\/\\\/advancedentalcostarica.com\\\/\",\"name\":\"Advance Dental Costa Rica\",\"description\":\"Dental Costs in Costa Rica - Procedures Prices\",\"potentialAction\":[{\"@type\":\"SearchAction\",\"target\":{\"@type\":\"EntryPoint\",\"urlTemplate\":\"https:\\\/\\\/advancedentalcostarica.com\\\/?s={search_term_string}\"},\"query-input\":{\"@type\":\"PropertyValueSpecification\",\"valueRequired\":true,\"valueName\":\"search_term_string\"}}],\"inLanguage\":\"es-CR\"}]}<\/script>\n<!-- \/ Yoast SEO plugin. -->","yoast_head_json":{"title":"Procedimientos Dentales | Advance Dental Costa Rica","description":"Conozca los diferentes procedimientos dentales que ofrece Advance Dental Costa Rica. Nuestra cl\u00ednica dental se encuentra ubicada en Hospital CIMA, Escaz\u00fa.","robots":{"index":"index","follow":"follow","max-snippet":"max-snippet:-1","max-image-preview":"max-image-preview:large","max-video-preview":"max-video-preview:-1"},"canonical":"https:\/\/www.advancedentalcostarica.com\/costa-rica-dental-procedures\/","og_locale":"es_ES","og_type":"article","og_title":"Procedimientos Dentales | Advance Dental Costa Rica","og_description":"Conozca los diferentes procedimientos dentales que ofrece Advance Dental Costa Rica. Nuestra cl\u00ednica dental se encuentra ubicada en Hospital CIMA, Escaz\u00fa.","og_url":"https:\/\/www.advancedentalcostarica.com\/costa-rica-dental-procedures\/","og_site_name":"Advance Dental Costa Rica","article_modified_time":"2022-03-25T16:50:49+00:00","twitter_misc":{"Est. reading time":"6 minutos"},"schema":{"@context":"https:\/\/schema.org","@graph":[{"@type":"WebPage","@id":"https:\/\/www.advancedentalcostarica.com\/costa-rica-dental-procedures\/","url":"https:\/\/www.advancedentalcostarica.com\/costa-rica-dental-procedures\/","name":"Procedimientos Dentales | Advance Dental Costa Rica","isPartOf":{"@id":"https:\/\/advancedentalcostarica.com\/#website"},"datePublished":"2016-09-17T16:50:12+00:00","dateModified":"2022-03-25T16:50:49+00:00","description":"Conozca los diferentes procedimientos dentales que ofrece Advance Dental Costa Rica. Nuestra cl\u00ednica dental se encuentra ubicada en Hospital CIMA, Escaz\u00fa.","breadcrumb":{"@id":"https:\/\/www.advancedentalcostarica.com\/costa-rica-dental-procedures\/#breadcrumb"},"inLanguage":"es-CR","potentialAction":[{"@type":"ReadAction","target":["https:\/\/www.advancedentalcostarica.com\/costa-rica-dental-procedures\/"]}]},{"@type":"BreadcrumbList","@id":"https:\/\/www.advancedentalcostarica.com\/costa-rica-dental-procedures\/#breadcrumb","itemListElement":[{"@type":"ListItem","position":1,"name":"Home","item":"https:\/\/www.advancedentalcostarica.com\/es\/"},{"@type":"ListItem","position":2,"name":"Procedimientos Dentales en Costa Rica"}]},{"@type":"WebSite","@id":"https:\/\/advancedentalcostarica.com\/#website","url":"https:\/\/advancedentalcostarica.com\/","name":"Advance Dental Costa Rica","description":"Dental Costs in Costa Rica - Procedures Prices","potentialAction":[{"@type":"SearchAction","target":{"@type":"EntryPoint","urlTemplate":"https:\/\/advancedentalcostarica.com\/?s={search_term_string}"},"query-input":{"@type":"PropertyValueSpecification","valueRequired":true,"valueName":"search_term_string"}}],"inLanguage":"es-CR"}]}},"_links":{"self":[{"href":"https:\/\/www.advancedentalcostarica.com\/es\/wp-json\/wp\/v2\/pages\/8445","targetHints":{"allow":["GET"]}}],"collection":[{"href":"https:\/\/www.advancedentalcostarica.com\/es\/wp-json\/wp\/v2\/pages"}],"about":[{"href":"https:\/\/www.advancedentalcostarica.com\/es\/wp-json\/wp\/v2\/types\/page"}],"author":[{"embeddable":true,"href":"https:\/\/www.advancedentalcostarica.com\/es\/wp-json\/wp\/v2\/users\/1"}],"replies":[{"embeddable":true,"href":"https:\/\/www.advancedentalcostarica.com\/es\/wp-json\/wp\/v2\/comments?post=8445"}],"version-history":[{"count":21,"href":"https:\/\/www.advancedentalcostarica.com\/es\/wp-json\/wp\/v2\/pages\/8445\/revisions"}],"predecessor-version":[{"id":12593,"href":"https:\/\/www.advancedentalcostarica.com\/es\/wp-json\/wp\/v2\/pages\/8445\/revisions\/12593"}],"wp:attachment":[{"href":"https:\/\/www.advancedentalcostarica.com\/es\/wp-json\/wp\/v2\/media?parent=8445"}],"curies":[{"name":"wp","href":"https:\/\/api.w.org\/{rel}","templated":true}]}}