{"id":13641,"date":"2024-02-16T11:42:08","date_gmt":"2024-02-16T17:42:08","guid":{"rendered":"https:\/\/advancedentalcostarica.com\/costa-rica-facial-harmonization-and-botox\/"},"modified":"2024-02-16T11:59:59","modified_gmt":"2024-02-16T17:59:59","slug":"armonizacion-facial-y-botox-en-costa-rica","status":"publish","type":"page","link":"https:\/\/www.advancedentalcostarica.com\/es\/armonizacion-facial-y-botox-en-costa-rica\/","title":{"rendered":"Armonizaci\u00f3n Facial y Botox en Costa Rica por Advance Dental"},"content":{"rendered":"<div class=\"wpb-content-wrapper\"><p>[vc_row][vc_column][vc_column_text]La Armonizaci\u00f3n Facial consiste en un conjunto de procedimientos est\u00e9ticos dise\u00f1ados para resaltar la belleza natural y combatir el envejecimiento de la piel, definiendo rasgos y mejorando la simetr\u00eda del rostro.<\/p>\n<p>En Advance Dental Costa Rica contamos con un Especialista en Cirug\u00eda Maxilofacial certificado en la aplicaci\u00f3n de varias t\u00e9cnicas como la colocaci\u00f3n de botox y rellenos de \u00e1cido hialur\u00f3nico, con lo que se logra resaltar y proyectar p\u00f3mulos, ojos y labios para lograr el efecto deseado de una manera no invasiva.<\/p>\n<p>\u00a1Y todo acompa\u00f1ado adem\u00e1s de su gran sonrisa Advance!<\/p>\n<h2>\u00bfC\u00f3mo saber si es para m\u00ed la Amortizaci\u00f3n Facial?<\/h2>\n<p>Lo ideal es agendar una cita de valoraci\u00f3n con nuestro Especialista, quien valorar\u00e1 su necesidades para un perfilamiento facial, de acuerdo a sus rasgos, edad y objetivos deseados.<\/p>\n<p><img loading=\"lazy\" decoding=\"async\" class=\"aligncenter wp-image-13639 size-full\" src=\"https:\/\/advancedentalcostarica.com\/wp-content\/uploads\/2024\/02\/facial-harmonization-and-botox-costa-rica.jpg\" alt=\"Armonizaci\u00f3n Facial y Botox en Costa Rica\" width=\"500\" height=\"334\" srcset=\"https:\/\/www.advancedentalcostarica.com\/wp-content\/uploads\/2024\/02\/facial-harmonization-and-botox-costa-rica.jpg 500w, https:\/\/www.advancedentalcostarica.com\/wp-content\/uploads\/2024\/02\/facial-harmonization-and-botox-costa-rica-300x200.jpg 300w, https:\/\/www.advancedentalcostarica.com\/wp-content\/uploads\/2024\/02\/facial-harmonization-and-botox-costa-rica-360x240.jpg 360w, https:\/\/www.advancedentalcostarica.com\/wp-content\/uploads\/2024\/02\/facial-harmonization-and-botox-costa-rica-262x175.jpg 262w\" sizes=\"auto, (max-width: 500px) 100vw, 500px\" \/><\/p>\n<h2>Botox<\/h2>\n<h3>\u00bfQu\u00e9 es el Botox?<\/h3>\n<p>El Botox es una prote\u00edna purificada derivada de la bacteria Clostridium botulinum. Se ha utilizado durante a\u00f1os en el campo de la cirug\u00eda maxilofacial y la medicina est\u00e9tica para tratar una variedad de condiciones.<\/p>\n<p>Act\u00faa bloqueando temporalmente la comunicaci\u00f3n entre los nervios y los m\u00fasculos, lo que lleva a una relajaci\u00f3n controlada de los m\u00fasculos tratados.<\/p>\n<h4>Tratamiento de Arrugas y L\u00edneas de Expresi\u00f3n:<\/h4>\n<p>Una de las aplicaciones m\u00e1s conocidas del Botox es su uso para reducir la apariencia de arrugas y l\u00edneas de expresi\u00f3n en la frente, entre las cejas y alrededor de los ojos (patas de gallo).<\/p>\n<p>Al relajar los m\u00fasculos responsables de estas arrugas, el Botox puede suavizar la apariencia general de la piel y proporcionar un aspecto m\u00e1s juvenil.<\/p>\n<h4>Asimetr\u00edas Faciales:<\/h4>\n<p>El Botox se puede utilizar para corregir peque\u00f1as asimetr\u00edas faciales. Inyectar Botox en el m\u00fasculo dominante puede ayudar a equilibrar la actividad muscular y mejorar la simetr\u00eda facial.[\/vc_column_text][\/vc_column][\/vc_row]<\/p>\n<\/div>","protected":false},"excerpt":{"rendered":"<p>[vc_row][vc_column][vc_column_text]La Armonizaci\u00f3n Facial consiste en un conjunto de procedimientos est\u00e9ticos dise\u00f1ados para resaltar la belleza natural y combatir el envejecimiento de la piel, definiendo rasgos y mejorando la simetr\u00eda del rostro. En Advance Dental Costa Rica contamos con un Especialista en Cirug\u00eda Maxilofacial certificado en la aplicaci\u00f3n de varias t\u00e9cnicas como la colocaci\u00f3n de botox&#8230;<\/p>\n","protected":false},"author":1,"featured_media":0,"parent":0,"menu_order":1,"comment_status":"closed","ping_status":"closed","template":"","meta":{"footnotes":""},"class_list":["post-13641","page","type-page","status-publish"],"yoast_head":"<!-- This site is optimized with the Yoast SEO plugin v27.4 - https:\/\/yoast.com\/product\/yoast-seo-wordpress\/ -->\n<title>Armonizaci\u00f3n Facial y Botox en Costa Rica | Advance Dental<\/title>\n<meta name=\"description\" content=\"Advance Dental Costa Rica cuenta con m\u00e9dicos certificados especializados en armonizaci\u00f3n facial y Botox. Conozca m\u00e1s sobre nuestros procedimientos.\" \/>\n<meta name=\"robots\" content=\"index, follow, max-snippet:-1, max-image-preview:large, max-video-preview:-1\" \/>\n<link rel=\"canonical\" href=\"https:\/\/www.advancedentalcostarica.com\/costa-rica-facial-harmonization-and-botox\/\" \/>\n<meta property=\"og:locale\" content=\"es_ES\" \/>\n<meta property=\"og:type\" content=\"article\" \/>\n<meta property=\"og:title\" content=\"Armonizaci\u00f3n Facial y Botox en Costa Rica | Advance Dental\" \/>\n<meta property=\"og:description\" content=\"Advance Dental Costa Rica cuenta con m\u00e9dicos certificados especializados en armonizaci\u00f3n facial y Botox. Conozca m\u00e1s sobre nuestros procedimientos.\" \/>\n<meta property=\"og:url\" content=\"https:\/\/www.advancedentalcostarica.com\/costa-rica-facial-harmonization-and-botox\/\" \/>\n<meta property=\"og:site_name\" content=\"Advance Dental Costa Rica\" \/>\n<meta property=\"article:modified_time\" content=\"2024-02-16T17:59:59+00:00\" \/>\n<meta property=\"og:image\" content=\"https:\/\/advancedentalcostarica.com\/wp-content\/uploads\/2024\/02\/facial-harmonization-and-botox-costa-rica.jpg\" \/>\n<meta name=\"twitter:label1\" content=\"Est. reading time\" \/>\n\t<meta name=\"twitter:data1\" content=\"2 minutos\" \/>\n<script type=\"application\/ld+json\" class=\"yoast-schema-graph\">{\"@context\":\"https:\\\/\\\/schema.org\",\"@graph\":[{\"@type\":\"WebPage\",\"@id\":\"https:\\\/\\\/www.advancedentalcostarica.com\\\/costa-rica-facial-harmonization-and-botox\\\/\",\"url\":\"https:\\\/\\\/www.advancedentalcostarica.com\\\/costa-rica-facial-harmonization-and-botox\\\/\",\"name\":\"Armonizaci\u00f3n Facial y Botox en Costa Rica | Advance Dental\",\"isPartOf\":{\"@id\":\"https:\\\/\\\/advancedentalcostarica.com\\\/#website\"},\"primaryImageOfPage\":{\"@id\":\"https:\\\/\\\/www.advancedentalcostarica.com\\\/costa-rica-facial-harmonization-and-botox\\\/#primaryimage\"},\"image\":{\"@id\":\"https:\\\/\\\/www.advancedentalcostarica.com\\\/costa-rica-facial-harmonization-and-botox\\\/#primaryimage\"},\"thumbnailUrl\":\"https:\\\/\\\/advancedentalcostarica.com\\\/wp-content\\\/uploads\\\/2024\\\/02\\\/facial-harmonization-and-botox-costa-rica.jpg\",\"datePublished\":\"2024-02-16T17:42:08+00:00\",\"dateModified\":\"2024-02-16T17:59:59+00:00\",\"description\":\"Advance Dental Costa Rica cuenta con m\u00e9dicos certificados especializados en armonizaci\u00f3n facial y Botox. Conozca m\u00e1s sobre nuestros procedimientos.\",\"breadcrumb\":{\"@id\":\"https:\\\/\\\/www.advancedentalcostarica.com\\\/costa-rica-facial-harmonization-and-botox\\\/#breadcrumb\"},\"inLanguage\":\"es-CR\",\"potentialAction\":[{\"@type\":\"ReadAction\",\"target\":[\"https:\\\/\\\/www.advancedentalcostarica.com\\\/costa-rica-facial-harmonization-and-botox\\\/\"]}]},{\"@type\":\"ImageObject\",\"inLanguage\":\"es-CR\",\"@id\":\"https:\\\/\\\/www.advancedentalcostarica.com\\\/costa-rica-facial-harmonization-and-botox\\\/#primaryimage\",\"url\":\"https:\\\/\\\/advancedentalcostarica.com\\\/wp-content\\\/uploads\\\/2024\\\/02\\\/facial-harmonization-and-botox-costa-rica.jpg\",\"contentUrl\":\"https:\\\/\\\/advancedentalcostarica.com\\\/wp-content\\\/uploads\\\/2024\\\/02\\\/facial-harmonization-and-botox-costa-rica.jpg\"},{\"@type\":\"BreadcrumbList\",\"@id\":\"https:\\\/\\\/www.advancedentalcostarica.com\\\/costa-rica-facial-harmonization-and-botox\\\/#breadcrumb\",\"itemListElement\":[{\"@type\":\"ListItem\",\"position\":1,\"name\":\"Home\",\"item\":\"https:\\\/\\\/www.advancedentalcostarica.com\\\/es\\\/\"},{\"@type\":\"ListItem\",\"position\":2,\"name\":\"Armonizaci\u00f3n Facial y Botox en Costa Rica por Advance Dental\"}]},{\"@type\":\"WebSite\",\"@id\":\"https:\\\/\\\/advancedentalcostarica.com\\\/#website\",\"url\":\"https:\\\/\\\/advancedentalcostarica.com\\\/\",\"name\":\"Advance Dental Costa Rica\",\"description\":\"Dental Costs in Costa Rica - Procedures Prices\",\"potentialAction\":[{\"@type\":\"SearchAction\",\"target\":{\"@type\":\"EntryPoint\",\"urlTemplate\":\"https:\\\/\\\/advancedentalcostarica.com\\\/?s={search_term_string}\"},\"query-input\":{\"@type\":\"PropertyValueSpecification\",\"valueRequired\":true,\"valueName\":\"search_term_string\"}}],\"inLanguage\":\"es-CR\"}]}<\/script>\n<!-- \/ Yoast SEO plugin. -->","yoast_head_json":{"title":"Armonizaci\u00f3n Facial y Botox en Costa Rica | Advance Dental","description":"Advance Dental Costa Rica cuenta con m\u00e9dicos certificados especializados en armonizaci\u00f3n facial y Botox. Conozca m\u00e1s sobre nuestros procedimientos.","robots":{"index":"index","follow":"follow","max-snippet":"max-snippet:-1","max-image-preview":"max-image-preview:large","max-video-preview":"max-video-preview:-1"},"canonical":"https:\/\/www.advancedentalcostarica.com\/costa-rica-facial-harmonization-and-botox\/","og_locale":"es_ES","og_type":"article","og_title":"Armonizaci\u00f3n Facial y Botox en Costa Rica | Advance Dental","og_description":"Advance Dental Costa Rica cuenta con m\u00e9dicos certificados especializados en armonizaci\u00f3n facial y Botox. Conozca m\u00e1s sobre nuestros procedimientos.","og_url":"https:\/\/www.advancedentalcostarica.com\/costa-rica-facial-harmonization-and-botox\/","og_site_name":"Advance Dental Costa Rica","article_modified_time":"2024-02-16T17:59:59+00:00","og_image":[{"url":"https:\/\/advancedentalcostarica.com\/wp-content\/uploads\/2024\/02\/facial-harmonization-and-botox-costa-rica.jpg","type":"","width":"","height":""}],"twitter_misc":{"Est. reading time":"2 minutos"},"schema":{"@context":"https:\/\/schema.org","@graph":[{"@type":"WebPage","@id":"https:\/\/www.advancedentalcostarica.com\/costa-rica-facial-harmonization-and-botox\/","url":"https:\/\/www.advancedentalcostarica.com\/costa-rica-facial-harmonization-and-botox\/","name":"Armonizaci\u00f3n Facial y Botox en Costa Rica | Advance Dental","isPartOf":{"@id":"https:\/\/advancedentalcostarica.com\/#website"},"primaryImageOfPage":{"@id":"https:\/\/www.advancedentalcostarica.com\/costa-rica-facial-harmonization-and-botox\/#primaryimage"},"image":{"@id":"https:\/\/www.advancedentalcostarica.com\/costa-rica-facial-harmonization-and-botox\/#primaryimage"},"thumbnailUrl":"https:\/\/advancedentalcostarica.com\/wp-content\/uploads\/2024\/02\/facial-harmonization-and-botox-costa-rica.jpg","datePublished":"2024-02-16T17:42:08+00:00","dateModified":"2024-02-16T17:59:59+00:00","description":"Advance Dental Costa Rica cuenta con m\u00e9dicos certificados especializados en armonizaci\u00f3n facial y Botox. Conozca m\u00e1s sobre nuestros procedimientos.","breadcrumb":{"@id":"https:\/\/www.advancedentalcostarica.com\/costa-rica-facial-harmonization-and-botox\/#breadcrumb"},"inLanguage":"es-CR","potentialAction":[{"@type":"ReadAction","target":["https:\/\/www.advancedentalcostarica.com\/costa-rica-facial-harmonization-and-botox\/"]}]},{"@type":"ImageObject","inLanguage":"es-CR","@id":"https:\/\/www.advancedentalcostarica.com\/costa-rica-facial-harmonization-and-botox\/#primaryimage","url":"https:\/\/advancedentalcostarica.com\/wp-content\/uploads\/2024\/02\/facial-harmonization-and-botox-costa-rica.jpg","contentUrl":"https:\/\/advancedentalcostarica.com\/wp-content\/uploads\/2024\/02\/facial-harmonization-and-botox-costa-rica.jpg"},{"@type":"BreadcrumbList","@id":"https:\/\/www.advancedentalcostarica.com\/costa-rica-facial-harmonization-and-botox\/#breadcrumb","itemListElement":[{"@type":"ListItem","position":1,"name":"Home","item":"https:\/\/www.advancedentalcostarica.com\/es\/"},{"@type":"ListItem","position":2,"name":"Armonizaci\u00f3n Facial y Botox en Costa Rica por Advance Dental"}]},{"@type":"WebSite","@id":"https:\/\/advancedentalcostarica.com\/#website","url":"https:\/\/advancedentalcostarica.com\/","name":"Advance Dental Costa Rica","description":"Dental Costs in Costa Rica - Procedures Prices","potentialAction":[{"@type":"SearchAction","target":{"@type":"EntryPoint","urlTemplate":"https:\/\/advancedentalcostarica.com\/?s={search_term_string}"},"query-input":{"@type":"PropertyValueSpecification","valueRequired":true,"valueName":"search_term_string"}}],"inLanguage":"es-CR"}]}},"_links":{"self":[{"href":"https:\/\/www.advancedentalcostarica.com\/es\/wp-json\/wp\/v2\/pages\/13641","targetHints":{"allow":["GET"]}}],"collection":[{"href":"https:\/\/www.advancedentalcostarica.com\/es\/wp-json\/wp\/v2\/pages"}],"about":[{"href":"https:\/\/www.advancedentalcostarica.com\/es\/wp-json\/wp\/v2\/types\/page"}],"author":[{"embeddable":true,"href":"https:\/\/www.advancedentalcostarica.com\/es\/wp-json\/wp\/v2\/users\/1"}],"replies":[{"embeddable":true,"href":"https:\/\/www.advancedentalcostarica.com\/es\/wp-json\/wp\/v2\/comments?post=13641"}],"version-history":[{"count":2,"href":"https:\/\/www.advancedentalcostarica.com\/es\/wp-json\/wp\/v2\/pages\/13641\/revisions"}],"predecessor-version":[{"id":13643,"href":"https:\/\/www.advancedentalcostarica.com\/es\/wp-json\/wp\/v2\/pages\/13641\/revisions\/13643"}],"wp:attachment":[{"href":"https:\/\/www.advancedentalcostarica.com\/es\/wp-json\/wp\/v2\/media?parent=13641"}],"curies":[{"name":"wp","href":"https:\/\/api.w.org\/{rel}","templated":true}]}}