{"id":11338,"date":"2021-01-19T23:07:45","date_gmt":"2021-01-19T23:07:45","guid":{"rendered":"https:\/\/advancedentalcostarica.com\/odontopediatria-costa-rica-copy\/"},"modified":"2021-04-22T23:31:22","modified_gmt":"2021-04-22T23:31:22","slug":"periodoncia-costa-rica","status":"publish","type":"page","link":"https:\/\/www.advancedentalcostarica.com\/es\/periodoncia-costa-rica\/","title":{"rendered":"Periodoncia en Costa Rica"},"content":{"rendered":"<div class=\"wpb-content-wrapper\"><p>[vc_row][vc_column][vc_column_text]<\/p>\n<h2>Qu\u00e9 es un Periodoncista y Cu\u00e1ndo Valorar una Visita Especializada<\/h2>\n<p>&nbsp;<\/p>\n<div class=\"wpv-video-frame\"><iframe loading=\"lazy\" title=\"Periodoncia Costa Rica - Qu\u00e9 es un Periodoncista y Cu\u00e1ndo Valorar una Visita Especializada\" width=\"1260\" height=\"709\" src=\"https:\/\/www.youtube.com\/embed\/LMpq_NpXSBQ?feature=oembed\" frameborder=\"0\" allow=\"accelerometer; autoplay; clipboard-write; encrypted-media; gyroscope; picture-in-picture\" allowfullscreen><\/iframe><\/div>\n<p>Una sonrisa saludable no se alcanza \u00fanicamente cuidando de nuestros dientes, si no que tambi\u00e9n el cuidado apropiado de las enc\u00edas viene a jugar un papel muy importante en nuestra salud bucodental, y en general.<\/p>\n<p><img loading=\"lazy\" decoding=\"async\" class=\"aligncenter size-full wp-image-11340\" src=\"https:\/\/advancedentalcostarica.com\/wp-content\/uploads\/2021\/01\/periodoncia-en-costa-rica-420x274-1.jpg\" alt=\"Periodoncia en Costa Rica\" width=\"420\" height=\"274\" srcset=\"https:\/\/www.advancedentalcostarica.com\/wp-content\/uploads\/2021\/01\/periodoncia-en-costa-rica-420x274-1.jpg 420w, https:\/\/www.advancedentalcostarica.com\/wp-content\/uploads\/2021\/01\/periodoncia-en-costa-rica-420x274-1-300x196.jpg 300w, https:\/\/www.advancedentalcostarica.com\/wp-content\/uploads\/2021\/01\/periodoncia-en-costa-rica-420x274-1-360x235.jpg 360w, https:\/\/www.advancedentalcostarica.com\/wp-content\/uploads\/2021\/01\/periodoncia-en-costa-rica-420x274-1-262x171.jpg 262w\" sizes=\"auto, (max-width: 420px) 100vw, 420px\" \/><\/p>\n<p>Nuestra Especialista en Periodoncia, cuidar\u00e1 de sus enc\u00edas ya sea que sus preocupaciones sean por razones est\u00e9ticas o funcionales.<\/p>\n<p>\u00bfSab\u00eda usted que existe algo como la \u201ccirug\u00eda pl\u00e1stica\u201d de las enc\u00edas? Se trata de un procedimiento adonde se puede mejorar la apariencia de las mismas, ya sea porque el paciente ense\u00f1a muy poca o mucha enc\u00eda al sonre\u00edr. Tambi\u00e9n existen t\u00e9cnicas de avanzada tecnolog\u00eda y t\u00e9cnica, que de una manera m\u00ednimamente invasiva, ofrecen soluciones predecibles y exitosas a nuestros pacientes.<\/p>\n<p>Hay muchos pacientes que presentan sangrado en sus enc\u00edas, o que creen que es normal que las enc\u00edas sangren al cepillarse los dientes. Estas son se\u00f1ales de alarma y es mejor que sea valorado por un Especialista en Periodoncia para descartar un diagn\u00f3stico de gengivitis o alguna enfermedad periodontal.[\/vc_column_text][vc_empty_space height=&#8221;22px&#8221;][vc_column_text]<\/p>\n<h2>Mitos sobre el Cuidado de las Enc\u00edas<\/h2>\n<p>&nbsp;<\/p>\n<div class=\"wpv-video-frame\"><iframe loading=\"lazy\" title=\"Mitos sobre el Cuidado de las Enc\u00edas - Periodoncia Costa Rica\" width=\"1260\" height=\"709\" src=\"https:\/\/www.youtube.com\/embed\/gSbu7aYCpKQ?feature=oembed\" frameborder=\"0\" allow=\"accelerometer; autoplay; clipboard-write; encrypted-media; gyroscope; picture-in-picture\" allowfullscreen><\/iframe><\/div>\n<p>[\/vc_column_text][vc_empty_space height=&#8221;22px&#8221;][vc_column_text]<\/p>\n<h2>En qu\u00e9 consiste la Valoraci\u00f3n Periodontal y Recomendaciones al Paciente<\/h2>\n<p>&nbsp;<\/p>\n<div class=\"wpv-video-frame\"><iframe loading=\"lazy\" title=\"En qu\u00e9 Consiste la Valoraci\u00f3n Periodontal y Recomendaciones al Paciente - Periodoncia Costa Rica\" width=\"1260\" height=\"709\" src=\"https:\/\/www.youtube.com\/embed\/9bgxxlSBMKo?feature=oembed\" frameborder=\"0\" allow=\"accelerometer; autoplay; clipboard-write; encrypted-media; gyroscope; picture-in-picture\" allowfullscreen><\/iframe><\/div>\n<p>Art\u00edculo de inter\u00e9s:<\/p>\n<p><a href=\"https:\/\/advancedentalcostarica.com\/es\/que-es-la-tecnica-quirurgica-pinhole\/\">\u00bfQu\u00e9 es la T\u00e9cnica Quir\u00fargica Pinhole?<\/a>[\/vc_column_text][\/vc_column][\/vc_row]<\/p>\n<\/div>","protected":false},"excerpt":{"rendered":"<p>[vc_row][vc_column][vc_column_text] Qu\u00e9 es un Periodoncista y Cu\u00e1ndo Valorar una Visita Especializada &nbsp; Una sonrisa saludable no se alcanza \u00fanicamente cuidando de nuestros dientes, si no que tambi\u00e9n el cuidado apropiado de las enc\u00edas viene a jugar un papel muy importante en nuestra salud bucodental, y en general. Nuestra Especialista en Periodoncia, cuidar\u00e1 de sus enc\u00edas&#8230;<\/p>\n","protected":false},"author":1,"featured_media":0,"parent":0,"menu_order":0,"comment_status":"closed","ping_status":"closed","template":"","meta":{"footnotes":""},"class_list":["post-11338","page","type-page","status-publish"],"yoast_head":"<!-- This site is optimized with the Yoast SEO plugin v27.4 - https:\/\/yoast.com\/product\/yoast-seo-wordpress\/ -->\n<title>Periodoncia - Advance Dental Costa Rica<\/title>\n<meta name=\"robots\" content=\"index, follow, max-snippet:-1, max-image-preview:large, max-video-preview:-1\" \/>\n<link rel=\"canonical\" href=\"https:\/\/www.advancedentalcostarica.com\/es\/periodoncia-costa-rica\/\" \/>\n<meta property=\"og:locale\" content=\"es_ES\" \/>\n<meta property=\"og:type\" content=\"article\" \/>\n<meta property=\"og:title\" content=\"Periodoncia - Advance Dental Costa Rica\" \/>\n<meta property=\"og:description\" content=\"[vc_row][vc_column][vc_column_text] Qu\u00e9 es un Periodoncista y Cu\u00e1ndo Valorar una Visita Especializada &nbsp; Una sonrisa saludable no se alcanza \u00fanicamente cuidando de nuestros dientes, si no que tambi\u00e9n el cuidado apropiado de las enc\u00edas viene a jugar un papel muy importante en nuestra salud bucodental, y en general. Nuestra Especialista en Periodoncia, cuidar\u00e1 de sus enc\u00edas...\" \/>\n<meta property=\"og:url\" content=\"https:\/\/www.advancedentalcostarica.com\/es\/periodoncia-costa-rica\/\" \/>\n<meta property=\"og:site_name\" content=\"Advance Dental Costa Rica\" \/>\n<meta property=\"article:modified_time\" content=\"2021-04-22T23:31:22+00:00\" \/>\n<meta property=\"og:image\" content=\"https:\/\/advancedentalcostarica.com\/wp-content\/uploads\/2021\/01\/periodoncia-en-costa-rica-420x274-1.jpg\" \/>\n<meta name=\"twitter:label1\" content=\"Est. reading time\" \/>\n\t<meta name=\"twitter:data1\" content=\"2 minutos\" \/>\n<script type=\"application\/ld+json\" class=\"yoast-schema-graph\">{\"@context\":\"https:\\\/\\\/schema.org\",\"@graph\":[{\"@type\":\"WebPage\",\"@id\":\"https:\\\/\\\/www.advancedentalcostarica.com\\\/es\\\/periodoncia-costa-rica\\\/\",\"url\":\"https:\\\/\\\/www.advancedentalcostarica.com\\\/es\\\/periodoncia-costa-rica\\\/\",\"name\":\"Periodoncia - Advance Dental Costa Rica\",\"isPartOf\":{\"@id\":\"https:\\\/\\\/advancedentalcostarica.com\\\/#website\"},\"primaryImageOfPage\":{\"@id\":\"https:\\\/\\\/www.advancedentalcostarica.com\\\/es\\\/periodoncia-costa-rica\\\/#primaryimage\"},\"image\":{\"@id\":\"https:\\\/\\\/www.advancedentalcostarica.com\\\/es\\\/periodoncia-costa-rica\\\/#primaryimage\"},\"thumbnailUrl\":\"https:\\\/\\\/advancedentalcostarica.com\\\/wp-content\\\/uploads\\\/2021\\\/01\\\/periodoncia-en-costa-rica-420x274-1.jpg\",\"datePublished\":\"2021-01-19T23:07:45+00:00\",\"dateModified\":\"2021-04-22T23:31:22+00:00\",\"breadcrumb\":{\"@id\":\"https:\\\/\\\/www.advancedentalcostarica.com\\\/es\\\/periodoncia-costa-rica\\\/#breadcrumb\"},\"inLanguage\":\"es-CR\",\"potentialAction\":[{\"@type\":\"ReadAction\",\"target\":[\"https:\\\/\\\/www.advancedentalcostarica.com\\\/es\\\/periodoncia-costa-rica\\\/\"]}]},{\"@type\":\"ImageObject\",\"inLanguage\":\"es-CR\",\"@id\":\"https:\\\/\\\/www.advancedentalcostarica.com\\\/es\\\/periodoncia-costa-rica\\\/#primaryimage\",\"url\":\"https:\\\/\\\/advancedentalcostarica.com\\\/wp-content\\\/uploads\\\/2021\\\/01\\\/periodoncia-en-costa-rica-420x274-1.jpg\",\"contentUrl\":\"https:\\\/\\\/advancedentalcostarica.com\\\/wp-content\\\/uploads\\\/2021\\\/01\\\/periodoncia-en-costa-rica-420x274-1.jpg\"},{\"@type\":\"BreadcrumbList\",\"@id\":\"https:\\\/\\\/www.advancedentalcostarica.com\\\/es\\\/periodoncia-costa-rica\\\/#breadcrumb\",\"itemListElement\":[{\"@type\":\"ListItem\",\"position\":1,\"name\":\"Home\",\"item\":\"https:\\\/\\\/www.advancedentalcostarica.com\\\/es\\\/\"},{\"@type\":\"ListItem\",\"position\":2,\"name\":\"Periodoncia en Costa Rica\"}]},{\"@type\":\"WebSite\",\"@id\":\"https:\\\/\\\/advancedentalcostarica.com\\\/#website\",\"url\":\"https:\\\/\\\/advancedentalcostarica.com\\\/\",\"name\":\"Advance Dental Costa Rica\",\"description\":\"Dental Costs in Costa Rica - Procedures Prices\",\"potentialAction\":[{\"@type\":\"SearchAction\",\"target\":{\"@type\":\"EntryPoint\",\"urlTemplate\":\"https:\\\/\\\/advancedentalcostarica.com\\\/?s={search_term_string}\"},\"query-input\":{\"@type\":\"PropertyValueSpecification\",\"valueRequired\":true,\"valueName\":\"search_term_string\"}}],\"inLanguage\":\"es-CR\"}]}<\/script>\n<!-- \/ Yoast SEO plugin. -->","yoast_head_json":{"title":"Periodoncia - Advance Dental Costa Rica","robots":{"index":"index","follow":"follow","max-snippet":"max-snippet:-1","max-image-preview":"max-image-preview:large","max-video-preview":"max-video-preview:-1"},"canonical":"https:\/\/www.advancedentalcostarica.com\/es\/periodoncia-costa-rica\/","og_locale":"es_ES","og_type":"article","og_title":"Periodoncia - Advance Dental Costa Rica","og_description":"[vc_row][vc_column][vc_column_text] Qu\u00e9 es un Periodoncista y Cu\u00e1ndo Valorar una Visita Especializada &nbsp; Una sonrisa saludable no se alcanza \u00fanicamente cuidando de nuestros dientes, si no que tambi\u00e9n el cuidado apropiado de las enc\u00edas viene a jugar un papel muy importante en nuestra salud bucodental, y en general. Nuestra Especialista en Periodoncia, cuidar\u00e1 de sus enc\u00edas...","og_url":"https:\/\/www.advancedentalcostarica.com\/es\/periodoncia-costa-rica\/","og_site_name":"Advance Dental Costa Rica","article_modified_time":"2021-04-22T23:31:22+00:00","og_image":[{"url":"https:\/\/advancedentalcostarica.com\/wp-content\/uploads\/2021\/01\/periodoncia-en-costa-rica-420x274-1.jpg","type":"","width":"","height":""}],"twitter_misc":{"Est. reading time":"2 minutos"},"schema":{"@context":"https:\/\/schema.org","@graph":[{"@type":"WebPage","@id":"https:\/\/www.advancedentalcostarica.com\/es\/periodoncia-costa-rica\/","url":"https:\/\/www.advancedentalcostarica.com\/es\/periodoncia-costa-rica\/","name":"Periodoncia - Advance Dental Costa Rica","isPartOf":{"@id":"https:\/\/advancedentalcostarica.com\/#website"},"primaryImageOfPage":{"@id":"https:\/\/www.advancedentalcostarica.com\/es\/periodoncia-costa-rica\/#primaryimage"},"image":{"@id":"https:\/\/www.advancedentalcostarica.com\/es\/periodoncia-costa-rica\/#primaryimage"},"thumbnailUrl":"https:\/\/advancedentalcostarica.com\/wp-content\/uploads\/2021\/01\/periodoncia-en-costa-rica-420x274-1.jpg","datePublished":"2021-01-19T23:07:45+00:00","dateModified":"2021-04-22T23:31:22+00:00","breadcrumb":{"@id":"https:\/\/www.advancedentalcostarica.com\/es\/periodoncia-costa-rica\/#breadcrumb"},"inLanguage":"es-CR","potentialAction":[{"@type":"ReadAction","target":["https:\/\/www.advancedentalcostarica.com\/es\/periodoncia-costa-rica\/"]}]},{"@type":"ImageObject","inLanguage":"es-CR","@id":"https:\/\/www.advancedentalcostarica.com\/es\/periodoncia-costa-rica\/#primaryimage","url":"https:\/\/advancedentalcostarica.com\/wp-content\/uploads\/2021\/01\/periodoncia-en-costa-rica-420x274-1.jpg","contentUrl":"https:\/\/advancedentalcostarica.com\/wp-content\/uploads\/2021\/01\/periodoncia-en-costa-rica-420x274-1.jpg"},{"@type":"BreadcrumbList","@id":"https:\/\/www.advancedentalcostarica.com\/es\/periodoncia-costa-rica\/#breadcrumb","itemListElement":[{"@type":"ListItem","position":1,"name":"Home","item":"https:\/\/www.advancedentalcostarica.com\/es\/"},{"@type":"ListItem","position":2,"name":"Periodoncia en Costa Rica"}]},{"@type":"WebSite","@id":"https:\/\/advancedentalcostarica.com\/#website","url":"https:\/\/advancedentalcostarica.com\/","name":"Advance Dental Costa Rica","description":"Dental Costs in Costa Rica - Procedures Prices","potentialAction":[{"@type":"SearchAction","target":{"@type":"EntryPoint","urlTemplate":"https:\/\/advancedentalcostarica.com\/?s={search_term_string}"},"query-input":{"@type":"PropertyValueSpecification","valueRequired":true,"valueName":"search_term_string"}}],"inLanguage":"es-CR"}]}},"_links":{"self":[{"href":"https:\/\/www.advancedentalcostarica.com\/es\/wp-json\/wp\/v2\/pages\/11338","targetHints":{"allow":["GET"]}}],"collection":[{"href":"https:\/\/www.advancedentalcostarica.com\/es\/wp-json\/wp\/v2\/pages"}],"about":[{"href":"https:\/\/www.advancedentalcostarica.com\/es\/wp-json\/wp\/v2\/types\/page"}],"author":[{"embeddable":true,"href":"https:\/\/www.advancedentalcostarica.com\/es\/wp-json\/wp\/v2\/users\/1"}],"replies":[{"embeddable":true,"href":"https:\/\/www.advancedentalcostarica.com\/es\/wp-json\/wp\/v2\/comments?post=11338"}],"version-history":[{"count":9,"href":"https:\/\/www.advancedentalcostarica.com\/es\/wp-json\/wp\/v2\/pages\/11338\/revisions"}],"predecessor-version":[{"id":11688,"href":"https:\/\/www.advancedentalcostarica.com\/es\/wp-json\/wp\/v2\/pages\/11338\/revisions\/11688"}],"wp:attachment":[{"href":"https:\/\/www.advancedentalcostarica.com\/es\/wp-json\/wp\/v2\/media?parent=11338"}],"curies":[{"name":"wp","href":"https:\/\/api.w.org\/{rel}","templated":true}]}}