{"id":11331,"date":"2021-01-19T22:58:44","date_gmt":"2021-01-19T22:58:44","guid":{"rendered":"https:\/\/advancedentalcostarica.com\/ortodoncia-sistema-invisalign-copy\/"},"modified":"2021-06-11T15:54:37","modified_gmt":"2021-06-11T15:54:37","slug":"odontopediatria-costa-rica","status":"publish","type":"page","link":"https:\/\/www.advancedentalcostarica.com\/es\/odontopediatria-costa-rica\/","title":{"rendered":"Odontopediatr\u00eda"},"content":{"rendered":"<div class=\"wpb-content-wrapper\"><p>[vc_row][vc_column][vc_column_text]El cuidado de los dientes comienza desde antes de que salga el primero, por eso es que siempre recomendamos traer a nuestros pacientes m\u00e1s peque\u00f1os desde que son beb\u00e9s, ya que nuestra Especialista en Odontopediatra le compartir\u00e1 a los padres de familia tips sobre c\u00f3mo cuidar de las enc\u00edas y c\u00f3mo hacer el proceso de dentici\u00f3n lo m\u00e1s c\u00f3modo posible para ni\u00f1os, y grandes.<\/p>\n<p>Al igual que en adultos, en ni\u00f1os se recomienda una limpieza dental cada 6 meses. Lo mejor que se puede hacer con un ni\u00f1o es traerlos a tratamientos preventivos como limpiezas para no solo evitar mayores problemas dentales en un futuro pero tambi\u00e9n para crear y construir una relaci\u00f3n de confianza con el dentista (y no de miedo como muchos adultos tienen a causa de experiencias traum\u00e1ticas de cuando eran ni\u00f1os).<\/p>\n<p><img loading=\"lazy\" decoding=\"async\" class=\"aligncenter size-full wp-image-11335\" src=\"https:\/\/advancedentalcostarica.com\/wp-content\/uploads\/2021\/01\/odontopediatria-en-costa-rica-420x280-1.jpg\" alt=\"Odontopediatr\u00eda en Costa Rica\" width=\"420\" height=\"280\" srcset=\"https:\/\/www.advancedentalcostarica.com\/wp-content\/uploads\/2021\/01\/odontopediatria-en-costa-rica-420x280-1.jpg 420w, https:\/\/www.advancedentalcostarica.com\/wp-content\/uploads\/2021\/01\/odontopediatria-en-costa-rica-420x280-1-300x200.jpg 300w, https:\/\/www.advancedentalcostarica.com\/wp-content\/uploads\/2021\/01\/odontopediatria-en-costa-rica-420x280-1-360x240.jpg 360w, https:\/\/www.advancedentalcostarica.com\/wp-content\/uploads\/2021\/01\/odontopediatria-en-costa-rica-420x280-1-262x175.jpg 262w\" sizes=\"auto, (max-width: 420px) 100vw, 420px\" \/><\/p>\n<p>Algunos de los servicios dentales que ponemos a disposici\u00f3n de nuestros pacientes son:<\/p>\n<p>\u2022 Limpiezas y Aplicaci\u00f3n de Fluor<br \/>\n\u2022 Resinas<br \/>\n\u2022 Coronas est\u00e9ticas<br \/>\n\u2022 Pulpotom\u00eda<br \/>\n\u2022 Pulpectom\u00eda<br \/>\n\u2022 Extracciones<br \/>\n\u2022 Frenillectom\u00eda lingual<br \/>\n\u2022 Reimplantaci\u00f3n dental<br \/>\n\u2022 Remoci\u00f3n de cuerpo extra\u00f1o<br \/>\n\u2022 Ferulizaci\u00f3n post trauma<\/p>\n<h2>Primera Cita<\/h2>\n<div class=\"wpv-video-frame\"><iframe loading=\"lazy\" title=\"Odontopediatr\u00eda Costa Rica - Primera Cita\" width=\"1260\" height=\"709\" src=\"https:\/\/www.youtube.com\/embed\/opAxUzro0HA?feature=oembed\" frameborder=\"0\" allow=\"accelerometer; autoplay; clipboard-write; encrypted-media; gyroscope; picture-in-picture\" allowfullscreen><\/iframe><\/div>\n<h2>Cepillado<\/h2>\n<div class=\"wpv-video-frame\"><iframe loading=\"lazy\" title=\"Odontopediatr\u00eda Costa Rica - Cepillado\" width=\"1260\" height=\"709\" src=\"https:\/\/www.youtube.com\/embed\/AZuxIsEyXig?feature=oembed\" frameborder=\"0\" allow=\"accelerometer; autoplay; clipboard-write; encrypted-media; gyroscope; picture-in-picture\" allowfullscreen><\/iframe><\/div>\n<p>Si tiene alguna pregunta sobre nuestros procedimientos de Odontopediatr\u00eda, no dude en contactarnos haciendo clic en el siguiente enlace &#8211; <a href=\"https:\/\/advancedentalcostarica.com\/es\/contacto\/\">Cont\u00e1ctenos<\/a> &#8211;<\/p>\n<p>Art\u00edculo de inter\u00e9s:<\/p>\n<p><a href=\"https:\/\/advancedentalcostarica.com\/es\/odontopediatria-la-primer-visita-de-los-ninos-al-dentista\/\">Odontopediatr\u00eda \u2013 La Primer Visita de los Ni\u00f1os al Dentista<\/a>[\/vc_column_text][\/vc_column][\/vc_row]<\/p>\n<\/div>","protected":false},"excerpt":{"rendered":"<p>[vc_row][vc_column][vc_column_text]El cuidado de los dientes comienza desde antes de que salga el primero, por eso es que siempre recomendamos traer a nuestros pacientes m\u00e1s peque\u00f1os desde que son beb\u00e9s, ya que nuestra Especialista en Odontopediatra le compartir\u00e1 a los padres de familia tips sobre c\u00f3mo cuidar de las enc\u00edas y c\u00f3mo hacer el proceso de&#8230;<\/p>\n","protected":false},"author":1,"featured_media":0,"parent":0,"menu_order":0,"comment_status":"closed","ping_status":"closed","template":"","meta":{"footnotes":""},"class_list":["post-11331","page","type-page","status-publish"],"yoast_head":"<!-- This site is optimized with the Yoast SEO plugin v27.4 - https:\/\/yoast.com\/product\/yoast-seo-wordpress\/ -->\n<title>Odontopediatr\u00eda - Advance Dental Costa Rica<\/title>\n<meta name=\"robots\" content=\"index, follow, max-snippet:-1, max-image-preview:large, max-video-preview:-1\" \/>\n<link rel=\"canonical\" href=\"https:\/\/www.advancedentalcostarica.com\/es\/odontopediatria-costa-rica\/\" \/>\n<meta property=\"og:locale\" content=\"es_ES\" \/>\n<meta property=\"og:type\" content=\"article\" \/>\n<meta property=\"og:title\" content=\"Odontopediatr\u00eda - Advance Dental Costa Rica\" \/>\n<meta property=\"og:description\" content=\"[vc_row][vc_column][vc_column_text]El cuidado de los dientes comienza desde antes de que salga el primero, por eso es que siempre recomendamos traer a nuestros pacientes m\u00e1s peque\u00f1os desde que son beb\u00e9s, ya que nuestra Especialista en Odontopediatra le compartir\u00e1 a los padres de familia tips sobre c\u00f3mo cuidar de las enc\u00edas y c\u00f3mo hacer el proceso de...\" \/>\n<meta property=\"og:url\" content=\"https:\/\/www.advancedentalcostarica.com\/es\/odontopediatria-costa-rica\/\" \/>\n<meta property=\"og:site_name\" content=\"Advance Dental Costa Rica\" \/>\n<meta property=\"article:modified_time\" content=\"2021-06-11T15:54:37+00:00\" \/>\n<meta property=\"og:image\" content=\"https:\/\/advancedentalcostarica.com\/wp-content\/uploads\/2021\/01\/odontopediatria-en-costa-rica-420x280-1.jpg\" \/>\n<meta name=\"twitter:label1\" content=\"Est. reading time\" \/>\n\t<meta name=\"twitter:data1\" content=\"2 minutos\" \/>\n<script type=\"application\/ld+json\" class=\"yoast-schema-graph\">{\"@context\":\"https:\\\/\\\/schema.org\",\"@graph\":[{\"@type\":\"WebPage\",\"@id\":\"https:\\\/\\\/www.advancedentalcostarica.com\\\/es\\\/odontopediatria-costa-rica\\\/\",\"url\":\"https:\\\/\\\/www.advancedentalcostarica.com\\\/es\\\/odontopediatria-costa-rica\\\/\",\"name\":\"Odontopediatr\u00eda - Advance Dental Costa Rica\",\"isPartOf\":{\"@id\":\"https:\\\/\\\/advancedentalcostarica.com\\\/#website\"},\"primaryImageOfPage\":{\"@id\":\"https:\\\/\\\/www.advancedentalcostarica.com\\\/es\\\/odontopediatria-costa-rica\\\/#primaryimage\"},\"image\":{\"@id\":\"https:\\\/\\\/www.advancedentalcostarica.com\\\/es\\\/odontopediatria-costa-rica\\\/#primaryimage\"},\"thumbnailUrl\":\"https:\\\/\\\/advancedentalcostarica.com\\\/wp-content\\\/uploads\\\/2021\\\/01\\\/odontopediatria-en-costa-rica-420x280-1.jpg\",\"datePublished\":\"2021-01-19T22:58:44+00:00\",\"dateModified\":\"2021-06-11T15:54:37+00:00\",\"breadcrumb\":{\"@id\":\"https:\\\/\\\/www.advancedentalcostarica.com\\\/es\\\/odontopediatria-costa-rica\\\/#breadcrumb\"},\"inLanguage\":\"es-CR\",\"potentialAction\":[{\"@type\":\"ReadAction\",\"target\":[\"https:\\\/\\\/www.advancedentalcostarica.com\\\/es\\\/odontopediatria-costa-rica\\\/\"]}]},{\"@type\":\"ImageObject\",\"inLanguage\":\"es-CR\",\"@id\":\"https:\\\/\\\/www.advancedentalcostarica.com\\\/es\\\/odontopediatria-costa-rica\\\/#primaryimage\",\"url\":\"https:\\\/\\\/advancedentalcostarica.com\\\/wp-content\\\/uploads\\\/2021\\\/01\\\/odontopediatria-en-costa-rica-420x280-1.jpg\",\"contentUrl\":\"https:\\\/\\\/advancedentalcostarica.com\\\/wp-content\\\/uploads\\\/2021\\\/01\\\/odontopediatria-en-costa-rica-420x280-1.jpg\"},{\"@type\":\"BreadcrumbList\",\"@id\":\"https:\\\/\\\/www.advancedentalcostarica.com\\\/es\\\/odontopediatria-costa-rica\\\/#breadcrumb\",\"itemListElement\":[{\"@type\":\"ListItem\",\"position\":1,\"name\":\"Home\",\"item\":\"https:\\\/\\\/www.advancedentalcostarica.com\\\/es\\\/\"},{\"@type\":\"ListItem\",\"position\":2,\"name\":\"Odontopediatr\u00eda\"}]},{\"@type\":\"WebSite\",\"@id\":\"https:\\\/\\\/advancedentalcostarica.com\\\/#website\",\"url\":\"https:\\\/\\\/advancedentalcostarica.com\\\/\",\"name\":\"Advance Dental Costa Rica\",\"description\":\"Dental Costs in Costa Rica - Procedures Prices\",\"potentialAction\":[{\"@type\":\"SearchAction\",\"target\":{\"@type\":\"EntryPoint\",\"urlTemplate\":\"https:\\\/\\\/advancedentalcostarica.com\\\/?s={search_term_string}\"},\"query-input\":{\"@type\":\"PropertyValueSpecification\",\"valueRequired\":true,\"valueName\":\"search_term_string\"}}],\"inLanguage\":\"es-CR\"}]}<\/script>\n<!-- \/ Yoast SEO plugin. -->","yoast_head_json":{"title":"Odontopediatr\u00eda - Advance Dental Costa Rica","robots":{"index":"index","follow":"follow","max-snippet":"max-snippet:-1","max-image-preview":"max-image-preview:large","max-video-preview":"max-video-preview:-1"},"canonical":"https:\/\/www.advancedentalcostarica.com\/es\/odontopediatria-costa-rica\/","og_locale":"es_ES","og_type":"article","og_title":"Odontopediatr\u00eda - Advance Dental Costa Rica","og_description":"[vc_row][vc_column][vc_column_text]El cuidado de los dientes comienza desde antes de que salga el primero, por eso es que siempre recomendamos traer a nuestros pacientes m\u00e1s peque\u00f1os desde que son beb\u00e9s, ya que nuestra Especialista en Odontopediatra le compartir\u00e1 a los padres de familia tips sobre c\u00f3mo cuidar de las enc\u00edas y c\u00f3mo hacer el proceso de...","og_url":"https:\/\/www.advancedentalcostarica.com\/es\/odontopediatria-costa-rica\/","og_site_name":"Advance Dental Costa Rica","article_modified_time":"2021-06-11T15:54:37+00:00","og_image":[{"url":"https:\/\/advancedentalcostarica.com\/wp-content\/uploads\/2021\/01\/odontopediatria-en-costa-rica-420x280-1.jpg","type":"","width":"","height":""}],"twitter_misc":{"Est. reading time":"2 minutos"},"schema":{"@context":"https:\/\/schema.org","@graph":[{"@type":"WebPage","@id":"https:\/\/www.advancedentalcostarica.com\/es\/odontopediatria-costa-rica\/","url":"https:\/\/www.advancedentalcostarica.com\/es\/odontopediatria-costa-rica\/","name":"Odontopediatr\u00eda - Advance Dental Costa Rica","isPartOf":{"@id":"https:\/\/advancedentalcostarica.com\/#website"},"primaryImageOfPage":{"@id":"https:\/\/www.advancedentalcostarica.com\/es\/odontopediatria-costa-rica\/#primaryimage"},"image":{"@id":"https:\/\/www.advancedentalcostarica.com\/es\/odontopediatria-costa-rica\/#primaryimage"},"thumbnailUrl":"https:\/\/advancedentalcostarica.com\/wp-content\/uploads\/2021\/01\/odontopediatria-en-costa-rica-420x280-1.jpg","datePublished":"2021-01-19T22:58:44+00:00","dateModified":"2021-06-11T15:54:37+00:00","breadcrumb":{"@id":"https:\/\/www.advancedentalcostarica.com\/es\/odontopediatria-costa-rica\/#breadcrumb"},"inLanguage":"es-CR","potentialAction":[{"@type":"ReadAction","target":["https:\/\/www.advancedentalcostarica.com\/es\/odontopediatria-costa-rica\/"]}]},{"@type":"ImageObject","inLanguage":"es-CR","@id":"https:\/\/www.advancedentalcostarica.com\/es\/odontopediatria-costa-rica\/#primaryimage","url":"https:\/\/advancedentalcostarica.com\/wp-content\/uploads\/2021\/01\/odontopediatria-en-costa-rica-420x280-1.jpg","contentUrl":"https:\/\/advancedentalcostarica.com\/wp-content\/uploads\/2021\/01\/odontopediatria-en-costa-rica-420x280-1.jpg"},{"@type":"BreadcrumbList","@id":"https:\/\/www.advancedentalcostarica.com\/es\/odontopediatria-costa-rica\/#breadcrumb","itemListElement":[{"@type":"ListItem","position":1,"name":"Home","item":"https:\/\/www.advancedentalcostarica.com\/es\/"},{"@type":"ListItem","position":2,"name":"Odontopediatr\u00eda"}]},{"@type":"WebSite","@id":"https:\/\/advancedentalcostarica.com\/#website","url":"https:\/\/advancedentalcostarica.com\/","name":"Advance Dental Costa Rica","description":"Dental Costs in Costa Rica - Procedures Prices","potentialAction":[{"@type":"SearchAction","target":{"@type":"EntryPoint","urlTemplate":"https:\/\/advancedentalcostarica.com\/?s={search_term_string}"},"query-input":{"@type":"PropertyValueSpecification","valueRequired":true,"valueName":"search_term_string"}}],"inLanguage":"es-CR"}]}},"_links":{"self":[{"href":"https:\/\/www.advancedentalcostarica.com\/es\/wp-json\/wp\/v2\/pages\/11331","targetHints":{"allow":["GET"]}}],"collection":[{"href":"https:\/\/www.advancedentalcostarica.com\/es\/wp-json\/wp\/v2\/pages"}],"about":[{"href":"https:\/\/www.advancedentalcostarica.com\/es\/wp-json\/wp\/v2\/types\/page"}],"author":[{"embeddable":true,"href":"https:\/\/www.advancedentalcostarica.com\/es\/wp-json\/wp\/v2\/users\/1"}],"replies":[{"embeddable":true,"href":"https:\/\/www.advancedentalcostarica.com\/es\/wp-json\/wp\/v2\/comments?post=11331"}],"version-history":[{"count":4,"href":"https:\/\/www.advancedentalcostarica.com\/es\/wp-json\/wp\/v2\/pages\/11331\/revisions"}],"predecessor-version":[{"id":11807,"href":"https:\/\/www.advancedentalcostarica.com\/es\/wp-json\/wp\/v2\/pages\/11331\/revisions\/11807"}],"wp:attachment":[{"href":"https:\/\/www.advancedentalcostarica.com\/es\/wp-json\/wp\/v2\/media?parent=11331"}],"curies":[{"name":"wp","href":"https:\/\/api.w.org\/{rel}","templated":true}]}}