{"id":11322,"date":"2021-01-19T22:24:34","date_gmt":"2021-01-19T22:24:34","guid":{"rendered":"https:\/\/advancedentalcostarica.com\/implantes-dentales-tipo-all-on-4-all-on-6-y-all-on-8-copy\/"},"modified":"2021-01-19T22:55:37","modified_gmt":"2021-01-19T22:55:37","slug":"ortodoncia-sistema-invisalign","status":"publish","type":"page","link":"https:\/\/www.advancedentalcostarica.com\/es\/ortodoncia-sistema-invisalign\/","title":{"rendered":"Ortodoncia"},"content":{"rendered":"<div class=\"wpb-content-wrapper\"><p>[vc_row][vc_column][vc_column_text]En Advance Dental ofrecemos la Especialidad de Ortodoncia y toda la amplia gama de posibilidades que ella ofrece para solucionar tanto en adultos, como en j\u00f3venes y ni\u00f1os, problemas de alineaci\u00f3n y maloclusi\u00f3n de dientes y mordida, siendo \u00e9stos los los m\u00e1s comunes, entre otros.<\/p>\n<p><img loading=\"lazy\" decoding=\"async\" class=\"aligncenter size-full wp-image-11324\" src=\"https:\/\/advancedentalcostarica.com\/wp-content\/uploads\/2021\/01\/ortodoncia-invisalign-costa-rica-420x280-1.jpg\" alt=\"Ortodoncia Sistema Invisalign en Costa Rica\" width=\"420\" height=\"280\" srcset=\"https:\/\/www.advancedentalcostarica.com\/wp-content\/uploads\/2021\/01\/ortodoncia-invisalign-costa-rica-420x280-1.jpg 420w, https:\/\/www.advancedentalcostarica.com\/wp-content\/uploads\/2021\/01\/ortodoncia-invisalign-costa-rica-420x280-1-300x200.jpg 300w, https:\/\/www.advancedentalcostarica.com\/wp-content\/uploads\/2021\/01\/ortodoncia-invisalign-costa-rica-420x280-1-360x240.jpg 360w, https:\/\/www.advancedentalcostarica.com\/wp-content\/uploads\/2021\/01\/ortodoncia-invisalign-costa-rica-420x280-1-262x175.jpg 262w\" sizes=\"auto, (max-width: 420px) 100vw, 420px\" \/><\/p>\n<p>\u2022 Ortodoncia con brackets (frenillos)<br \/>\n\u2022 Ortodoncia lingual<br \/>\n\u2022 Invisalign<\/p>\n<h2>Invisalign<\/h2>\n<p>INVISALIGN es el sistema de Ortodoncia que se est\u00e1 convirtiendo r\u00e1pidamente en el preferido en el mundo y en Costa Rica por las grandes ventajas que ofrece frente a tratamientos tradicionales como los frenillos.<\/p>\n<p>Son millones de personas las que se han beneficiado de este sistema para alinear sonrisas. Se trata de alineadores invisibles que se usan en la arcada superior, inferior o ambas (dependiendo del paciente y sus necesidades). Los mismos son fabricado con mucha presi\u00f3n, partiendo de un escaneo digital de los dientes del paciente. Luego, se procede a producir los alienadores a la medida, gracias a tecnolog\u00eda 3D y recomendaciones del Ortodoncista. Un set de aline adores se utiliza y se cambia cada 7 d\u00edas en promedio, y es as\u00ed como poco a poco se van realizando los ajustes y movimientos graduales de los dientes hasta lograr el resultado final.<\/p>\n<h3>Algunas de las ventajas de INVISALIGN son:<\/h3>\n<p>\u2022 Discreci\u00f3n con alineadores pr\u00e1cticamente invisibles<br \/>\n\u2022 Se pueden quitar para comer, de manera que no hay cambios en el estilo de vida (ni gustos) del paciente<br \/>\n\u2022 No causan molestias o irritaciones en el labio interior o en la lengua como los brackets<br \/>\n\u2022 Ideal para quienes practican deportes pues no hay riesgo de heridas debido a golpes o accidentes<br \/>\n\u2022 No hay dolor<br \/>\n\u2022 No hay que estar visitando al Ortodoncista para ajustar alambres<br \/>\n\u2022 No se requieren citas de control[\/vc_column_text][\/vc_column][\/vc_row][vc_row][vc_column][vc_column_text]<\/p>\n<div class=\"wpv-video-frame\"><iframe loading=\"lazy\" title=\"Advance Dental INVISALIGN  Scan Digital + ClinCheck\" width=\"1260\" height=\"709\" src=\"https:\/\/www.youtube.com\/embed\/GInAd-Lpd8U?feature=oembed\" frameborder=\"0\" allow=\"accelerometer; autoplay; clipboard-write; encrypted-media; gyroscope; picture-in-picture\" allowfullscreen><\/iframe><\/div>\n<p>[\/vc_column_text][\/vc_column][\/vc_row][vc_row][vc_column][vc_column_text]<\/p>\n<div class=\"wpv-video-frame\"><iframe loading=\"lazy\" title=\"Ortodoncia, Sistema Invisalign, Costa Rica\" width=\"1260\" height=\"709\" src=\"https:\/\/www.youtube.com\/embed\/wyEbR6-NmDQ?feature=oembed\" frameborder=\"0\" allow=\"accelerometer; autoplay; clipboard-write; encrypted-media; gyroscope; picture-in-picture\" allowfullscreen><\/iframe><\/div>\n<p>[\/vc_column_text][\/vc_column][\/vc_row][vc_row][vc_column][vc_column_text]Si tiene alguna pregunta sobre nuestros procedimientos de ortodoncia e Invisalign, no dude en contactarnos haciendo clic en el siguiente enlace &#8211; <a href=\"https:\/\/advancedentalcostarica.com\/es\/contacto\/\">Cont\u00e1ctenos<\/a> -[\/vc_column_text][\/vc_column][\/vc_row]<\/p>\n<\/div>","protected":false},"excerpt":{"rendered":"<p>[vc_row][vc_column][vc_column_text]En Advance Dental ofrecemos la Especialidad de Ortodoncia y toda la amplia gama de posibilidades que ella ofrece para solucionar tanto en adultos, como en j\u00f3venes y ni\u00f1os, problemas de alineaci\u00f3n y maloclusi\u00f3n de dientes y mordida, siendo \u00e9stos los los m\u00e1s comunes, entre otros. \u2022 Ortodoncia con brackets (frenillos) \u2022 Ortodoncia lingual \u2022 Invisalign&#8230;<\/p>\n","protected":false},"author":1,"featured_media":0,"parent":0,"menu_order":0,"comment_status":"closed","ping_status":"closed","template":"","meta":{"footnotes":""},"class_list":["post-11322","page","type-page","status-publish"],"yoast_head":"<!-- This site is optimized with the Yoast SEO plugin v27.4 - https:\/\/yoast.com\/product\/yoast-seo-wordpress\/ -->\n<title>Ortodoncia | Sistema Invisalign - Advance Dental Costa Rica<\/title>\n<meta name=\"robots\" content=\"index, follow, max-snippet:-1, max-image-preview:large, max-video-preview:-1\" \/>\n<link rel=\"canonical\" href=\"https:\/\/www.advancedentalcostarica.com\/es\/ortodoncia-sistema-invisalign\/\" \/>\n<meta property=\"og:locale\" content=\"es_ES\" \/>\n<meta property=\"og:type\" content=\"article\" \/>\n<meta property=\"og:title\" content=\"Ortodoncia | Sistema Invisalign - Advance Dental Costa Rica\" \/>\n<meta property=\"og:description\" content=\"[vc_row][vc_column][vc_column_text]En Advance Dental ofrecemos la Especialidad de Ortodoncia y toda la amplia gama de posibilidades que ella ofrece para solucionar tanto en adultos, como en j\u00f3venes y ni\u00f1os, problemas de alineaci\u00f3n y maloclusi\u00f3n de dientes y mordida, siendo \u00e9stos los los m\u00e1s comunes, entre otros. \u2022 Ortodoncia con brackets (frenillos) \u2022 Ortodoncia lingual \u2022 Invisalign...\" \/>\n<meta property=\"og:url\" content=\"https:\/\/www.advancedentalcostarica.com\/es\/ortodoncia-sistema-invisalign\/\" \/>\n<meta property=\"og:site_name\" content=\"Advance Dental Costa Rica\" \/>\n<meta property=\"article:modified_time\" content=\"2021-01-19T22:55:37+00:00\" \/>\n<meta property=\"og:image\" content=\"https:\/\/advancedentalcostarica.com\/wp-content\/uploads\/2021\/01\/ortodoncia-invisalign-costa-rica-420x280-1.jpg\" \/>\n<meta name=\"twitter:label1\" content=\"Est. reading time\" \/>\n\t<meta name=\"twitter:data1\" content=\"2 minutos\" \/>\n<script type=\"application\/ld+json\" class=\"yoast-schema-graph\">{\"@context\":\"https:\\\/\\\/schema.org\",\"@graph\":[{\"@type\":\"WebPage\",\"@id\":\"https:\\\/\\\/www.advancedentalcostarica.com\\\/es\\\/ortodoncia-sistema-invisalign\\\/\",\"url\":\"https:\\\/\\\/www.advancedentalcostarica.com\\\/es\\\/ortodoncia-sistema-invisalign\\\/\",\"name\":\"Ortodoncia | Sistema Invisalign - Advance Dental Costa Rica\",\"isPartOf\":{\"@id\":\"https:\\\/\\\/advancedentalcostarica.com\\\/#website\"},\"primaryImageOfPage\":{\"@id\":\"https:\\\/\\\/www.advancedentalcostarica.com\\\/es\\\/ortodoncia-sistema-invisalign\\\/#primaryimage\"},\"image\":{\"@id\":\"https:\\\/\\\/www.advancedentalcostarica.com\\\/es\\\/ortodoncia-sistema-invisalign\\\/#primaryimage\"},\"thumbnailUrl\":\"https:\\\/\\\/advancedentalcostarica.com\\\/wp-content\\\/uploads\\\/2021\\\/01\\\/ortodoncia-invisalign-costa-rica-420x280-1.jpg\",\"datePublished\":\"2021-01-19T22:24:34+00:00\",\"dateModified\":\"2021-01-19T22:55:37+00:00\",\"breadcrumb\":{\"@id\":\"https:\\\/\\\/www.advancedentalcostarica.com\\\/es\\\/ortodoncia-sistema-invisalign\\\/#breadcrumb\"},\"inLanguage\":\"es-CR\",\"potentialAction\":[{\"@type\":\"ReadAction\",\"target\":[\"https:\\\/\\\/www.advancedentalcostarica.com\\\/es\\\/ortodoncia-sistema-invisalign\\\/\"]}]},{\"@type\":\"ImageObject\",\"inLanguage\":\"es-CR\",\"@id\":\"https:\\\/\\\/www.advancedentalcostarica.com\\\/es\\\/ortodoncia-sistema-invisalign\\\/#primaryimage\",\"url\":\"https:\\\/\\\/advancedentalcostarica.com\\\/wp-content\\\/uploads\\\/2021\\\/01\\\/ortodoncia-invisalign-costa-rica-420x280-1.jpg\",\"contentUrl\":\"https:\\\/\\\/advancedentalcostarica.com\\\/wp-content\\\/uploads\\\/2021\\\/01\\\/ortodoncia-invisalign-costa-rica-420x280-1.jpg\"},{\"@type\":\"BreadcrumbList\",\"@id\":\"https:\\\/\\\/www.advancedentalcostarica.com\\\/es\\\/ortodoncia-sistema-invisalign\\\/#breadcrumb\",\"itemListElement\":[{\"@type\":\"ListItem\",\"position\":1,\"name\":\"Home\",\"item\":\"https:\\\/\\\/www.advancedentalcostarica.com\\\/es\\\/\"},{\"@type\":\"ListItem\",\"position\":2,\"name\":\"Ortodoncia\"}]},{\"@type\":\"WebSite\",\"@id\":\"https:\\\/\\\/advancedentalcostarica.com\\\/#website\",\"url\":\"https:\\\/\\\/advancedentalcostarica.com\\\/\",\"name\":\"Advance Dental Costa Rica\",\"description\":\"Dental Costs in Costa Rica - Procedures Prices\",\"potentialAction\":[{\"@type\":\"SearchAction\",\"target\":{\"@type\":\"EntryPoint\",\"urlTemplate\":\"https:\\\/\\\/advancedentalcostarica.com\\\/?s={search_term_string}\"},\"query-input\":{\"@type\":\"PropertyValueSpecification\",\"valueRequired\":true,\"valueName\":\"search_term_string\"}}],\"inLanguage\":\"es-CR\"}]}<\/script>\n<!-- \/ Yoast SEO plugin. -->","yoast_head_json":{"title":"Ortodoncia | Sistema Invisalign - Advance Dental Costa Rica","robots":{"index":"index","follow":"follow","max-snippet":"max-snippet:-1","max-image-preview":"max-image-preview:large","max-video-preview":"max-video-preview:-1"},"canonical":"https:\/\/www.advancedentalcostarica.com\/es\/ortodoncia-sistema-invisalign\/","og_locale":"es_ES","og_type":"article","og_title":"Ortodoncia | Sistema Invisalign - Advance Dental Costa Rica","og_description":"[vc_row][vc_column][vc_column_text]En Advance Dental ofrecemos la Especialidad de Ortodoncia y toda la amplia gama de posibilidades que ella ofrece para solucionar tanto en adultos, como en j\u00f3venes y ni\u00f1os, problemas de alineaci\u00f3n y maloclusi\u00f3n de dientes y mordida, siendo \u00e9stos los los m\u00e1s comunes, entre otros. \u2022 Ortodoncia con brackets (frenillos) \u2022 Ortodoncia lingual \u2022 Invisalign...","og_url":"https:\/\/www.advancedentalcostarica.com\/es\/ortodoncia-sistema-invisalign\/","og_site_name":"Advance Dental Costa Rica","article_modified_time":"2021-01-19T22:55:37+00:00","og_image":[{"url":"https:\/\/advancedentalcostarica.com\/wp-content\/uploads\/2021\/01\/ortodoncia-invisalign-costa-rica-420x280-1.jpg","type":"","width":"","height":""}],"twitter_misc":{"Est. reading time":"2 minutos"},"schema":{"@context":"https:\/\/schema.org","@graph":[{"@type":"WebPage","@id":"https:\/\/www.advancedentalcostarica.com\/es\/ortodoncia-sistema-invisalign\/","url":"https:\/\/www.advancedentalcostarica.com\/es\/ortodoncia-sistema-invisalign\/","name":"Ortodoncia | Sistema Invisalign - Advance Dental Costa Rica","isPartOf":{"@id":"https:\/\/advancedentalcostarica.com\/#website"},"primaryImageOfPage":{"@id":"https:\/\/www.advancedentalcostarica.com\/es\/ortodoncia-sistema-invisalign\/#primaryimage"},"image":{"@id":"https:\/\/www.advancedentalcostarica.com\/es\/ortodoncia-sistema-invisalign\/#primaryimage"},"thumbnailUrl":"https:\/\/advancedentalcostarica.com\/wp-content\/uploads\/2021\/01\/ortodoncia-invisalign-costa-rica-420x280-1.jpg","datePublished":"2021-01-19T22:24:34+00:00","dateModified":"2021-01-19T22:55:37+00:00","breadcrumb":{"@id":"https:\/\/www.advancedentalcostarica.com\/es\/ortodoncia-sistema-invisalign\/#breadcrumb"},"inLanguage":"es-CR","potentialAction":[{"@type":"ReadAction","target":["https:\/\/www.advancedentalcostarica.com\/es\/ortodoncia-sistema-invisalign\/"]}]},{"@type":"ImageObject","inLanguage":"es-CR","@id":"https:\/\/www.advancedentalcostarica.com\/es\/ortodoncia-sistema-invisalign\/#primaryimage","url":"https:\/\/advancedentalcostarica.com\/wp-content\/uploads\/2021\/01\/ortodoncia-invisalign-costa-rica-420x280-1.jpg","contentUrl":"https:\/\/advancedentalcostarica.com\/wp-content\/uploads\/2021\/01\/ortodoncia-invisalign-costa-rica-420x280-1.jpg"},{"@type":"BreadcrumbList","@id":"https:\/\/www.advancedentalcostarica.com\/es\/ortodoncia-sistema-invisalign\/#breadcrumb","itemListElement":[{"@type":"ListItem","position":1,"name":"Home","item":"https:\/\/www.advancedentalcostarica.com\/es\/"},{"@type":"ListItem","position":2,"name":"Ortodoncia"}]},{"@type":"WebSite","@id":"https:\/\/advancedentalcostarica.com\/#website","url":"https:\/\/advancedentalcostarica.com\/","name":"Advance Dental Costa Rica","description":"Dental Costs in Costa Rica - Procedures Prices","potentialAction":[{"@type":"SearchAction","target":{"@type":"EntryPoint","urlTemplate":"https:\/\/advancedentalcostarica.com\/?s={search_term_string}"},"query-input":{"@type":"PropertyValueSpecification","valueRequired":true,"valueName":"search_term_string"}}],"inLanguage":"es-CR"}]}},"_links":{"self":[{"href":"https:\/\/www.advancedentalcostarica.com\/es\/wp-json\/wp\/v2\/pages\/11322","targetHints":{"allow":["GET"]}}],"collection":[{"href":"https:\/\/www.advancedentalcostarica.com\/es\/wp-json\/wp\/v2\/pages"}],"about":[{"href":"https:\/\/www.advancedentalcostarica.com\/es\/wp-json\/wp\/v2\/types\/page"}],"author":[{"embeddable":true,"href":"https:\/\/www.advancedentalcostarica.com\/es\/wp-json\/wp\/v2\/users\/1"}],"replies":[{"embeddable":true,"href":"https:\/\/www.advancedentalcostarica.com\/es\/wp-json\/wp\/v2\/comments?post=11322"}],"version-history":[{"count":6,"href":"https:\/\/www.advancedentalcostarica.com\/es\/wp-json\/wp\/v2\/pages\/11322\/revisions"}],"predecessor-version":[{"id":11330,"href":"https:\/\/www.advancedentalcostarica.com\/es\/wp-json\/wp\/v2\/pages\/11322\/revisions\/11330"}],"wp:attachment":[{"href":"https:\/\/www.advancedentalcostarica.com\/es\/wp-json\/wp\/v2\/media?parent=11322"}],"curies":[{"name":"wp","href":"https:\/\/api.w.org\/{rel}","templated":true}]}}